{"id":39522,"date":"2023-08-31T17:28:38","date_gmt":"2023-08-31T21:28:38","guid":{"rendered":"https:\/\/pro.dermalogica.ca\/salon-services-pro\/"},"modified":"2025-03-19T09:38:08","modified_gmt":"2025-03-19T13:38:08","slug":"salon-services-pro","status":"publish","type":"page","link":"https:\/\/pro.dermalogica.ca\/fr\/salon-services-pro\/","title":{"rendered":"salon services pro"},"content":{"rendered":"","protected":false},"excerpt":{"rendered":"","protected":false},"author":1,"featured_media":39030,"parent":0,"menu_order":15,"comment_status":"closed","ping_status":"closed","template":"flexible-content.php","meta":{"_acf_changed":false,"inline_featured_image":false,"footnotes":""},"class_list":["post-39522","page","type-page","status-publish","has-post-thumbnail","hentry"],"acf":[],"yoast_head":"<!-- This site is optimized with the Yoast SEO plugin v24.3 - https:\/\/yoast.com\/wordpress\/plugins\/seo\/ -->\n<title>dermalogica pro + salon services pro<\/title>\n<meta name=\"description\" content=\"Dermalogica Pro pr\u00e9sent\u00e9 \u00e0 Salon Services Pro\" \/>\n<meta name=\"robots\" content=\"index, follow, max-snippet:-1, max-image-preview:large, max-video-preview:-1\" \/>\n<link rel=\"canonical\" href=\"https:\/\/pro.dermalogica.ca\/fr\/salon-services-pro\/\" \/>\n<meta property=\"og:locale\" content=\"fr_FR\" \/>\n<meta property=\"og:type\" content=\"article\" \/>\n<meta property=\"og:title\" content=\"Pro Power Eye Peel\" \/>\n<meta property=\"og:description\" content=\"Sp\u00e9cialement con\u00e7u pour traiter le contour des yeux et les pattes d&#039;oie, notre nouveau Pro Power Eye Peel est un patch concentr\u00e9 pour les yeux qui exfolie et hydrate en une seule \u00e9tape.\" \/>\n<meta property=\"og:url\" content=\"https:\/\/pro.dermalogica.ca\/fr\/salon-services-pro\/\" \/>\n<meta property=\"og:site_name\" content=\"Dermalogica Canada PRO\" \/>\n<meta property=\"article:modified_time\" content=\"2025-03-19T13:38:08+00:00\" \/>\n<meta property=\"og:image\" content=\"https:\/\/pro.dermalogica.ca\/wp-content\/uploads\/2021\/02\/eye-scaled.jpg\" \/>\n<meta name=\"twitter:card\" content=\"summary_large_image\" \/>\n<meta name=\"twitter:title\" content=\"Pro Power Eye Peel\" \/>\n<meta name=\"twitter:description\" content=\"Sp\u00e9cialement con\u00e7u pour traiter le contour des yeux et les pattes d&#039;oie, notre nouveau Pro Power Eye Peel est un patch concentr\u00e9 pour les yeux qui exfolie et hydrate en une seule \u00e9tape.\" \/>\n<meta name=\"twitter:image\" content=\"https:\/\/pro.dermalogica.ca\/wp-content\/uploads\/2021\/02\/eye-scaled.jpg\" \/>\n<script type=\"application\/ld+json\" class=\"yoast-schema-graph\">{\"@context\":\"https:\/\/schema.org\",\"@graph\":[{\"@type\":\"WebPage\",\"@id\":\"https:\/\/pro.dermalogica.ca\/fr\/salon-services-pro\/\",\"url\":\"https:\/\/pro.dermalogica.ca\/fr\/salon-services-pro\/\",\"name\":\"dermalogica pro + salon services pro\",\"isPartOf\":{\"@id\":\"https:\/\/pro.dermalogica.ca\/#website\"},\"primaryImageOfPage\":{\"@id\":\"https:\/\/pro.dermalogica.ca\/fr\/salon-services-pro\/#primaryimage\"},\"image\":{\"@id\":\"https:\/\/pro.dermalogica.ca\/fr\/salon-services-pro\/#primaryimage\"},\"thumbnailUrl\":\"https:\/\/pro.dermalogica.ca\/wp-content\/uploads\/2023\/06\/MicrosoftTeams-image-22-1-scaled.jpg\",\"datePublished\":\"2023-08-31T21:28:38+00:00\",\"dateModified\":\"2025-03-19T13:38:08+00:00\",\"description\":\"Dermalogica Pro pr\u00e9sent\u00e9 \u00e0 Salon Services Pro\",\"breadcrumb\":{\"@id\":\"https:\/\/pro.dermalogica.ca\/fr\/salon-services-pro\/#breadcrumb\"},\"inLanguage\":\"fr-FR\",\"potentialAction\":[{\"@type\":\"ReadAction\",\"target\":[\"https:\/\/pro.dermalogica.ca\/fr\/salon-services-pro\/\"]}]},{\"@type\":\"ImageObject\",\"inLanguage\":\"fr-FR\",\"@id\":\"https:\/\/pro.dermalogica.ca\/fr\/salon-services-pro\/#primaryimage\",\"url\":\"https:\/\/pro.dermalogica.ca\/wp-content\/uploads\/2023\/06\/MicrosoftTeams-image-22-1-scaled.jpg\",\"contentUrl\":\"https:\/\/pro.dermalogica.ca\/wp-content\/uploads\/2023\/06\/MicrosoftTeams-image-22-1-scaled.jpg\",\"width\":2560,\"height\":1707},{\"@type\":\"BreadcrumbList\",\"@id\":\"https:\/\/pro.dermalogica.ca\/fr\/salon-services-pro\/#breadcrumb\",\"itemListElement\":[{\"@type\":\"ListItem\",\"position\":1,\"name\":\"Home\",\"item\":\"https:\/\/pro.dermalogica.ca\/fr\/homepage-march-2026\/\"},{\"@type\":\"ListItem\",\"position\":2,\"name\":\"salon services pro\"}]},{\"@type\":\"WebSite\",\"@id\":\"https:\/\/pro.dermalogica.ca\/#website\",\"url\":\"https:\/\/pro.dermalogica.ca\/\",\"name\":\"Dermalogica Canada PRO\",\"description\":\"Expertise brand with professional-grade products and skin treatments rooted in education\",\"publisher\":{\"@id\":\"https:\/\/pro.dermalogica.ca\/#organization\"},\"potentialAction\":[{\"@type\":\"SearchAction\",\"target\":{\"@type\":\"EntryPoint\",\"urlTemplate\":\"https:\/\/pro.dermalogica.ca\/?s={search_term_string}\"},\"query-input\":{\"@type\":\"PropertyValueSpecification\",\"valueRequired\":true,\"valueName\":\"search_term_string\"}}],\"inLanguage\":\"fr-FR\"},{\"@type\":\"Organization\",\"@id\":\"https:\/\/pro.dermalogica.ca\/#organization\",\"name\":\"Dermalogica\",\"url\":\"https:\/\/pro.dermalogica.ca\/\",\"logo\":{\"@type\":\"ImageObject\",\"inLanguage\":\"fr-FR\",\"@id\":\"https:\/\/pro.dermalogica.ca\/#\/schema\/logo\/image\/\",\"url\":\"https:\/\/pro.dermalogica.ca\/wp-content\/uploads\/2021\/02\/dermalogica-logo_215x25.png\",\"contentUrl\":\"https:\/\/pro.dermalogica.ca\/wp-content\/uploads\/2021\/02\/dermalogica-logo_215x25.png\",\"width\":214,\"height\":25,\"caption\":\"Dermalogica\"},\"image\":{\"@id\":\"https:\/\/pro.dermalogica.ca\/#\/schema\/logo\/image\/\"}}]}<\/script>\n<!-- \/ Yoast SEO plugin. -->","yoast_head_json":{"title":"dermalogica pro + salon services pro","description":"Dermalogica Pro pr\u00e9sent\u00e9 \u00e0 Salon Services Pro","robots":{"index":"index","follow":"follow","max-snippet":"max-snippet:-1","max-image-preview":"max-image-preview:large","max-video-preview":"max-video-preview:-1"},"canonical":"https:\/\/pro.dermalogica.ca\/fr\/salon-services-pro\/","og_locale":"fr_FR","og_type":"article","og_title":"Pro Power Eye Peel","og_description":"Sp\u00e9cialement con\u00e7u pour traiter le contour des yeux et les pattes d'oie, notre nouveau Pro Power Eye Peel est un patch concentr\u00e9 pour les yeux qui exfolie et hydrate en une seule \u00e9tape.","og_url":"https:\/\/pro.dermalogica.ca\/fr\/salon-services-pro\/","og_site_name":"Dermalogica Canada PRO","article_modified_time":"2025-03-19T13:38:08+00:00","og_image":[{"url":"https:\/\/pro.dermalogica.ca\/wp-content\/uploads\/2021\/02\/eye-scaled.jpg","type":"","width":"","height":""}],"twitter_card":"summary_large_image","twitter_title":"Pro Power Eye Peel","twitter_description":"Sp\u00e9cialement con\u00e7u pour traiter le contour des yeux et les pattes d'oie, notre nouveau Pro Power Eye Peel est un patch concentr\u00e9 pour les yeux qui exfolie et hydrate en une seule \u00e9tape.","twitter_image":"https:\/\/pro.dermalogica.ca\/wp-content\/uploads\/2021\/02\/eye-scaled.jpg","schema":{"@context":"https:\/\/schema.org","@graph":[{"@type":"WebPage","@id":"https:\/\/pro.dermalogica.ca\/fr\/salon-services-pro\/","url":"https:\/\/pro.dermalogica.ca\/fr\/salon-services-pro\/","name":"dermalogica pro + salon services pro","isPartOf":{"@id":"https:\/\/pro.dermalogica.ca\/#website"},"primaryImageOfPage":{"@id":"https:\/\/pro.dermalogica.ca\/fr\/salon-services-pro\/#primaryimage"},"image":{"@id":"https:\/\/pro.dermalogica.ca\/fr\/salon-services-pro\/#primaryimage"},"thumbnailUrl":"https:\/\/pro.dermalogica.ca\/wp-content\/uploads\/2023\/06\/MicrosoftTeams-image-22-1-scaled.jpg","datePublished":"2023-08-31T21:28:38+00:00","dateModified":"2025-03-19T13:38:08+00:00","description":"Dermalogica Pro pr\u00e9sent\u00e9 \u00e0 Salon Services Pro","breadcrumb":{"@id":"https:\/\/pro.dermalogica.ca\/fr\/salon-services-pro\/#breadcrumb"},"inLanguage":"fr-FR","potentialAction":[{"@type":"ReadAction","target":["https:\/\/pro.dermalogica.ca\/fr\/salon-services-pro\/"]}]},{"@type":"ImageObject","inLanguage":"fr-FR","@id":"https:\/\/pro.dermalogica.ca\/fr\/salon-services-pro\/#primaryimage","url":"https:\/\/pro.dermalogica.ca\/wp-content\/uploads\/2023\/06\/MicrosoftTeams-image-22-1-scaled.jpg","contentUrl":"https:\/\/pro.dermalogica.ca\/wp-content\/uploads\/2023\/06\/MicrosoftTeams-image-22-1-scaled.jpg","width":2560,"height":1707},{"@type":"BreadcrumbList","@id":"https:\/\/pro.dermalogica.ca\/fr\/salon-services-pro\/#breadcrumb","itemListElement":[{"@type":"ListItem","position":1,"name":"Home","item":"https:\/\/pro.dermalogica.ca\/fr\/homepage-march-2026\/"},{"@type":"ListItem","position":2,"name":"salon services pro"}]},{"@type":"WebSite","@id":"https:\/\/pro.dermalogica.ca\/#website","url":"https:\/\/pro.dermalogica.ca\/","name":"Dermalogica Canada PRO","description":"Expertise brand with professional-grade products and skin treatments rooted in education","publisher":{"@id":"https:\/\/pro.dermalogica.ca\/#organization"},"potentialAction":[{"@type":"SearchAction","target":{"@type":"EntryPoint","urlTemplate":"https:\/\/pro.dermalogica.ca\/?s={search_term_string}"},"query-input":{"@type":"PropertyValueSpecification","valueRequired":true,"valueName":"search_term_string"}}],"inLanguage":"fr-FR"},{"@type":"Organization","@id":"https:\/\/pro.dermalogica.ca\/#organization","name":"Dermalogica","url":"https:\/\/pro.dermalogica.ca\/","logo":{"@type":"ImageObject","inLanguage":"fr-FR","@id":"https:\/\/pro.dermalogica.ca\/#\/schema\/logo\/image\/","url":"https:\/\/pro.dermalogica.ca\/wp-content\/uploads\/2021\/02\/dermalogica-logo_215x25.png","contentUrl":"https:\/\/pro.dermalogica.ca\/wp-content\/uploads\/2021\/02\/dermalogica-logo_215x25.png","width":214,"height":25,"caption":"Dermalogica"},"image":{"@id":"https:\/\/pro.dermalogica.ca\/#\/schema\/logo\/image\/"}}]}},"_links":{"self":[{"href":"https:\/\/pro.dermalogica.ca\/fr\/wp-json\/wp\/v2\/pages\/39522","targetHints":{"allow":["GET"]}}],"collection":[{"href":"https:\/\/pro.dermalogica.ca\/fr\/wp-json\/wp\/v2\/pages"}],"about":[{"href":"https:\/\/pro.dermalogica.ca\/fr\/wp-json\/wp\/v2\/types\/page"}],"author":[{"embeddable":true,"href":"https:\/\/pro.dermalogica.ca\/fr\/wp-json\/wp\/v2\/users\/1"}],"replies":[{"embeddable":true,"href":"https:\/\/pro.dermalogica.ca\/fr\/wp-json\/wp\/v2\/comments?post=39522"}],"version-history":[{"count":0,"href":"https:\/\/pro.dermalogica.ca\/fr\/wp-json\/wp\/v2\/pages\/39522\/revisions"}],"wp:featuredmedia":[{"embeddable":true,"href":"https:\/\/pro.dermalogica.ca\/fr\/wp-json\/wp\/v2\/media\/39030"}],"wp:attachment":[{"href":"https:\/\/pro.dermalogica.ca\/fr\/wp-json\/wp\/v2\/media?parent=39522"}],"curies":[{"name":"wp","href":"https:\/\/api.w.org\/{rel}","templated":true}]}}