{"id":39523,"date":"2023-05-31T08:44:16","date_gmt":"2023-05-31T12:44:16","guid":{"rendered":"https:\/\/pro.dermalogica.ca\/career-summit-2023\/"},"modified":"2025-02-20T14:08:43","modified_gmt":"2025-02-20T19:08:43","slug":"career-summit-2023","status":"publish","type":"page","link":"https:\/\/pro.dermalogica.ca\/fr\/career-summit-2023\/","title":{"rendered":"Career Summit 2023"},"content":{"rendered":"","protected":false},"excerpt":{"rendered":"","protected":false},"author":1,"featured_media":38989,"parent":0,"menu_order":22,"comment_status":"closed","ping_status":"closed","template":"flexible-landing.php","meta":{"_acf_changed":false,"inline_featured_image":false,"footnotes":""},"class_list":["post-39523","page","type-page","status-publish","has-post-thumbnail","hentry"],"acf":[],"yoast_head":"<!-- This site is optimized with the Yoast SEO plugin v24.3 - https:\/\/yoast.com\/wordpress\/plugins\/seo\/ -->\n<title>Sommet des carri\u00e8res Dermalogica 2023<\/title>\n<meta name=\"description\" content=\"Lancez votre carri\u00e8re avec le 2023 Dermalogica Career Summit et d\u00e9couvrez comment vous pr\u00e9parer \u00e0 r\u00e9ussir en attendant de passer votre permis, ou d&#039;obtenir votre dipl\u00f4me, et comment aller de l&#039;avant \u00e0 partir de l\u00e0.\" \/>\n<meta name=\"robots\" content=\"index, follow, max-snippet:-1, max-image-preview:large, max-video-preview:-1\" \/>\n<link rel=\"canonical\" href=\"https:\/\/pro.dermalogica.ca\/fr\/career-summit-2023\/\" \/>\n<meta property=\"og:locale\" content=\"fr_FR\" \/>\n<meta property=\"og:type\" content=\"article\" \/>\n<meta property=\"og:title\" content=\"Sommet des carri\u00e8res Dermalogica 2023\" \/>\n<meta property=\"og:description\" content=\"Lancez votre carri\u00e8re avec le 2023 Dermalogica Career Summit et d\u00e9couvrez comment vous pr\u00e9parer \u00e0 r\u00e9ussir en attendant de passer votre permis, ou d&#039;obtenir votre dipl\u00f4me, et comment aller de l&#039;avant \u00e0 partir de l\u00e0.\" \/>\n<meta property=\"og:url\" content=\"https:\/\/pro.dermalogica.ca\/fr\/career-summit-2023\/\" \/>\n<meta property=\"og:site_name\" content=\"Dermalogica Canada PRO\" \/>\n<meta property=\"article:modified_time\" content=\"2025-02-20T19:08:43+00:00\" \/>\n<meta property=\"og:image\" content=\"https:\/\/pro.dermalogica.ca\/wp-content\/uploads\/2023\/05\/20230113-Dermalogia2.0_Essence_Shot_3_1150_-1-scaled.jpg\" \/>\n\t<meta property=\"og:image:width\" content=\"2560\" \/>\n\t<meta property=\"og:image:height\" content=\"1511\" \/>\n\t<meta property=\"og:image:type\" content=\"image\/jpeg\" \/>\n<meta name=\"twitter:card\" content=\"summary_large_image\" \/>\n<script type=\"application\/ld+json\" class=\"yoast-schema-graph\">{\"@context\":\"https:\/\/schema.org\",\"@graph\":[{\"@type\":\"WebPage\",\"@id\":\"https:\/\/pro.dermalogica.ca\/fr\/career-summit-2023\/\",\"url\":\"https:\/\/pro.dermalogica.ca\/fr\/career-summit-2023\/\",\"name\":\"Sommet des carri\u00e8res Dermalogica 2023\",\"isPartOf\":{\"@id\":\"https:\/\/pro.dermalogica.ca\/#website\"},\"primaryImageOfPage\":{\"@id\":\"https:\/\/pro.dermalogica.ca\/fr\/career-summit-2023\/#primaryimage\"},\"image\":{\"@id\":\"https:\/\/pro.dermalogica.ca\/fr\/career-summit-2023\/#primaryimage\"},\"thumbnailUrl\":\"https:\/\/pro.dermalogica.ca\/wp-content\/uploads\/2023\/05\/20230113-Dermalogia2.0_Essence_Shot_3_1150_-1-scaled.jpg\",\"datePublished\":\"2023-05-31T12:44:16+00:00\",\"dateModified\":\"2025-02-20T19:08:43+00:00\",\"description\":\"Lancez votre carri\u00e8re avec le 2023 Dermalogica Career Summit et d\u00e9couvrez comment vous pr\u00e9parer \u00e0 r\u00e9ussir en attendant de passer votre permis, ou d'obtenir votre dipl\u00f4me, et comment aller de l'avant \u00e0 partir de l\u00e0.\",\"breadcrumb\":{\"@id\":\"https:\/\/pro.dermalogica.ca\/fr\/career-summit-2023\/#breadcrumb\"},\"inLanguage\":\"fr-FR\",\"potentialAction\":[{\"@type\":\"ReadAction\",\"target\":[\"https:\/\/pro.dermalogica.ca\/fr\/career-summit-2023\/\"]}]},{\"@type\":\"ImageObject\",\"inLanguage\":\"fr-FR\",\"@id\":\"https:\/\/pro.dermalogica.ca\/fr\/career-summit-2023\/#primaryimage\",\"url\":\"https:\/\/pro.dermalogica.ca\/wp-content\/uploads\/2023\/05\/20230113-Dermalogia2.0_Essence_Shot_3_1150_-1-scaled.jpg\",\"contentUrl\":\"https:\/\/pro.dermalogica.ca\/wp-content\/uploads\/2023\/05\/20230113-Dermalogia2.0_Essence_Shot_3_1150_-1-scaled.jpg\",\"width\":2560,\"height\":1511},{\"@type\":\"BreadcrumbList\",\"@id\":\"https:\/\/pro.dermalogica.ca\/fr\/career-summit-2023\/#breadcrumb\",\"itemListElement\":[{\"@type\":\"ListItem\",\"position\":1,\"name\":\"Home\",\"item\":\"https:\/\/pro.dermalogica.ca\/fr\/homepage-march-2026\/\"},{\"@type\":\"ListItem\",\"position\":2,\"name\":\"Career Summit 2023\"}]},{\"@type\":\"WebSite\",\"@id\":\"https:\/\/pro.dermalogica.ca\/#website\",\"url\":\"https:\/\/pro.dermalogica.ca\/\",\"name\":\"Dermalogica Canada PRO\",\"description\":\"Expertise brand with professional-grade products and skin treatments rooted in education\",\"publisher\":{\"@id\":\"https:\/\/pro.dermalogica.ca\/#organization\"},\"potentialAction\":[{\"@type\":\"SearchAction\",\"target\":{\"@type\":\"EntryPoint\",\"urlTemplate\":\"https:\/\/pro.dermalogica.ca\/?s={search_term_string}\"},\"query-input\":{\"@type\":\"PropertyValueSpecification\",\"valueRequired\":true,\"valueName\":\"search_term_string\"}}],\"inLanguage\":\"fr-FR\"},{\"@type\":\"Organization\",\"@id\":\"https:\/\/pro.dermalogica.ca\/#organization\",\"name\":\"Dermalogica\",\"url\":\"https:\/\/pro.dermalogica.ca\/\",\"logo\":{\"@type\":\"ImageObject\",\"inLanguage\":\"fr-FR\",\"@id\":\"https:\/\/pro.dermalogica.ca\/#\/schema\/logo\/image\/\",\"url\":\"https:\/\/pro.dermalogica.ca\/wp-content\/uploads\/2021\/02\/dermalogica-logo_215x25.png\",\"contentUrl\":\"https:\/\/pro.dermalogica.ca\/wp-content\/uploads\/2021\/02\/dermalogica-logo_215x25.png\",\"width\":214,\"height\":25,\"caption\":\"Dermalogica\"},\"image\":{\"@id\":\"https:\/\/pro.dermalogica.ca\/#\/schema\/logo\/image\/\"}}]}<\/script>\n<!-- \/ Yoast SEO plugin. -->","yoast_head_json":{"title":"Sommet des carri\u00e8res Dermalogica 2023","description":"Lancez votre carri\u00e8re avec le 2023 Dermalogica Career Summit et d\u00e9couvrez comment vous pr\u00e9parer \u00e0 r\u00e9ussir en attendant de passer votre permis, ou d'obtenir votre dipl\u00f4me, et comment aller de l'avant \u00e0 partir de l\u00e0.","robots":{"index":"index","follow":"follow","max-snippet":"max-snippet:-1","max-image-preview":"max-image-preview:large","max-video-preview":"max-video-preview:-1"},"canonical":"https:\/\/pro.dermalogica.ca\/fr\/career-summit-2023\/","og_locale":"fr_FR","og_type":"article","og_title":"Sommet des carri\u00e8res Dermalogica 2023","og_description":"Lancez votre carri\u00e8re avec le 2023 Dermalogica Career Summit et d\u00e9couvrez comment vous pr\u00e9parer \u00e0 r\u00e9ussir en attendant de passer votre permis, ou d'obtenir votre dipl\u00f4me, et comment aller de l'avant \u00e0 partir de l\u00e0.","og_url":"https:\/\/pro.dermalogica.ca\/fr\/career-summit-2023\/","og_site_name":"Dermalogica Canada PRO","article_modified_time":"2025-02-20T19:08:43+00:00","og_image":[{"width":2560,"height":1511,"url":"https:\/\/pro.dermalogica.ca\/wp-content\/uploads\/2023\/05\/20230113-Dermalogia2.0_Essence_Shot_3_1150_-1-scaled.jpg","type":"image\/jpeg"}],"twitter_card":"summary_large_image","schema":{"@context":"https:\/\/schema.org","@graph":[{"@type":"WebPage","@id":"https:\/\/pro.dermalogica.ca\/fr\/career-summit-2023\/","url":"https:\/\/pro.dermalogica.ca\/fr\/career-summit-2023\/","name":"Sommet des carri\u00e8res Dermalogica 2023","isPartOf":{"@id":"https:\/\/pro.dermalogica.ca\/#website"},"primaryImageOfPage":{"@id":"https:\/\/pro.dermalogica.ca\/fr\/career-summit-2023\/#primaryimage"},"image":{"@id":"https:\/\/pro.dermalogica.ca\/fr\/career-summit-2023\/#primaryimage"},"thumbnailUrl":"https:\/\/pro.dermalogica.ca\/wp-content\/uploads\/2023\/05\/20230113-Dermalogia2.0_Essence_Shot_3_1150_-1-scaled.jpg","datePublished":"2023-05-31T12:44:16+00:00","dateModified":"2025-02-20T19:08:43+00:00","description":"Lancez votre carri\u00e8re avec le 2023 Dermalogica Career Summit et d\u00e9couvrez comment vous pr\u00e9parer \u00e0 r\u00e9ussir en attendant de passer votre permis, ou d'obtenir votre dipl\u00f4me, et comment aller de l'avant \u00e0 partir de l\u00e0.","breadcrumb":{"@id":"https:\/\/pro.dermalogica.ca\/fr\/career-summit-2023\/#breadcrumb"},"inLanguage":"fr-FR","potentialAction":[{"@type":"ReadAction","target":["https:\/\/pro.dermalogica.ca\/fr\/career-summit-2023\/"]}]},{"@type":"ImageObject","inLanguage":"fr-FR","@id":"https:\/\/pro.dermalogica.ca\/fr\/career-summit-2023\/#primaryimage","url":"https:\/\/pro.dermalogica.ca\/wp-content\/uploads\/2023\/05\/20230113-Dermalogia2.0_Essence_Shot_3_1150_-1-scaled.jpg","contentUrl":"https:\/\/pro.dermalogica.ca\/wp-content\/uploads\/2023\/05\/20230113-Dermalogia2.0_Essence_Shot_3_1150_-1-scaled.jpg","width":2560,"height":1511},{"@type":"BreadcrumbList","@id":"https:\/\/pro.dermalogica.ca\/fr\/career-summit-2023\/#breadcrumb","itemListElement":[{"@type":"ListItem","position":1,"name":"Home","item":"https:\/\/pro.dermalogica.ca\/fr\/homepage-march-2026\/"},{"@type":"ListItem","position":2,"name":"Career Summit 2023"}]},{"@type":"WebSite","@id":"https:\/\/pro.dermalogica.ca\/#website","url":"https:\/\/pro.dermalogica.ca\/","name":"Dermalogica Canada PRO","description":"Expertise brand with professional-grade products and skin treatments rooted in education","publisher":{"@id":"https:\/\/pro.dermalogica.ca\/#organization"},"potentialAction":[{"@type":"SearchAction","target":{"@type":"EntryPoint","urlTemplate":"https:\/\/pro.dermalogica.ca\/?s={search_term_string}"},"query-input":{"@type":"PropertyValueSpecification","valueRequired":true,"valueName":"search_term_string"}}],"inLanguage":"fr-FR"},{"@type":"Organization","@id":"https:\/\/pro.dermalogica.ca\/#organization","name":"Dermalogica","url":"https:\/\/pro.dermalogica.ca\/","logo":{"@type":"ImageObject","inLanguage":"fr-FR","@id":"https:\/\/pro.dermalogica.ca\/#\/schema\/logo\/image\/","url":"https:\/\/pro.dermalogica.ca\/wp-content\/uploads\/2021\/02\/dermalogica-logo_215x25.png","contentUrl":"https:\/\/pro.dermalogica.ca\/wp-content\/uploads\/2021\/02\/dermalogica-logo_215x25.png","width":214,"height":25,"caption":"Dermalogica"},"image":{"@id":"https:\/\/pro.dermalogica.ca\/#\/schema\/logo\/image\/"}}]}},"_links":{"self":[{"href":"https:\/\/pro.dermalogica.ca\/fr\/wp-json\/wp\/v2\/pages\/39523","targetHints":{"allow":["GET"]}}],"collection":[{"href":"https:\/\/pro.dermalogica.ca\/fr\/wp-json\/wp\/v2\/pages"}],"about":[{"href":"https:\/\/pro.dermalogica.ca\/fr\/wp-json\/wp\/v2\/types\/page"}],"author":[{"embeddable":true,"href":"https:\/\/pro.dermalogica.ca\/fr\/wp-json\/wp\/v2\/users\/1"}],"replies":[{"embeddable":true,"href":"https:\/\/pro.dermalogica.ca\/fr\/wp-json\/wp\/v2\/comments?post=39523"}],"version-history":[{"count":0,"href":"https:\/\/pro.dermalogica.ca\/fr\/wp-json\/wp\/v2\/pages\/39523\/revisions"}],"wp:featuredmedia":[{"embeddable":true,"href":"https:\/\/pro.dermalogica.ca\/fr\/wp-json\/wp\/v2\/media\/38989"}],"wp:attachment":[{"href":"https:\/\/pro.dermalogica.ca\/fr\/wp-json\/wp\/v2\/media?parent=39523"}],"curies":[{"name":"wp","href":"https:\/\/api.w.org\/{rel}","templated":true}]}}