{"id":39525,"date":"2023-05-03T12:49:56","date_gmt":"2023-05-03T16:49:56","guid":{"rendered":"https:\/\/pro.dermalogica.ca\/pst-summit-acne-awareness\/"},"modified":"2025-02-20T14:08:42","modified_gmt":"2025-02-20T19:08:42","slug":"pst-summit-acne-awareness","status":"publish","type":"page","link":"https:\/\/pro.dermalogica.ca\/fr\/pst-summit-acne-awareness\/","title":{"rendered":"PST Summit Acne Awareness"},"content":{"rendered":"","protected":false},"excerpt":{"rendered":"","protected":false},"author":1,"featured_media":38983,"parent":0,"menu_order":22,"comment_status":"closed","ping_status":"closed","template":"flexible-landing.php","meta":{"_acf_changed":false,"inline_featured_image":false,"footnotes":""},"class_list":["post-39525","page","type-page","status-publish","has-post-thumbnail","hentry"],"acf":[],"yoast_head":"<!-- This site is optimized with the Yoast SEO plugin v24.3 - https:\/\/yoast.com\/wordpress\/plugins\/seo\/ -->\n<title>PST Summit Acne Awareness - Dermalogica Canada PRO<\/title>\n<meta name=\"description\" content=\"D\u00e9couvrez la NOUVELLE Cr\u00e8me Oxyg\u00e8ne Phyto Nature de Dermalogica, un hydratant liquide quotidien qui raffermit, lifte et revitalise.\" \/>\n<meta name=\"robots\" content=\"index, follow, max-snippet:-1, max-image-preview:large, max-video-preview:-1\" \/>\n<link rel=\"canonical\" href=\"https:\/\/pro.dermalogica.ca\/fr\/pst-summit-acne-awareness\/\" \/>\n<meta property=\"og:locale\" content=\"fr_FR\" \/>\n<meta property=\"og:type\" content=\"article\" \/>\n<meta property=\"og:title\" content=\"PST Summit Acne Awareness - Dermalogica Canada PRO\" \/>\n<meta property=\"og:description\" content=\"D\u00e9couvrez la NOUVELLE Cr\u00e8me Oxyg\u00e8ne Phyto Nature de Dermalogica, un hydratant liquide quotidien qui raffermit, lifte et revitalise.\" \/>\n<meta property=\"og:url\" content=\"https:\/\/pro.dermalogica.ca\/fr\/pst-summit-acne-awareness\/\" \/>\n<meta property=\"og:site_name\" content=\"Dermalogica Canada PRO\" \/>\n<meta property=\"article:modified_time\" content=\"2025-02-20T19:08:42+00:00\" \/>\n<meta property=\"og:image\" content=\"https:\/\/pro.dermalogica.ca\/wp-content\/uploads\/2023\/04\/1x1-Deep-Acne-Liquid-Patch-Hero-2.jpg\" \/>\n\t<meta property=\"og:image:width\" content=\"1080\" \/>\n\t<meta property=\"og:image:height\" content=\"1350\" \/>\n\t<meta property=\"og:image:type\" content=\"image\/jpeg\" \/>\n<meta name=\"twitter:card\" content=\"summary_large_image\" \/>\n<script type=\"application\/ld+json\" class=\"yoast-schema-graph\">{\"@context\":\"https:\/\/schema.org\",\"@graph\":[{\"@type\":\"WebPage\",\"@id\":\"https:\/\/pro.dermalogica.ca\/fr\/pst-summit-acne-awareness\/\",\"url\":\"https:\/\/pro.dermalogica.ca\/fr\/pst-summit-acne-awareness\/\",\"name\":\"PST Summit Acne Awareness - Dermalogica Canada PRO\",\"isPartOf\":{\"@id\":\"https:\/\/pro.dermalogica.ca\/#website\"},\"primaryImageOfPage\":{\"@id\":\"https:\/\/pro.dermalogica.ca\/fr\/pst-summit-acne-awareness\/#primaryimage\"},\"image\":{\"@id\":\"https:\/\/pro.dermalogica.ca\/fr\/pst-summit-acne-awareness\/#primaryimage\"},\"thumbnailUrl\":\"https:\/\/pro.dermalogica.ca\/wp-content\/uploads\/2023\/04\/1x1-Deep-Acne-Liquid-Patch-Hero-2.jpg\",\"datePublished\":\"2023-05-03T16:49:56+00:00\",\"dateModified\":\"2025-02-20T19:08:42+00:00\",\"description\":\"D\u00e9couvrez la NOUVELLE Cr\u00e8me Oxyg\u00e8ne Phyto Nature de Dermalogica, un hydratant liquide quotidien qui raffermit, lifte et revitalise.\",\"breadcrumb\":{\"@id\":\"https:\/\/pro.dermalogica.ca\/fr\/pst-summit-acne-awareness\/#breadcrumb\"},\"inLanguage\":\"fr-FR\",\"potentialAction\":[{\"@type\":\"ReadAction\",\"target\":[\"https:\/\/pro.dermalogica.ca\/fr\/pst-summit-acne-awareness\/\"]}]},{\"@type\":\"ImageObject\",\"inLanguage\":\"fr-FR\",\"@id\":\"https:\/\/pro.dermalogica.ca\/fr\/pst-summit-acne-awareness\/#primaryimage\",\"url\":\"https:\/\/pro.dermalogica.ca\/wp-content\/uploads\/2023\/04\/1x1-Deep-Acne-Liquid-Patch-Hero-2.jpg\",\"contentUrl\":\"https:\/\/pro.dermalogica.ca\/wp-content\/uploads\/2023\/04\/1x1-Deep-Acne-Liquid-Patch-Hero-2.jpg\",\"width\":1080,\"height\":1350},{\"@type\":\"BreadcrumbList\",\"@id\":\"https:\/\/pro.dermalogica.ca\/fr\/pst-summit-acne-awareness\/#breadcrumb\",\"itemListElement\":[{\"@type\":\"ListItem\",\"position\":1,\"name\":\"Home\",\"item\":\"https:\/\/pro.dermalogica.ca\/fr\/homepage-march-2026\/\"},{\"@type\":\"ListItem\",\"position\":2,\"name\":\"PST Summit Acne Awareness\"}]},{\"@type\":\"WebSite\",\"@id\":\"https:\/\/pro.dermalogica.ca\/#website\",\"url\":\"https:\/\/pro.dermalogica.ca\/\",\"name\":\"Dermalogica Canada PRO\",\"description\":\"Expertise brand with professional-grade products and skin treatments rooted in education\",\"publisher\":{\"@id\":\"https:\/\/pro.dermalogica.ca\/#organization\"},\"potentialAction\":[{\"@type\":\"SearchAction\",\"target\":{\"@type\":\"EntryPoint\",\"urlTemplate\":\"https:\/\/pro.dermalogica.ca\/?s={search_term_string}\"},\"query-input\":{\"@type\":\"PropertyValueSpecification\",\"valueRequired\":true,\"valueName\":\"search_term_string\"}}],\"inLanguage\":\"fr-FR\"},{\"@type\":\"Organization\",\"@id\":\"https:\/\/pro.dermalogica.ca\/#organization\",\"name\":\"Dermalogica\",\"url\":\"https:\/\/pro.dermalogica.ca\/\",\"logo\":{\"@type\":\"ImageObject\",\"inLanguage\":\"fr-FR\",\"@id\":\"https:\/\/pro.dermalogica.ca\/#\/schema\/logo\/image\/\",\"url\":\"https:\/\/pro.dermalogica.ca\/wp-content\/uploads\/2021\/02\/dermalogica-logo_215x25.png\",\"contentUrl\":\"https:\/\/pro.dermalogica.ca\/wp-content\/uploads\/2021\/02\/dermalogica-logo_215x25.png\",\"width\":214,\"height\":25,\"caption\":\"Dermalogica\"},\"image\":{\"@id\":\"https:\/\/pro.dermalogica.ca\/#\/schema\/logo\/image\/\"}}]}<\/script>\n<!-- \/ Yoast SEO plugin. -->","yoast_head_json":{"title":"PST Summit Acne Awareness - Dermalogica Canada PRO","description":"D\u00e9couvrez la NOUVELLE Cr\u00e8me Oxyg\u00e8ne Phyto Nature de Dermalogica, un hydratant liquide quotidien qui raffermit, lifte et revitalise.","robots":{"index":"index","follow":"follow","max-snippet":"max-snippet:-1","max-image-preview":"max-image-preview:large","max-video-preview":"max-video-preview:-1"},"canonical":"https:\/\/pro.dermalogica.ca\/fr\/pst-summit-acne-awareness\/","og_locale":"fr_FR","og_type":"article","og_title":"PST Summit Acne Awareness - Dermalogica Canada PRO","og_description":"D\u00e9couvrez la NOUVELLE Cr\u00e8me Oxyg\u00e8ne Phyto Nature de Dermalogica, un hydratant liquide quotidien qui raffermit, lifte et revitalise.","og_url":"https:\/\/pro.dermalogica.ca\/fr\/pst-summit-acne-awareness\/","og_site_name":"Dermalogica Canada PRO","article_modified_time":"2025-02-20T19:08:42+00:00","og_image":[{"width":1080,"height":1350,"url":"https:\/\/pro.dermalogica.ca\/wp-content\/uploads\/2023\/04\/1x1-Deep-Acne-Liquid-Patch-Hero-2.jpg","type":"image\/jpeg"}],"twitter_card":"summary_large_image","schema":{"@context":"https:\/\/schema.org","@graph":[{"@type":"WebPage","@id":"https:\/\/pro.dermalogica.ca\/fr\/pst-summit-acne-awareness\/","url":"https:\/\/pro.dermalogica.ca\/fr\/pst-summit-acne-awareness\/","name":"PST Summit Acne Awareness - Dermalogica Canada PRO","isPartOf":{"@id":"https:\/\/pro.dermalogica.ca\/#website"},"primaryImageOfPage":{"@id":"https:\/\/pro.dermalogica.ca\/fr\/pst-summit-acne-awareness\/#primaryimage"},"image":{"@id":"https:\/\/pro.dermalogica.ca\/fr\/pst-summit-acne-awareness\/#primaryimage"},"thumbnailUrl":"https:\/\/pro.dermalogica.ca\/wp-content\/uploads\/2023\/04\/1x1-Deep-Acne-Liquid-Patch-Hero-2.jpg","datePublished":"2023-05-03T16:49:56+00:00","dateModified":"2025-02-20T19:08:42+00:00","description":"D\u00e9couvrez la NOUVELLE Cr\u00e8me Oxyg\u00e8ne Phyto Nature de Dermalogica, un hydratant liquide quotidien qui raffermit, lifte et revitalise.","breadcrumb":{"@id":"https:\/\/pro.dermalogica.ca\/fr\/pst-summit-acne-awareness\/#breadcrumb"},"inLanguage":"fr-FR","potentialAction":[{"@type":"ReadAction","target":["https:\/\/pro.dermalogica.ca\/fr\/pst-summit-acne-awareness\/"]}]},{"@type":"ImageObject","inLanguage":"fr-FR","@id":"https:\/\/pro.dermalogica.ca\/fr\/pst-summit-acne-awareness\/#primaryimage","url":"https:\/\/pro.dermalogica.ca\/wp-content\/uploads\/2023\/04\/1x1-Deep-Acne-Liquid-Patch-Hero-2.jpg","contentUrl":"https:\/\/pro.dermalogica.ca\/wp-content\/uploads\/2023\/04\/1x1-Deep-Acne-Liquid-Patch-Hero-2.jpg","width":1080,"height":1350},{"@type":"BreadcrumbList","@id":"https:\/\/pro.dermalogica.ca\/fr\/pst-summit-acne-awareness\/#breadcrumb","itemListElement":[{"@type":"ListItem","position":1,"name":"Home","item":"https:\/\/pro.dermalogica.ca\/fr\/homepage-march-2026\/"},{"@type":"ListItem","position":2,"name":"PST Summit Acne Awareness"}]},{"@type":"WebSite","@id":"https:\/\/pro.dermalogica.ca\/#website","url":"https:\/\/pro.dermalogica.ca\/","name":"Dermalogica Canada PRO","description":"Expertise brand with professional-grade products and skin treatments rooted in education","publisher":{"@id":"https:\/\/pro.dermalogica.ca\/#organization"},"potentialAction":[{"@type":"SearchAction","target":{"@type":"EntryPoint","urlTemplate":"https:\/\/pro.dermalogica.ca\/?s={search_term_string}"},"query-input":{"@type":"PropertyValueSpecification","valueRequired":true,"valueName":"search_term_string"}}],"inLanguage":"fr-FR"},{"@type":"Organization","@id":"https:\/\/pro.dermalogica.ca\/#organization","name":"Dermalogica","url":"https:\/\/pro.dermalogica.ca\/","logo":{"@type":"ImageObject","inLanguage":"fr-FR","@id":"https:\/\/pro.dermalogica.ca\/#\/schema\/logo\/image\/","url":"https:\/\/pro.dermalogica.ca\/wp-content\/uploads\/2021\/02\/dermalogica-logo_215x25.png","contentUrl":"https:\/\/pro.dermalogica.ca\/wp-content\/uploads\/2021\/02\/dermalogica-logo_215x25.png","width":214,"height":25,"caption":"Dermalogica"},"image":{"@id":"https:\/\/pro.dermalogica.ca\/#\/schema\/logo\/image\/"}}]}},"_links":{"self":[{"href":"https:\/\/pro.dermalogica.ca\/fr\/wp-json\/wp\/v2\/pages\/39525","targetHints":{"allow":["GET"]}}],"collection":[{"href":"https:\/\/pro.dermalogica.ca\/fr\/wp-json\/wp\/v2\/pages"}],"about":[{"href":"https:\/\/pro.dermalogica.ca\/fr\/wp-json\/wp\/v2\/types\/page"}],"author":[{"embeddable":true,"href":"https:\/\/pro.dermalogica.ca\/fr\/wp-json\/wp\/v2\/users\/1"}],"replies":[{"embeddable":true,"href":"https:\/\/pro.dermalogica.ca\/fr\/wp-json\/wp\/v2\/comments?post=39525"}],"version-history":[{"count":0,"href":"https:\/\/pro.dermalogica.ca\/fr\/wp-json\/wp\/v2\/pages\/39525\/revisions"}],"wp:featuredmedia":[{"embeddable":true,"href":"https:\/\/pro.dermalogica.ca\/fr\/wp-json\/wp\/v2\/media\/38983"}],"wp:attachment":[{"href":"https:\/\/pro.dermalogica.ca\/fr\/wp-json\/wp\/v2\/media?parent=39525"}],"curies":[{"name":"wp","href":"https:\/\/api.w.org\/{rel}","templated":true}]}}