{"id":39526,"date":"2023-03-09T11:30:54","date_gmt":"2023-03-09T16:30:54","guid":{"rendered":"https:\/\/pro.dermalogica.ca\/latest-innovation-retail-phyto-nature-oxygen-cream\/"},"modified":"2025-03-19T09:38:01","modified_gmt":"2025-03-19T13:38:01","slug":"latest-innovation-retail-phyto-nature-oxygen-cream","status":"publish","type":"page","link":"https:\/\/pro.dermalogica.ca\/fr\/latest-innovation-retail-phyto-nature-oxygen-cream\/","title":{"rendered":"Latest innovation retail \u2013 Phyto Nature Oxygen Cream"},"content":{"rendered":"","protected":false},"excerpt":{"rendered":"","protected":false},"author":1,"featured_media":38902,"parent":0,"menu_order":7,"comment_status":"closed","ping_status":"closed","template":"flexible-content.php","meta":{"_acf_changed":false,"inline_featured_image":false,"footnotes":""},"class_list":["post-39526","page","type-page","status-publish","has-post-thumbnail","hentry"],"acf":[],"yoast_head":"<!-- This site is optimized with the Yoast SEO plugin v24.3 - https:\/\/yoast.com\/wordpress\/plugins\/seo\/ -->\n<title>Phyto Nature Cr\u00e8me Oxyg\u00e8ne<\/title>\n<meta name=\"description\" content=\"R\u00e9veillez votre peau avec la Cr\u00e8me Oxyg\u00e8ne de Phyto Nature. Cette cr\u00e8me hydratante liquide quotidienne raffermit, lifte et revitalise gr\u00e2ce \u00e0 des phytoactifs hydratants et optimisant l&#039;oxyg\u00e8ne.\" \/>\n<meta name=\"robots\" content=\"index, follow, max-snippet:-1, max-image-preview:large, max-video-preview:-1\" \/>\n<link rel=\"canonical\" href=\"https:\/\/pro.dermalogica.ca\/fr\/latest-innovation-retail-phyto-nature-oxygen-cream\/\" \/>\n<meta property=\"og:locale\" content=\"fr_FR\" \/>\n<meta property=\"og:type\" content=\"article\" \/>\n<meta property=\"og:title\" content=\"S\u00e9rum d&#039;hydratation circulaire\" \/>\n<meta property=\"og:description\" content=\"R\u00e9veillez votre peau avec la Cr\u00e8me Oxyg\u00e8ne de Phyto Nature. Cette cr\u00e8me hydratante liquide quotidienne raffermit, lifte et revitalise gr\u00e2ce \u00e0 des phytoactifs hydratants et optimisant l&#039;oxyg\u00e8ne.\" \/>\n<meta property=\"og:url\" content=\"https:\/\/pro.dermalogica.ca\/fr\/latest-innovation-retail-phyto-nature-oxygen-cream\/\" \/>\n<meta property=\"og:site_name\" content=\"Dermalogica Canada PRO\" \/>\n<meta property=\"article:modified_time\" content=\"2025-03-19T13:38:01+00:00\" \/>\n<meta property=\"og:image\" content=\"https:\/\/pro.dermalogica.ca\/wp-content\/uploads\/2022\/01\/Product-Hero-Circular-Hydration-Serum-scaled.jpg\" \/>\n<meta name=\"twitter:card\" content=\"summary_large_image\" \/>\n<meta name=\"twitter:title\" content=\"S\u00e9rum d&#039;hydratation circulaire\" \/>\n<meta name=\"twitter:image\" content=\"https:\/\/pro.dermalogica.ca\/wp-content\/uploads\/2022\/01\/Product-Hero-Circular-Hydration-Serum-scaled.jpg\" \/>\n<script type=\"application\/ld+json\" class=\"yoast-schema-graph\">{\"@context\":\"https:\/\/schema.org\",\"@graph\":[{\"@type\":\"WebPage\",\"@id\":\"https:\/\/pro.dermalogica.ca\/fr\/latest-innovation-retail-phyto-nature-oxygen-cream\/\",\"url\":\"https:\/\/pro.dermalogica.ca\/fr\/latest-innovation-retail-phyto-nature-oxygen-cream\/\",\"name\":\"Phyto Nature Cr\u00e8me Oxyg\u00e8ne\",\"isPartOf\":{\"@id\":\"https:\/\/pro.dermalogica.ca\/#website\"},\"primaryImageOfPage\":{\"@id\":\"https:\/\/pro.dermalogica.ca\/fr\/latest-innovation-retail-phyto-nature-oxygen-cream\/#primaryimage\"},\"image\":{\"@id\":\"https:\/\/pro.dermalogica.ca\/fr\/latest-innovation-retail-phyto-nature-oxygen-cream\/#primaryimage\"},\"thumbnailUrl\":\"https:\/\/pro.dermalogica.ca\/wp-content\/uploads\/2023\/01\/Oxygen-Liquid-Cream_Front-scaled.jpg\",\"datePublished\":\"2023-03-09T16:30:54+00:00\",\"dateModified\":\"2025-03-19T13:38:01+00:00\",\"description\":\"R\u00e9veillez votre peau avec la Cr\u00e8me Oxyg\u00e8ne de Phyto Nature. Cette cr\u00e8me hydratante liquide quotidienne raffermit, lifte et revitalise gr\u00e2ce \u00e0 des phytoactifs hydratants et optimisant l'oxyg\u00e8ne.\",\"breadcrumb\":{\"@id\":\"https:\/\/pro.dermalogica.ca\/fr\/latest-innovation-retail-phyto-nature-oxygen-cream\/#breadcrumb\"},\"inLanguage\":\"fr-FR\",\"potentialAction\":[{\"@type\":\"ReadAction\",\"target\":[\"https:\/\/pro.dermalogica.ca\/fr\/latest-innovation-retail-phyto-nature-oxygen-cream\/\"]}]},{\"@type\":\"ImageObject\",\"inLanguage\":\"fr-FR\",\"@id\":\"https:\/\/pro.dermalogica.ca\/fr\/latest-innovation-retail-phyto-nature-oxygen-cream\/#primaryimage\",\"url\":\"https:\/\/pro.dermalogica.ca\/wp-content\/uploads\/2023\/01\/Oxygen-Liquid-Cream_Front-scaled.jpg\",\"contentUrl\":\"https:\/\/pro.dermalogica.ca\/wp-content\/uploads\/2023\/01\/Oxygen-Liquid-Cream_Front-scaled.jpg\",\"width\":2560,\"height\":2560},{\"@type\":\"BreadcrumbList\",\"@id\":\"https:\/\/pro.dermalogica.ca\/fr\/latest-innovation-retail-phyto-nature-oxygen-cream\/#breadcrumb\",\"itemListElement\":[{\"@type\":\"ListItem\",\"position\":1,\"name\":\"Home\",\"item\":\"https:\/\/pro.dermalogica.ca\/fr\/homepage-march-2026\/\"},{\"@type\":\"ListItem\",\"position\":2,\"name\":\"Latest innovation retail \u2013 Phyto Nature Oxygen Cream\"}]},{\"@type\":\"WebSite\",\"@id\":\"https:\/\/pro.dermalogica.ca\/#website\",\"url\":\"https:\/\/pro.dermalogica.ca\/\",\"name\":\"Dermalogica Canada PRO\",\"description\":\"Expertise brand with professional-grade products and skin treatments rooted in education\",\"publisher\":{\"@id\":\"https:\/\/pro.dermalogica.ca\/#organization\"},\"potentialAction\":[{\"@type\":\"SearchAction\",\"target\":{\"@type\":\"EntryPoint\",\"urlTemplate\":\"https:\/\/pro.dermalogica.ca\/?s={search_term_string}\"},\"query-input\":{\"@type\":\"PropertyValueSpecification\",\"valueRequired\":true,\"valueName\":\"search_term_string\"}}],\"inLanguage\":\"fr-FR\"},{\"@type\":\"Organization\",\"@id\":\"https:\/\/pro.dermalogica.ca\/#organization\",\"name\":\"Dermalogica\",\"url\":\"https:\/\/pro.dermalogica.ca\/\",\"logo\":{\"@type\":\"ImageObject\",\"inLanguage\":\"fr-FR\",\"@id\":\"https:\/\/pro.dermalogica.ca\/#\/schema\/logo\/image\/\",\"url\":\"https:\/\/pro.dermalogica.ca\/wp-content\/uploads\/2021\/02\/dermalogica-logo_215x25.png\",\"contentUrl\":\"https:\/\/pro.dermalogica.ca\/wp-content\/uploads\/2021\/02\/dermalogica-logo_215x25.png\",\"width\":214,\"height\":25,\"caption\":\"Dermalogica\"},\"image\":{\"@id\":\"https:\/\/pro.dermalogica.ca\/#\/schema\/logo\/image\/\"}}]}<\/script>\n<!-- \/ Yoast SEO plugin. -->","yoast_head_json":{"title":"Phyto Nature Cr\u00e8me Oxyg\u00e8ne","description":"R\u00e9veillez votre peau avec la Cr\u00e8me Oxyg\u00e8ne de Phyto Nature. Cette cr\u00e8me hydratante liquide quotidienne raffermit, lifte et revitalise gr\u00e2ce \u00e0 des phytoactifs hydratants et optimisant l'oxyg\u00e8ne.","robots":{"index":"index","follow":"follow","max-snippet":"max-snippet:-1","max-image-preview":"max-image-preview:large","max-video-preview":"max-video-preview:-1"},"canonical":"https:\/\/pro.dermalogica.ca\/fr\/latest-innovation-retail-phyto-nature-oxygen-cream\/","og_locale":"fr_FR","og_type":"article","og_title":"S\u00e9rum d'hydratation circulaire","og_description":"R\u00e9veillez votre peau avec la Cr\u00e8me Oxyg\u00e8ne de Phyto Nature. Cette cr\u00e8me hydratante liquide quotidienne raffermit, lifte et revitalise gr\u00e2ce \u00e0 des phytoactifs hydratants et optimisant l'oxyg\u00e8ne.","og_url":"https:\/\/pro.dermalogica.ca\/fr\/latest-innovation-retail-phyto-nature-oxygen-cream\/","og_site_name":"Dermalogica Canada PRO","article_modified_time":"2025-03-19T13:38:01+00:00","og_image":[{"url":"https:\/\/pro.dermalogica.ca\/wp-content\/uploads\/2022\/01\/Product-Hero-Circular-Hydration-Serum-scaled.jpg","type":"","width":"","height":""}],"twitter_card":"summary_large_image","twitter_title":"S\u00e9rum d'hydratation circulaire","twitter_image":"https:\/\/pro.dermalogica.ca\/wp-content\/uploads\/2022\/01\/Product-Hero-Circular-Hydration-Serum-scaled.jpg","schema":{"@context":"https:\/\/schema.org","@graph":[{"@type":"WebPage","@id":"https:\/\/pro.dermalogica.ca\/fr\/latest-innovation-retail-phyto-nature-oxygen-cream\/","url":"https:\/\/pro.dermalogica.ca\/fr\/latest-innovation-retail-phyto-nature-oxygen-cream\/","name":"Phyto Nature Cr\u00e8me Oxyg\u00e8ne","isPartOf":{"@id":"https:\/\/pro.dermalogica.ca\/#website"},"primaryImageOfPage":{"@id":"https:\/\/pro.dermalogica.ca\/fr\/latest-innovation-retail-phyto-nature-oxygen-cream\/#primaryimage"},"image":{"@id":"https:\/\/pro.dermalogica.ca\/fr\/latest-innovation-retail-phyto-nature-oxygen-cream\/#primaryimage"},"thumbnailUrl":"https:\/\/pro.dermalogica.ca\/wp-content\/uploads\/2023\/01\/Oxygen-Liquid-Cream_Front-scaled.jpg","datePublished":"2023-03-09T16:30:54+00:00","dateModified":"2025-03-19T13:38:01+00:00","description":"R\u00e9veillez votre peau avec la Cr\u00e8me Oxyg\u00e8ne de Phyto Nature. Cette cr\u00e8me hydratante liquide quotidienne raffermit, lifte et revitalise gr\u00e2ce \u00e0 des phytoactifs hydratants et optimisant l'oxyg\u00e8ne.","breadcrumb":{"@id":"https:\/\/pro.dermalogica.ca\/fr\/latest-innovation-retail-phyto-nature-oxygen-cream\/#breadcrumb"},"inLanguage":"fr-FR","potentialAction":[{"@type":"ReadAction","target":["https:\/\/pro.dermalogica.ca\/fr\/latest-innovation-retail-phyto-nature-oxygen-cream\/"]}]},{"@type":"ImageObject","inLanguage":"fr-FR","@id":"https:\/\/pro.dermalogica.ca\/fr\/latest-innovation-retail-phyto-nature-oxygen-cream\/#primaryimage","url":"https:\/\/pro.dermalogica.ca\/wp-content\/uploads\/2023\/01\/Oxygen-Liquid-Cream_Front-scaled.jpg","contentUrl":"https:\/\/pro.dermalogica.ca\/wp-content\/uploads\/2023\/01\/Oxygen-Liquid-Cream_Front-scaled.jpg","width":2560,"height":2560},{"@type":"BreadcrumbList","@id":"https:\/\/pro.dermalogica.ca\/fr\/latest-innovation-retail-phyto-nature-oxygen-cream\/#breadcrumb","itemListElement":[{"@type":"ListItem","position":1,"name":"Home","item":"https:\/\/pro.dermalogica.ca\/fr\/homepage-march-2026\/"},{"@type":"ListItem","position":2,"name":"Latest innovation retail \u2013 Phyto Nature Oxygen Cream"}]},{"@type":"WebSite","@id":"https:\/\/pro.dermalogica.ca\/#website","url":"https:\/\/pro.dermalogica.ca\/","name":"Dermalogica Canada PRO","description":"Expertise brand with professional-grade products and skin treatments rooted in education","publisher":{"@id":"https:\/\/pro.dermalogica.ca\/#organization"},"potentialAction":[{"@type":"SearchAction","target":{"@type":"EntryPoint","urlTemplate":"https:\/\/pro.dermalogica.ca\/?s={search_term_string}"},"query-input":{"@type":"PropertyValueSpecification","valueRequired":true,"valueName":"search_term_string"}}],"inLanguage":"fr-FR"},{"@type":"Organization","@id":"https:\/\/pro.dermalogica.ca\/#organization","name":"Dermalogica","url":"https:\/\/pro.dermalogica.ca\/","logo":{"@type":"ImageObject","inLanguage":"fr-FR","@id":"https:\/\/pro.dermalogica.ca\/#\/schema\/logo\/image\/","url":"https:\/\/pro.dermalogica.ca\/wp-content\/uploads\/2021\/02\/dermalogica-logo_215x25.png","contentUrl":"https:\/\/pro.dermalogica.ca\/wp-content\/uploads\/2021\/02\/dermalogica-logo_215x25.png","width":214,"height":25,"caption":"Dermalogica"},"image":{"@id":"https:\/\/pro.dermalogica.ca\/#\/schema\/logo\/image\/"}}]}},"_links":{"self":[{"href":"https:\/\/pro.dermalogica.ca\/fr\/wp-json\/wp\/v2\/pages\/39526","targetHints":{"allow":["GET"]}}],"collection":[{"href":"https:\/\/pro.dermalogica.ca\/fr\/wp-json\/wp\/v2\/pages"}],"about":[{"href":"https:\/\/pro.dermalogica.ca\/fr\/wp-json\/wp\/v2\/types\/page"}],"author":[{"embeddable":true,"href":"https:\/\/pro.dermalogica.ca\/fr\/wp-json\/wp\/v2\/users\/1"}],"replies":[{"embeddable":true,"href":"https:\/\/pro.dermalogica.ca\/fr\/wp-json\/wp\/v2\/comments?post=39526"}],"version-history":[{"count":0,"href":"https:\/\/pro.dermalogica.ca\/fr\/wp-json\/wp\/v2\/pages\/39526\/revisions"}],"wp:featuredmedia":[{"embeddable":true,"href":"https:\/\/pro.dermalogica.ca\/fr\/wp-json\/wp\/v2\/media\/38902"}],"wp:attachment":[{"href":"https:\/\/pro.dermalogica.ca\/fr\/wp-json\/wp\/v2\/media?parent=39526"}],"curies":[{"name":"wp","href":"https:\/\/api.w.org\/{rel}","templated":true}]}}