{"id":39544,"date":"2021-12-30T09:13:48","date_gmt":"2021-12-30T14:13:48","guid":{"rendered":"https:\/\/pro.dermalogica.ca\/latest-innovation-retail-awaken-peptide-eye-gel\/"},"modified":"2025-03-19T09:37:52","modified_gmt":"2025-03-19T13:37:52","slug":"latest-innovation-retail-awaken-peptide-eye-gel","status":"publish","type":"page","link":"https:\/\/pro.dermalogica.ca\/fr\/latest-innovation-retail-awaken-peptide-eye-gel\/","title":{"rendered":"Latest innovation retail &#8211; Awaken Peptide Eye Gel"},"content":{"rendered":"","protected":false},"excerpt":{"rendered":"","protected":false},"author":1,"featured_media":38618,"parent":0,"menu_order":29,"comment_status":"closed","ping_status":"closed","template":"flexible-content.php","meta":{"_acf_changed":false,"inline_featured_image":false,"footnotes":""},"class_list":["post-39544","page","type-page","status-publish","has-post-thumbnail","hentry"],"acf":[],"yoast_head":"<!-- This site is optimized with the Yoast SEO plugin v24.3 - https:\/\/yoast.com\/wordpress\/plugins\/seo\/ -->\n<title>Gel pour les yeux \u00e0 base de peptides<\/title>\n<meta name=\"description\" content=\"Awaken Peptide Eye Gel utilise de puissants peptides raffermissants et une technologie d&#039;origine v\u00e9g\u00e9tale pour r\u00e9duire l&#039;apparence des poches et des ridules. Ce gel pour les yeux, l\u00e9ger et hydratant, raffermit et lisse la texture de la peau pour une apparence plus \u00e9nergique.\" \/>\n<meta name=\"robots\" content=\"index, follow, max-snippet:-1, max-image-preview:large, max-video-preview:-1\" \/>\n<link rel=\"canonical\" href=\"https:\/\/pro.dermalogica.ca\/fr\/latest-innovation-retail-awaken-peptide-eye-gel\/\" \/>\n<meta property=\"og:locale\" content=\"fr_FR\" \/>\n<meta property=\"og:type\" content=\"article\" \/>\n<meta property=\"og:title\" content=\"Gel pour les yeux \u00e0 base de peptides\" \/>\n<meta property=\"og:description\" content=\"Awaken Peptide Eye Gel utilise de puissants peptides raffermissants et une technologie d&#039;origine v\u00e9g\u00e9tale pour r\u00e9duire l&#039;apparence des poches et des ridules. Ce gel pour les yeux, l\u00e9ger et hydratant, raffermit et lisse la texture de la peau pour une apparence plus \u00e9nergique.\" \/>\n<meta property=\"og:url\" content=\"https:\/\/pro.dermalogica.ca\/fr\/latest-innovation-retail-awaken-peptide-eye-gel\/\" \/>\n<meta property=\"og:site_name\" content=\"Dermalogica Canada PRO\" \/>\n<meta property=\"article:modified_time\" content=\"2025-03-19T13:37:52+00:00\" \/>\n<meta property=\"og:image\" content=\"https:\/\/pro.dermalogica.ca\/wp-content\/uploads\/2021\/11\/741703418-LAUNCH-EVENT-Awaken-Peptide-Eye-Gel-Innovation-Page_Ingredients-Image_Header.jpg\" \/>\n<meta name=\"twitter:card\" content=\"summary_large_image\" \/>\n<meta name=\"twitter:title\" content=\"Gel pour les yeux \u00e0 base de peptides\" \/>\n<meta name=\"twitter:image\" content=\"https:\/\/pro.dermalogica.ca\/wp-content\/uploads\/2021\/11\/741703418-LAUNCH-EVENT-Awaken-Peptide-Eye-Gel-Innovation-Page_Ingredients-Image_Header.jpg\" \/>\n<script type=\"application\/ld+json\" class=\"yoast-schema-graph\">{\"@context\":\"https:\/\/schema.org\",\"@graph\":[{\"@type\":\"WebPage\",\"@id\":\"https:\/\/pro.dermalogica.ca\/fr\/latest-innovation-retail-awaken-peptide-eye-gel\/\",\"url\":\"https:\/\/pro.dermalogica.ca\/fr\/latest-innovation-retail-awaken-peptide-eye-gel\/\",\"name\":\"Gel pour les yeux \u00e0 base de peptides\",\"isPartOf\":{\"@id\":\"https:\/\/pro.dermalogica.ca\/#website\"},\"primaryImageOfPage\":{\"@id\":\"https:\/\/pro.dermalogica.ca\/fr\/latest-innovation-retail-awaken-peptide-eye-gel\/#primaryimage\"},\"image\":{\"@id\":\"https:\/\/pro.dermalogica.ca\/fr\/latest-innovation-retail-awaken-peptide-eye-gel\/#primaryimage\"},\"thumbnailUrl\":\"https:\/\/pro.dermalogica.ca\/wp-content\/uploads\/2021\/12\/featured-image.jpg\",\"datePublished\":\"2021-12-30T14:13:48+00:00\",\"dateModified\":\"2025-03-19T13:37:52+00:00\",\"description\":\"Awaken Peptide Eye Gel utilise de puissants peptides raffermissants et une technologie d'origine v\u00e9g\u00e9tale pour r\u00e9duire l'apparence des poches et des ridules. Ce gel pour les yeux, l\u00e9ger et hydratant, raffermit et lisse la texture de la peau pour une apparence plus \u00e9nergique.\",\"breadcrumb\":{\"@id\":\"https:\/\/pro.dermalogica.ca\/fr\/latest-innovation-retail-awaken-peptide-eye-gel\/#breadcrumb\"},\"inLanguage\":\"fr-FR\",\"potentialAction\":[{\"@type\":\"ReadAction\",\"target\":[\"https:\/\/pro.dermalogica.ca\/fr\/latest-innovation-retail-awaken-peptide-eye-gel\/\"]}]},{\"@type\":\"ImageObject\",\"inLanguage\":\"fr-FR\",\"@id\":\"https:\/\/pro.dermalogica.ca\/fr\/latest-innovation-retail-awaken-peptide-eye-gel\/#primaryimage\",\"url\":\"https:\/\/pro.dermalogica.ca\/wp-content\/uploads\/2021\/12\/featured-image.jpg\",\"contentUrl\":\"https:\/\/pro.dermalogica.ca\/wp-content\/uploads\/2021\/12\/featured-image.jpg\",\"width\":720,\"height\":720},{\"@type\":\"BreadcrumbList\",\"@id\":\"https:\/\/pro.dermalogica.ca\/fr\/latest-innovation-retail-awaken-peptide-eye-gel\/#breadcrumb\",\"itemListElement\":[{\"@type\":\"ListItem\",\"position\":1,\"name\":\"Home\",\"item\":\"https:\/\/pro.dermalogica.ca\/fr\/homepage-march-2026\/\"},{\"@type\":\"ListItem\",\"position\":2,\"name\":\"Latest innovation retail &#8211; Awaken Peptide Eye Gel\"}]},{\"@type\":\"WebSite\",\"@id\":\"https:\/\/pro.dermalogica.ca\/#website\",\"url\":\"https:\/\/pro.dermalogica.ca\/\",\"name\":\"Dermalogica Canada PRO\",\"description\":\"Expertise brand with professional-grade products and skin treatments rooted in education\",\"publisher\":{\"@id\":\"https:\/\/pro.dermalogica.ca\/#organization\"},\"potentialAction\":[{\"@type\":\"SearchAction\",\"target\":{\"@type\":\"EntryPoint\",\"urlTemplate\":\"https:\/\/pro.dermalogica.ca\/?s={search_term_string}\"},\"query-input\":{\"@type\":\"PropertyValueSpecification\",\"valueRequired\":true,\"valueName\":\"search_term_string\"}}],\"inLanguage\":\"fr-FR\"},{\"@type\":\"Organization\",\"@id\":\"https:\/\/pro.dermalogica.ca\/#organization\",\"name\":\"Dermalogica\",\"url\":\"https:\/\/pro.dermalogica.ca\/\",\"logo\":{\"@type\":\"ImageObject\",\"inLanguage\":\"fr-FR\",\"@id\":\"https:\/\/pro.dermalogica.ca\/#\/schema\/logo\/image\/\",\"url\":\"https:\/\/pro.dermalogica.ca\/wp-content\/uploads\/2021\/02\/dermalogica-logo_215x25.png\",\"contentUrl\":\"https:\/\/pro.dermalogica.ca\/wp-content\/uploads\/2021\/02\/dermalogica-logo_215x25.png\",\"width\":214,\"height\":25,\"caption\":\"Dermalogica\"},\"image\":{\"@id\":\"https:\/\/pro.dermalogica.ca\/#\/schema\/logo\/image\/\"}}]}<\/script>\n<!-- \/ Yoast SEO plugin. -->","yoast_head_json":{"title":"Gel pour les yeux \u00e0 base de peptides","description":"Awaken Peptide Eye Gel utilise de puissants peptides raffermissants et une technologie d'origine v\u00e9g\u00e9tale pour r\u00e9duire l'apparence des poches et des ridules. Ce gel pour les yeux, l\u00e9ger et hydratant, raffermit et lisse la texture de la peau pour une apparence plus \u00e9nergique.","robots":{"index":"index","follow":"follow","max-snippet":"max-snippet:-1","max-image-preview":"max-image-preview:large","max-video-preview":"max-video-preview:-1"},"canonical":"https:\/\/pro.dermalogica.ca\/fr\/latest-innovation-retail-awaken-peptide-eye-gel\/","og_locale":"fr_FR","og_type":"article","og_title":"Gel pour les yeux \u00e0 base de peptides","og_description":"Awaken Peptide Eye Gel utilise de puissants peptides raffermissants et une technologie d'origine v\u00e9g\u00e9tale pour r\u00e9duire l'apparence des poches et des ridules. Ce gel pour les yeux, l\u00e9ger et hydratant, raffermit et lisse la texture de la peau pour une apparence plus \u00e9nergique.","og_url":"https:\/\/pro.dermalogica.ca\/fr\/latest-innovation-retail-awaken-peptide-eye-gel\/","og_site_name":"Dermalogica Canada PRO","article_modified_time":"2025-03-19T13:37:52+00:00","og_image":[{"url":"https:\/\/pro.dermalogica.ca\/wp-content\/uploads\/2021\/11\/741703418-LAUNCH-EVENT-Awaken-Peptide-Eye-Gel-Innovation-Page_Ingredients-Image_Header.jpg","type":"","width":"","height":""}],"twitter_card":"summary_large_image","twitter_title":"Gel pour les yeux \u00e0 base de peptides","twitter_image":"https:\/\/pro.dermalogica.ca\/wp-content\/uploads\/2021\/11\/741703418-LAUNCH-EVENT-Awaken-Peptide-Eye-Gel-Innovation-Page_Ingredients-Image_Header.jpg","schema":{"@context":"https:\/\/schema.org","@graph":[{"@type":"WebPage","@id":"https:\/\/pro.dermalogica.ca\/fr\/latest-innovation-retail-awaken-peptide-eye-gel\/","url":"https:\/\/pro.dermalogica.ca\/fr\/latest-innovation-retail-awaken-peptide-eye-gel\/","name":"Gel pour les yeux \u00e0 base de peptides","isPartOf":{"@id":"https:\/\/pro.dermalogica.ca\/#website"},"primaryImageOfPage":{"@id":"https:\/\/pro.dermalogica.ca\/fr\/latest-innovation-retail-awaken-peptide-eye-gel\/#primaryimage"},"image":{"@id":"https:\/\/pro.dermalogica.ca\/fr\/latest-innovation-retail-awaken-peptide-eye-gel\/#primaryimage"},"thumbnailUrl":"https:\/\/pro.dermalogica.ca\/wp-content\/uploads\/2021\/12\/featured-image.jpg","datePublished":"2021-12-30T14:13:48+00:00","dateModified":"2025-03-19T13:37:52+00:00","description":"Awaken Peptide Eye Gel utilise de puissants peptides raffermissants et une technologie d'origine v\u00e9g\u00e9tale pour r\u00e9duire l'apparence des poches et des ridules. Ce gel pour les yeux, l\u00e9ger et hydratant, raffermit et lisse la texture de la peau pour une apparence plus \u00e9nergique.","breadcrumb":{"@id":"https:\/\/pro.dermalogica.ca\/fr\/latest-innovation-retail-awaken-peptide-eye-gel\/#breadcrumb"},"inLanguage":"fr-FR","potentialAction":[{"@type":"ReadAction","target":["https:\/\/pro.dermalogica.ca\/fr\/latest-innovation-retail-awaken-peptide-eye-gel\/"]}]},{"@type":"ImageObject","inLanguage":"fr-FR","@id":"https:\/\/pro.dermalogica.ca\/fr\/latest-innovation-retail-awaken-peptide-eye-gel\/#primaryimage","url":"https:\/\/pro.dermalogica.ca\/wp-content\/uploads\/2021\/12\/featured-image.jpg","contentUrl":"https:\/\/pro.dermalogica.ca\/wp-content\/uploads\/2021\/12\/featured-image.jpg","width":720,"height":720},{"@type":"BreadcrumbList","@id":"https:\/\/pro.dermalogica.ca\/fr\/latest-innovation-retail-awaken-peptide-eye-gel\/#breadcrumb","itemListElement":[{"@type":"ListItem","position":1,"name":"Home","item":"https:\/\/pro.dermalogica.ca\/fr\/homepage-march-2026\/"},{"@type":"ListItem","position":2,"name":"Latest innovation retail &#8211; Awaken Peptide Eye Gel"}]},{"@type":"WebSite","@id":"https:\/\/pro.dermalogica.ca\/#website","url":"https:\/\/pro.dermalogica.ca\/","name":"Dermalogica Canada PRO","description":"Expertise brand with professional-grade products and skin treatments rooted in education","publisher":{"@id":"https:\/\/pro.dermalogica.ca\/#organization"},"potentialAction":[{"@type":"SearchAction","target":{"@type":"EntryPoint","urlTemplate":"https:\/\/pro.dermalogica.ca\/?s={search_term_string}"},"query-input":{"@type":"PropertyValueSpecification","valueRequired":true,"valueName":"search_term_string"}}],"inLanguage":"fr-FR"},{"@type":"Organization","@id":"https:\/\/pro.dermalogica.ca\/#organization","name":"Dermalogica","url":"https:\/\/pro.dermalogica.ca\/","logo":{"@type":"ImageObject","inLanguage":"fr-FR","@id":"https:\/\/pro.dermalogica.ca\/#\/schema\/logo\/image\/","url":"https:\/\/pro.dermalogica.ca\/wp-content\/uploads\/2021\/02\/dermalogica-logo_215x25.png","contentUrl":"https:\/\/pro.dermalogica.ca\/wp-content\/uploads\/2021\/02\/dermalogica-logo_215x25.png","width":214,"height":25,"caption":"Dermalogica"},"image":{"@id":"https:\/\/pro.dermalogica.ca\/#\/schema\/logo\/image\/"}}]}},"_links":{"self":[{"href":"https:\/\/pro.dermalogica.ca\/fr\/wp-json\/wp\/v2\/pages\/39544","targetHints":{"allow":["GET"]}}],"collection":[{"href":"https:\/\/pro.dermalogica.ca\/fr\/wp-json\/wp\/v2\/pages"}],"about":[{"href":"https:\/\/pro.dermalogica.ca\/fr\/wp-json\/wp\/v2\/types\/page"}],"author":[{"embeddable":true,"href":"https:\/\/pro.dermalogica.ca\/fr\/wp-json\/wp\/v2\/users\/1"}],"replies":[{"embeddable":true,"href":"https:\/\/pro.dermalogica.ca\/fr\/wp-json\/wp\/v2\/comments?post=39544"}],"version-history":[{"count":0,"href":"https:\/\/pro.dermalogica.ca\/fr\/wp-json\/wp\/v2\/pages\/39544\/revisions"}],"wp:featuredmedia":[{"embeddable":true,"href":"https:\/\/pro.dermalogica.ca\/fr\/wp-json\/wp\/v2\/media\/38618"}],"wp:attachment":[{"href":"https:\/\/pro.dermalogica.ca\/fr\/wp-json\/wp\/v2\/media?parent=39544"}],"curies":[{"name":"wp","href":"https:\/\/api.w.org\/{rel}","templated":true}]}}