{"id":39545,"date":"2021-08-05T08:30:25","date_gmt":"2021-08-05T12:30:25","guid":{"rendered":"https:\/\/pro.dermalogica.ca\/latest-innovation-retail-blc-gel-moisturizer\/"},"modified":"2025-03-19T09:37:50","modified_gmt":"2025-03-19T13:37:50","slug":"latest-innovation-retail-blc-gel-moisturizer","status":"publish","type":"page","link":"https:\/\/pro.dermalogica.ca\/fr\/latest-innovation-retail-blc-gel-moisturizer\/","title":{"rendered":"Latest innovation retail &#8211; BLC Gel Moisturizer"},"content":{"rendered":"","protected":false},"excerpt":{"rendered":"","protected":false},"author":1,"featured_media":38524,"parent":0,"menu_order":33,"comment_status":"closed","ping_status":"closed","template":"flexible-content.php","meta":{"_acf_changed":false,"inline_featured_image":false,"footnotes":""},"class_list":["post-39545","page","type-page","status-publish","has-post-thumbnail","hentry"],"acf":[],"yoast_head":"<!-- This site is optimized with the Yoast SEO plugin v24.3 - https:\/\/yoast.com\/wordpress\/plugins\/seo\/ -->\n<title>Dermalogica Canada PRO - gel hydratant biolumin-c<\/title>\n<meta name=\"description\" content=\"La cl\u00e9 d&#039;une peau toujours plus \u00e9clatante est une combinaison d&#039;hydratation, d&#039;exfoliation et de traitement des irr\u00e9gularit\u00e9s du teint. Le gel hydratant BioLumin-C hydrate, \u00e9claircit et renouvelle visiblement la peau pour lui donner un \u00e9clat lumineux instantan\u00e9ment et au fil du temps.\" \/>\n<meta name=\"robots\" content=\"index, follow, max-snippet:-1, max-image-preview:large, max-video-preview:-1\" \/>\n<link rel=\"canonical\" href=\"https:\/\/pro.dermalogica.ca\/fr\/latest-innovation-retail-blc-gel-moisturizer\/\" \/>\n<meta property=\"og:locale\" content=\"fr_FR\" \/>\n<meta property=\"og:type\" content=\"article\" \/>\n<meta property=\"og:title\" content=\"S\u00e9rum Smart Response\" \/>\n<meta property=\"og:description\" content=\"La cl\u00e9 d&#039;une peau toujours plus \u00e9clatante est une combinaison d&#039;hydratation, d&#039;exfoliation et de traitement des irr\u00e9gularit\u00e9s du teint. Le gel hydratant BioLumin-C hydrate, \u00e9claircit et renouvelle visiblement la peau pour lui donner un \u00e9clat lumineux instantan\u00e9ment et au fil du temps.\" \/>\n<meta property=\"og:url\" content=\"https:\/\/pro.dermalogica.ca\/fr\/latest-innovation-retail-blc-gel-moisturizer\/\" \/>\n<meta property=\"og:site_name\" content=\"Dermalogica Canada PRO\" \/>\n<meta property=\"article:modified_time\" content=\"2025-03-19T13:37:50+00:00\" \/>\n<meta property=\"og:image\" content=\"https:\/\/pro.dermalogica.ca\/wp-content\/uploads\/2021\/02\/Hero-Image-Angled-Smart-Response-Serum-scaled.jpg\" \/>\n<meta name=\"twitter:card\" content=\"summary_large_image\" \/>\n<meta name=\"twitter:title\" content=\"S\u00e9rum Smart Response\" \/>\n<meta name=\"twitter:image\" content=\"https:\/\/pro.dermalogica.ca\/wp-content\/uploads\/2021\/02\/Hero-Image-Angled-Smart-Response-Serum-scaled.jpg\" \/>\n<script type=\"application\/ld+json\" class=\"yoast-schema-graph\">{\"@context\":\"https:\/\/schema.org\",\"@graph\":[{\"@type\":\"WebPage\",\"@id\":\"https:\/\/pro.dermalogica.ca\/fr\/latest-innovation-retail-blc-gel-moisturizer\/\",\"url\":\"https:\/\/pro.dermalogica.ca\/fr\/latest-innovation-retail-blc-gel-moisturizer\/\",\"name\":\"Dermalogica Canada PRO - gel hydratant biolumin-c\",\"isPartOf\":{\"@id\":\"https:\/\/pro.dermalogica.ca\/#website\"},\"primaryImageOfPage\":{\"@id\":\"https:\/\/pro.dermalogica.ca\/fr\/latest-innovation-retail-blc-gel-moisturizer\/#primaryimage\"},\"image\":{\"@id\":\"https:\/\/pro.dermalogica.ca\/fr\/latest-innovation-retail-blc-gel-moisturizer\/#primaryimage\"},\"thumbnailUrl\":\"https:\/\/pro.dermalogica.ca\/wp-content\/uploads\/2021\/07\/1x1-Hero-Product-Image-Biolumin-C-Gel-Moisturizer.jpg\",\"datePublished\":\"2021-08-05T12:30:25+00:00\",\"dateModified\":\"2025-03-19T13:37:50+00:00\",\"description\":\"La cl\u00e9 d'une peau toujours plus \u00e9clatante est une combinaison d'hydratation, d'exfoliation et de traitement des irr\u00e9gularit\u00e9s du teint. Le gel hydratant BioLumin-C hydrate, \u00e9claircit et renouvelle visiblement la peau pour lui donner un \u00e9clat lumineux instantan\u00e9ment et au fil du temps.\",\"breadcrumb\":{\"@id\":\"https:\/\/pro.dermalogica.ca\/fr\/latest-innovation-retail-blc-gel-moisturizer\/#breadcrumb\"},\"inLanguage\":\"fr-FR\",\"potentialAction\":[{\"@type\":\"ReadAction\",\"target\":[\"https:\/\/pro.dermalogica.ca\/fr\/latest-innovation-retail-blc-gel-moisturizer\/\"]}]},{\"@type\":\"ImageObject\",\"inLanguage\":\"fr-FR\",\"@id\":\"https:\/\/pro.dermalogica.ca\/fr\/latest-innovation-retail-blc-gel-moisturizer\/#primaryimage\",\"url\":\"https:\/\/pro.dermalogica.ca\/wp-content\/uploads\/2021\/07\/1x1-Hero-Product-Image-Biolumin-C-Gel-Moisturizer.jpg\",\"contentUrl\":\"https:\/\/pro.dermalogica.ca\/wp-content\/uploads\/2021\/07\/1x1-Hero-Product-Image-Biolumin-C-Gel-Moisturizer.jpg\",\"width\":1080,\"height\":1080},{\"@type\":\"BreadcrumbList\",\"@id\":\"https:\/\/pro.dermalogica.ca\/fr\/latest-innovation-retail-blc-gel-moisturizer\/#breadcrumb\",\"itemListElement\":[{\"@type\":\"ListItem\",\"position\":1,\"name\":\"Home\",\"item\":\"https:\/\/pro.dermalogica.ca\/fr\/homepage-march-2026\/\"},{\"@type\":\"ListItem\",\"position\":2,\"name\":\"Latest innovation retail &#8211; BLC Gel Moisturizer\"}]},{\"@type\":\"WebSite\",\"@id\":\"https:\/\/pro.dermalogica.ca\/#website\",\"url\":\"https:\/\/pro.dermalogica.ca\/\",\"name\":\"Dermalogica Canada PRO\",\"description\":\"Expertise brand with professional-grade products and skin treatments rooted in education\",\"publisher\":{\"@id\":\"https:\/\/pro.dermalogica.ca\/#organization\"},\"potentialAction\":[{\"@type\":\"SearchAction\",\"target\":{\"@type\":\"EntryPoint\",\"urlTemplate\":\"https:\/\/pro.dermalogica.ca\/?s={search_term_string}\"},\"query-input\":{\"@type\":\"PropertyValueSpecification\",\"valueRequired\":true,\"valueName\":\"search_term_string\"}}],\"inLanguage\":\"fr-FR\"},{\"@type\":\"Organization\",\"@id\":\"https:\/\/pro.dermalogica.ca\/#organization\",\"name\":\"Dermalogica\",\"url\":\"https:\/\/pro.dermalogica.ca\/\",\"logo\":{\"@type\":\"ImageObject\",\"inLanguage\":\"fr-FR\",\"@id\":\"https:\/\/pro.dermalogica.ca\/#\/schema\/logo\/image\/\",\"url\":\"https:\/\/pro.dermalogica.ca\/wp-content\/uploads\/2021\/02\/dermalogica-logo_215x25.png\",\"contentUrl\":\"https:\/\/pro.dermalogica.ca\/wp-content\/uploads\/2021\/02\/dermalogica-logo_215x25.png\",\"width\":214,\"height\":25,\"caption\":\"Dermalogica\"},\"image\":{\"@id\":\"https:\/\/pro.dermalogica.ca\/#\/schema\/logo\/image\/\"}}]}<\/script>\n<!-- \/ Yoast SEO plugin. -->","yoast_head_json":{"title":"Dermalogica Canada PRO - gel hydratant biolumin-c","description":"La cl\u00e9 d'une peau toujours plus \u00e9clatante est une combinaison d'hydratation, d'exfoliation et de traitement des irr\u00e9gularit\u00e9s du teint. Le gel hydratant BioLumin-C hydrate, \u00e9claircit et renouvelle visiblement la peau pour lui donner un \u00e9clat lumineux instantan\u00e9ment et au fil du temps.","robots":{"index":"index","follow":"follow","max-snippet":"max-snippet:-1","max-image-preview":"max-image-preview:large","max-video-preview":"max-video-preview:-1"},"canonical":"https:\/\/pro.dermalogica.ca\/fr\/latest-innovation-retail-blc-gel-moisturizer\/","og_locale":"fr_FR","og_type":"article","og_title":"S\u00e9rum Smart Response","og_description":"La cl\u00e9 d'une peau toujours plus \u00e9clatante est une combinaison d'hydratation, d'exfoliation et de traitement des irr\u00e9gularit\u00e9s du teint. Le gel hydratant BioLumin-C hydrate, \u00e9claircit et renouvelle visiblement la peau pour lui donner un \u00e9clat lumineux instantan\u00e9ment et au fil du temps.","og_url":"https:\/\/pro.dermalogica.ca\/fr\/latest-innovation-retail-blc-gel-moisturizer\/","og_site_name":"Dermalogica Canada PRO","article_modified_time":"2025-03-19T13:37:50+00:00","og_image":[{"url":"https:\/\/pro.dermalogica.ca\/wp-content\/uploads\/2021\/02\/Hero-Image-Angled-Smart-Response-Serum-scaled.jpg","type":"","width":"","height":""}],"twitter_card":"summary_large_image","twitter_title":"S\u00e9rum Smart Response","twitter_image":"https:\/\/pro.dermalogica.ca\/wp-content\/uploads\/2021\/02\/Hero-Image-Angled-Smart-Response-Serum-scaled.jpg","schema":{"@context":"https:\/\/schema.org","@graph":[{"@type":"WebPage","@id":"https:\/\/pro.dermalogica.ca\/fr\/latest-innovation-retail-blc-gel-moisturizer\/","url":"https:\/\/pro.dermalogica.ca\/fr\/latest-innovation-retail-blc-gel-moisturizer\/","name":"Dermalogica Canada PRO - gel hydratant biolumin-c","isPartOf":{"@id":"https:\/\/pro.dermalogica.ca\/#website"},"primaryImageOfPage":{"@id":"https:\/\/pro.dermalogica.ca\/fr\/latest-innovation-retail-blc-gel-moisturizer\/#primaryimage"},"image":{"@id":"https:\/\/pro.dermalogica.ca\/fr\/latest-innovation-retail-blc-gel-moisturizer\/#primaryimage"},"thumbnailUrl":"https:\/\/pro.dermalogica.ca\/wp-content\/uploads\/2021\/07\/1x1-Hero-Product-Image-Biolumin-C-Gel-Moisturizer.jpg","datePublished":"2021-08-05T12:30:25+00:00","dateModified":"2025-03-19T13:37:50+00:00","description":"La cl\u00e9 d'une peau toujours plus \u00e9clatante est une combinaison d'hydratation, d'exfoliation et de traitement des irr\u00e9gularit\u00e9s du teint. Le gel hydratant BioLumin-C hydrate, \u00e9claircit et renouvelle visiblement la peau pour lui donner un \u00e9clat lumineux instantan\u00e9ment et au fil du temps.","breadcrumb":{"@id":"https:\/\/pro.dermalogica.ca\/fr\/latest-innovation-retail-blc-gel-moisturizer\/#breadcrumb"},"inLanguage":"fr-FR","potentialAction":[{"@type":"ReadAction","target":["https:\/\/pro.dermalogica.ca\/fr\/latest-innovation-retail-blc-gel-moisturizer\/"]}]},{"@type":"ImageObject","inLanguage":"fr-FR","@id":"https:\/\/pro.dermalogica.ca\/fr\/latest-innovation-retail-blc-gel-moisturizer\/#primaryimage","url":"https:\/\/pro.dermalogica.ca\/wp-content\/uploads\/2021\/07\/1x1-Hero-Product-Image-Biolumin-C-Gel-Moisturizer.jpg","contentUrl":"https:\/\/pro.dermalogica.ca\/wp-content\/uploads\/2021\/07\/1x1-Hero-Product-Image-Biolumin-C-Gel-Moisturizer.jpg","width":1080,"height":1080},{"@type":"BreadcrumbList","@id":"https:\/\/pro.dermalogica.ca\/fr\/latest-innovation-retail-blc-gel-moisturizer\/#breadcrumb","itemListElement":[{"@type":"ListItem","position":1,"name":"Home","item":"https:\/\/pro.dermalogica.ca\/fr\/homepage-march-2026\/"},{"@type":"ListItem","position":2,"name":"Latest innovation retail &#8211; BLC Gel Moisturizer"}]},{"@type":"WebSite","@id":"https:\/\/pro.dermalogica.ca\/#website","url":"https:\/\/pro.dermalogica.ca\/","name":"Dermalogica Canada PRO","description":"Expertise brand with professional-grade products and skin treatments rooted in education","publisher":{"@id":"https:\/\/pro.dermalogica.ca\/#organization"},"potentialAction":[{"@type":"SearchAction","target":{"@type":"EntryPoint","urlTemplate":"https:\/\/pro.dermalogica.ca\/?s={search_term_string}"},"query-input":{"@type":"PropertyValueSpecification","valueRequired":true,"valueName":"search_term_string"}}],"inLanguage":"fr-FR"},{"@type":"Organization","@id":"https:\/\/pro.dermalogica.ca\/#organization","name":"Dermalogica","url":"https:\/\/pro.dermalogica.ca\/","logo":{"@type":"ImageObject","inLanguage":"fr-FR","@id":"https:\/\/pro.dermalogica.ca\/#\/schema\/logo\/image\/","url":"https:\/\/pro.dermalogica.ca\/wp-content\/uploads\/2021\/02\/dermalogica-logo_215x25.png","contentUrl":"https:\/\/pro.dermalogica.ca\/wp-content\/uploads\/2021\/02\/dermalogica-logo_215x25.png","width":214,"height":25,"caption":"Dermalogica"},"image":{"@id":"https:\/\/pro.dermalogica.ca\/#\/schema\/logo\/image\/"}}]}},"_links":{"self":[{"href":"https:\/\/pro.dermalogica.ca\/fr\/wp-json\/wp\/v2\/pages\/39545","targetHints":{"allow":["GET"]}}],"collection":[{"href":"https:\/\/pro.dermalogica.ca\/fr\/wp-json\/wp\/v2\/pages"}],"about":[{"href":"https:\/\/pro.dermalogica.ca\/fr\/wp-json\/wp\/v2\/types\/page"}],"author":[{"embeddable":true,"href":"https:\/\/pro.dermalogica.ca\/fr\/wp-json\/wp\/v2\/users\/1"}],"replies":[{"embeddable":true,"href":"https:\/\/pro.dermalogica.ca\/fr\/wp-json\/wp\/v2\/comments?post=39545"}],"version-history":[{"count":0,"href":"https:\/\/pro.dermalogica.ca\/fr\/wp-json\/wp\/v2\/pages\/39545\/revisions"}],"wp:featuredmedia":[{"embeddable":true,"href":"https:\/\/pro.dermalogica.ca\/fr\/wp-json\/wp\/v2\/media\/38524"}],"wp:attachment":[{"href":"https:\/\/pro.dermalogica.ca\/fr\/wp-json\/wp\/v2\/media?parent=39545"}],"curies":[{"name":"wp","href":"https:\/\/api.w.org\/{rel}","templated":true}]}}