{"id":39547,"date":"2021-10-28T09:27:09","date_gmt":"2021-10-28T13:27:09","guid":{"rendered":"https:\/\/pro.dermalogica.ca\/the-elevate-your-education-scholarship\/"},"modified":"2025-02-20T14:16:25","modified_gmt":"2025-02-20T19:16:25","slug":"the-elevate-your-education-scholarship","status":"publish","type":"page","link":"https:\/\/pro.dermalogica.ca\/fr\/the-elevate-your-education-scholarship\/","title":{"rendered":"the Elevate Your Education scholarship"},"content":{"rendered":"","protected":false},"excerpt":{"rendered":"","protected":false},"author":1,"featured_media":0,"parent":0,"menu_order":31,"comment_status":"closed","ping_status":"closed","template":"flexible-content.php","meta":{"_acf_changed":false,"inline_featured_image":false,"footnotes":""},"class_list":["post-39547","page","type-page","status-publish","hentry"],"acf":[],"yoast_head":"<!-- This site is optimized with the Yoast SEO plugin v24.3 - https:\/\/yoast.com\/wordpress\/plugins\/seo\/ -->\n<title>the Elevate Your Education scholarship - Dermalogica Canada PRO<\/title>\n<meta name=\"description\" content=\"Am\u00e9liorez votre formation avec Dermalogica et The International Dermal Institute, gr\u00e2ce \u00e0 cette incroyable opportunit\u00e9 de bourse pour les futurs dipl\u00f4m\u00e9s et les th\u00e9rapeutes de la peau nouvellement agr\u00e9\u00e9s aux \u00c9tats-Unis.\" \/>\n<meta name=\"robots\" content=\"index, follow, max-snippet:-1, max-image-preview:large, max-video-preview:-1\" \/>\n<link rel=\"canonical\" href=\"https:\/\/pro.dermalogica.ca\/fr\/the-elevate-your-education-scholarship\/\" \/>\n<meta property=\"og:locale\" content=\"fr_FR\" \/>\n<meta property=\"og:type\" content=\"article\" \/>\n<meta property=\"og:title\" content=\"the Elevate Your Education scholarship - Dermalogica Canada PRO\" \/>\n<meta property=\"og:description\" content=\"Am\u00e9liorez votre formation avec Dermalogica et The International Dermal Institute, gr\u00e2ce \u00e0 cette incroyable opportunit\u00e9 de bourse pour les futurs dipl\u00f4m\u00e9s et les th\u00e9rapeutes de la peau nouvellement agr\u00e9\u00e9s aux \u00c9tats-Unis.\" \/>\n<meta property=\"og:url\" content=\"https:\/\/pro.dermalogica.ca\/fr\/the-elevate-your-education-scholarship\/\" \/>\n<meta property=\"og:site_name\" content=\"Dermalogica Canada PRO\" \/>\n<meta property=\"article:modified_time\" content=\"2025-02-20T19:16:25+00:00\" \/>\n<meta name=\"twitter:card\" content=\"summary_large_image\" \/>\n<script type=\"application\/ld+json\" class=\"yoast-schema-graph\">{\"@context\":\"https:\/\/schema.org\",\"@graph\":[{\"@type\":\"WebPage\",\"@id\":\"https:\/\/pro.dermalogica.ca\/fr\/the-elevate-your-education-scholarship\/\",\"url\":\"https:\/\/pro.dermalogica.ca\/fr\/the-elevate-your-education-scholarship\/\",\"name\":\"the Elevate Your Education scholarship - Dermalogica Canada PRO\",\"isPartOf\":{\"@id\":\"https:\/\/pro.dermalogica.ca\/#website\"},\"datePublished\":\"2021-10-28T13:27:09+00:00\",\"dateModified\":\"2025-02-20T19:16:25+00:00\",\"description\":\"Am\u00e9liorez votre formation avec Dermalogica et The International Dermal Institute, gr\u00e2ce \u00e0 cette incroyable opportunit\u00e9 de bourse pour les futurs dipl\u00f4m\u00e9s et les th\u00e9rapeutes de la peau nouvellement agr\u00e9\u00e9s aux \u00c9tats-Unis.\",\"breadcrumb\":{\"@id\":\"https:\/\/pro.dermalogica.ca\/fr\/the-elevate-your-education-scholarship\/#breadcrumb\"},\"inLanguage\":\"fr-FR\",\"potentialAction\":[{\"@type\":\"ReadAction\",\"target\":[\"https:\/\/pro.dermalogica.ca\/fr\/the-elevate-your-education-scholarship\/\"]}]},{\"@type\":\"BreadcrumbList\",\"@id\":\"https:\/\/pro.dermalogica.ca\/fr\/the-elevate-your-education-scholarship\/#breadcrumb\",\"itemListElement\":[{\"@type\":\"ListItem\",\"position\":1,\"name\":\"Home\",\"item\":\"https:\/\/pro.dermalogica.ca\/fr\/homepage-march-2026\/\"},{\"@type\":\"ListItem\",\"position\":2,\"name\":\"the Elevate Your Education scholarship\"}]},{\"@type\":\"WebSite\",\"@id\":\"https:\/\/pro.dermalogica.ca\/#website\",\"url\":\"https:\/\/pro.dermalogica.ca\/\",\"name\":\"Dermalogica Canada PRO\",\"description\":\"Expertise brand with professional-grade products and skin treatments rooted in education\",\"publisher\":{\"@id\":\"https:\/\/pro.dermalogica.ca\/#organization\"},\"potentialAction\":[{\"@type\":\"SearchAction\",\"target\":{\"@type\":\"EntryPoint\",\"urlTemplate\":\"https:\/\/pro.dermalogica.ca\/?s={search_term_string}\"},\"query-input\":{\"@type\":\"PropertyValueSpecification\",\"valueRequired\":true,\"valueName\":\"search_term_string\"}}],\"inLanguage\":\"fr-FR\"},{\"@type\":\"Organization\",\"@id\":\"https:\/\/pro.dermalogica.ca\/#organization\",\"name\":\"Dermalogica\",\"url\":\"https:\/\/pro.dermalogica.ca\/\",\"logo\":{\"@type\":\"ImageObject\",\"inLanguage\":\"fr-FR\",\"@id\":\"https:\/\/pro.dermalogica.ca\/#\/schema\/logo\/image\/\",\"url\":\"https:\/\/pro.dermalogica.ca\/wp-content\/uploads\/2021\/02\/dermalogica-logo_215x25.png\",\"contentUrl\":\"https:\/\/pro.dermalogica.ca\/wp-content\/uploads\/2021\/02\/dermalogica-logo_215x25.png\",\"width\":214,\"height\":25,\"caption\":\"Dermalogica\"},\"image\":{\"@id\":\"https:\/\/pro.dermalogica.ca\/#\/schema\/logo\/image\/\"}}]}<\/script>\n<!-- \/ Yoast SEO plugin. -->","yoast_head_json":{"title":"the Elevate Your Education scholarship - Dermalogica Canada PRO","description":"Am\u00e9liorez votre formation avec Dermalogica et The International Dermal Institute, gr\u00e2ce \u00e0 cette incroyable opportunit\u00e9 de bourse pour les futurs dipl\u00f4m\u00e9s et les th\u00e9rapeutes de la peau nouvellement agr\u00e9\u00e9s aux \u00c9tats-Unis.","robots":{"index":"index","follow":"follow","max-snippet":"max-snippet:-1","max-image-preview":"max-image-preview:large","max-video-preview":"max-video-preview:-1"},"canonical":"https:\/\/pro.dermalogica.ca\/fr\/the-elevate-your-education-scholarship\/","og_locale":"fr_FR","og_type":"article","og_title":"the Elevate Your Education scholarship - Dermalogica Canada PRO","og_description":"Am\u00e9liorez votre formation avec Dermalogica et The International Dermal Institute, gr\u00e2ce \u00e0 cette incroyable opportunit\u00e9 de bourse pour les futurs dipl\u00f4m\u00e9s et les th\u00e9rapeutes de la peau nouvellement agr\u00e9\u00e9s aux \u00c9tats-Unis.","og_url":"https:\/\/pro.dermalogica.ca\/fr\/the-elevate-your-education-scholarship\/","og_site_name":"Dermalogica Canada PRO","article_modified_time":"2025-02-20T19:16:25+00:00","twitter_card":"summary_large_image","schema":{"@context":"https:\/\/schema.org","@graph":[{"@type":"WebPage","@id":"https:\/\/pro.dermalogica.ca\/fr\/the-elevate-your-education-scholarship\/","url":"https:\/\/pro.dermalogica.ca\/fr\/the-elevate-your-education-scholarship\/","name":"the Elevate Your Education scholarship - Dermalogica Canada PRO","isPartOf":{"@id":"https:\/\/pro.dermalogica.ca\/#website"},"datePublished":"2021-10-28T13:27:09+00:00","dateModified":"2025-02-20T19:16:25+00:00","description":"Am\u00e9liorez votre formation avec Dermalogica et The International Dermal Institute, gr\u00e2ce \u00e0 cette incroyable opportunit\u00e9 de bourse pour les futurs dipl\u00f4m\u00e9s et les th\u00e9rapeutes de la peau nouvellement agr\u00e9\u00e9s aux \u00c9tats-Unis.","breadcrumb":{"@id":"https:\/\/pro.dermalogica.ca\/fr\/the-elevate-your-education-scholarship\/#breadcrumb"},"inLanguage":"fr-FR","potentialAction":[{"@type":"ReadAction","target":["https:\/\/pro.dermalogica.ca\/fr\/the-elevate-your-education-scholarship\/"]}]},{"@type":"BreadcrumbList","@id":"https:\/\/pro.dermalogica.ca\/fr\/the-elevate-your-education-scholarship\/#breadcrumb","itemListElement":[{"@type":"ListItem","position":1,"name":"Home","item":"https:\/\/pro.dermalogica.ca\/fr\/homepage-march-2026\/"},{"@type":"ListItem","position":2,"name":"the Elevate Your Education scholarship"}]},{"@type":"WebSite","@id":"https:\/\/pro.dermalogica.ca\/#website","url":"https:\/\/pro.dermalogica.ca\/","name":"Dermalogica Canada PRO","description":"Expertise brand with professional-grade products and skin treatments rooted in education","publisher":{"@id":"https:\/\/pro.dermalogica.ca\/#organization"},"potentialAction":[{"@type":"SearchAction","target":{"@type":"EntryPoint","urlTemplate":"https:\/\/pro.dermalogica.ca\/?s={search_term_string}"},"query-input":{"@type":"PropertyValueSpecification","valueRequired":true,"valueName":"search_term_string"}}],"inLanguage":"fr-FR"},{"@type":"Organization","@id":"https:\/\/pro.dermalogica.ca\/#organization","name":"Dermalogica","url":"https:\/\/pro.dermalogica.ca\/","logo":{"@type":"ImageObject","inLanguage":"fr-FR","@id":"https:\/\/pro.dermalogica.ca\/#\/schema\/logo\/image\/","url":"https:\/\/pro.dermalogica.ca\/wp-content\/uploads\/2021\/02\/dermalogica-logo_215x25.png","contentUrl":"https:\/\/pro.dermalogica.ca\/wp-content\/uploads\/2021\/02\/dermalogica-logo_215x25.png","width":214,"height":25,"caption":"Dermalogica"},"image":{"@id":"https:\/\/pro.dermalogica.ca\/#\/schema\/logo\/image\/"}}]}},"_links":{"self":[{"href":"https:\/\/pro.dermalogica.ca\/fr\/wp-json\/wp\/v2\/pages\/39547","targetHints":{"allow":["GET"]}}],"collection":[{"href":"https:\/\/pro.dermalogica.ca\/fr\/wp-json\/wp\/v2\/pages"}],"about":[{"href":"https:\/\/pro.dermalogica.ca\/fr\/wp-json\/wp\/v2\/types\/page"}],"author":[{"embeddable":true,"href":"https:\/\/pro.dermalogica.ca\/fr\/wp-json\/wp\/v2\/users\/1"}],"replies":[{"embeddable":true,"href":"https:\/\/pro.dermalogica.ca\/fr\/wp-json\/wp\/v2\/comments?post=39547"}],"version-history":[{"count":0,"href":"https:\/\/pro.dermalogica.ca\/fr\/wp-json\/wp\/v2\/pages\/39547\/revisions"}],"wp:attachment":[{"href":"https:\/\/pro.dermalogica.ca\/fr\/wp-json\/wp\/v2\/media?parent=39547"}],"curies":[{"name":"wp","href":"https:\/\/api.w.org\/{rel}","templated":true}]}}