{"id":39552,"date":"2021-05-14T09:40:21","date_gmt":"2021-05-14T13:40:21","guid":{"rendered":"https:\/\/pro.dermalogica.ca\/latest-innovation-retail-srs\/"},"modified":"2025-03-19T09:37:48","modified_gmt":"2025-03-19T13:37:48","slug":"latest-innovation-retail-srs","status":"publish","type":"page","link":"https:\/\/pro.dermalogica.ca\/fr\/latest-innovation-retail-srs\/","title":{"rendered":"Latest innovation retail &#8211; srs"},"content":{"rendered":"","protected":false},"excerpt":{"rendered":"","protected":false},"author":1,"featured_media":38363,"parent":0,"menu_order":38,"comment_status":"closed","ping_status":"closed","template":"flexible-content.php","meta":{"_acf_changed":false,"inline_featured_image":false,"footnotes":""},"class_list":["post-39552","page","type-page","status-publish","has-post-thumbnail","hentry"],"acf":[],"yoast_head":"<!-- This site is optimized with the Yoast SEO plugin v24.3 - https:\/\/yoast.com\/wordpress\/plugins\/seo\/ -->\n<title>Dermalogica Canada PRO - S\u00e9rum Smart Response<\/title>\n<meta name=\"description\" content=\"Le s\u00e9rum intelligent de nouvelle g\u00e9n\u00e9ration apporte \u00e0 votre peau ce dont elle a besoin, quand elle en a besoin. La technologie SmartResponse r\u00e9agit aux besoins de la peau pour l&#039;hydrater, l&#039;\u00e9claircir, l&#039;apaiser et att\u00e9nuer les rides et ridules.Notre peau change constamment, non seulement selon les saisons mais aussi d&#039;un jour \u00e0 l&#039;autre - en r\u00e9ponse \u00e0 notre climat, notre alimentation, le stress et un certain nombre d&#039;autres facteurs. En activant des ingr\u00e9dients cl\u00e9s sur diff\u00e9rentes zones du visage en r\u00e9ponse aux microchangements de la peau, le s\u00e9rum Smart Response est capable d&#039;agir au moment, \u00e0 l&#039;endroit et de la mani\u00e8re dont la peau en a besoin.\" \/>\n<meta name=\"robots\" content=\"index, follow, max-snippet:-1, max-image-preview:large, max-video-preview:-1\" \/>\n<link rel=\"canonical\" href=\"https:\/\/pro.dermalogica.ca\/fr\/latest-innovation-retail-srs\/\" \/>\n<meta property=\"og:locale\" content=\"fr_FR\" \/>\n<meta property=\"og:type\" content=\"article\" \/>\n<meta property=\"og:title\" content=\"S\u00e9rum Smart Response\" \/>\n<meta property=\"og:description\" content=\"Le s\u00e9rum intelligent de nouvelle g\u00e9n\u00e9ration apporte \u00e0 votre peau ce dont elle a besoin, quand elle en a besoin. La technologie SmartResponse r\u00e9agit aux besoins de la peau pour l&#039;hydrater, l&#039;\u00e9claircir, l&#039;apaiser et att\u00e9nuer les rides et ridules.Notre peau change constamment, non seulement selon les saisons mais aussi d&#039;un jour \u00e0 l&#039;autre - en r\u00e9ponse \u00e0 notre climat, notre alimentation, le stress et un certain nombre d&#039;autres facteurs. En activant des ingr\u00e9dients cl\u00e9s sur diff\u00e9rentes zones du visage en r\u00e9ponse aux microchangements de la peau, le s\u00e9rum Smart Response est capable d&#039;agir au moment, \u00e0 l&#039;endroit et de la mani\u00e8re dont la peau en a besoin.\" \/>\n<meta property=\"og:url\" content=\"https:\/\/pro.dermalogica.ca\/fr\/latest-innovation-retail-srs\/\" \/>\n<meta property=\"og:site_name\" content=\"Dermalogica Canada PRO\" \/>\n<meta property=\"article:modified_time\" content=\"2025-03-19T13:37:48+00:00\" \/>\n<meta property=\"og:image\" content=\"https:\/\/pro.dermalogica.ca\/wp-content\/uploads\/2021\/02\/Hero-Image-Angled-Smart-Response-Serum-scaled.jpg\" \/>\n<meta name=\"twitter:card\" content=\"summary_large_image\" \/>\n<meta name=\"twitter:title\" content=\"S\u00e9rum Smart Response\" \/>\n<meta name=\"twitter:image\" content=\"https:\/\/pro.dermalogica.ca\/wp-content\/uploads\/2021\/02\/Hero-Image-Angled-Smart-Response-Serum-scaled.jpg\" \/>\n<script type=\"application\/ld+json\" class=\"yoast-schema-graph\">{\"@context\":\"https:\/\/schema.org\",\"@graph\":[{\"@type\":\"WebPage\",\"@id\":\"https:\/\/pro.dermalogica.ca\/fr\/latest-innovation-retail-srs\/\",\"url\":\"https:\/\/pro.dermalogica.ca\/fr\/latest-innovation-retail-srs\/\",\"name\":\"Dermalogica Canada PRO - S\u00e9rum Smart Response\",\"isPartOf\":{\"@id\":\"https:\/\/pro.dermalogica.ca\/#website\"},\"primaryImageOfPage\":{\"@id\":\"https:\/\/pro.dermalogica.ca\/fr\/latest-innovation-retail-srs\/#primaryimage\"},\"image\":{\"@id\":\"https:\/\/pro.dermalogica.ca\/fr\/latest-innovation-retail-srs\/#primaryimage\"},\"thumbnailUrl\":\"https:\/\/pro.dermalogica.ca\/wp-content\/uploads\/2021\/02\/Hero-Image-Angled-Smart-Response-Serum-scaled-e1614189536891.jpg\",\"datePublished\":\"2021-05-14T13:40:21+00:00\",\"dateModified\":\"2025-03-19T13:37:48+00:00\",\"description\":\"Le s\u00e9rum intelligent de nouvelle g\u00e9n\u00e9ration apporte \u00e0 votre peau ce dont elle a besoin, quand elle en a besoin. La technologie SmartResponse r\u00e9agit aux besoins de la peau pour l'hydrater, l'\u00e9claircir, l'apaiser et att\u00e9nuer les rides et ridules.Notre peau change constamment, non seulement selon les saisons mais aussi d'un jour \u00e0 l'autre - en r\u00e9ponse \u00e0 notre climat, notre alimentation, le stress et un certain nombre d'autres facteurs. En activant des ingr\u00e9dients cl\u00e9s sur diff\u00e9rentes zones du visage en r\u00e9ponse aux microchangements de la peau, le s\u00e9rum Smart Response est capable d'agir au moment, \u00e0 l'endroit et de la mani\u00e8re dont la peau en a besoin.\",\"breadcrumb\":{\"@id\":\"https:\/\/pro.dermalogica.ca\/fr\/latest-innovation-retail-srs\/#breadcrumb\"},\"inLanguage\":\"fr-FR\",\"potentialAction\":[{\"@type\":\"ReadAction\",\"target\":[\"https:\/\/pro.dermalogica.ca\/fr\/latest-innovation-retail-srs\/\"]}]},{\"@type\":\"ImageObject\",\"inLanguage\":\"fr-FR\",\"@id\":\"https:\/\/pro.dermalogica.ca\/fr\/latest-innovation-retail-srs\/#primaryimage\",\"url\":\"https:\/\/pro.dermalogica.ca\/wp-content\/uploads\/2021\/02\/Hero-Image-Angled-Smart-Response-Serum-scaled-e1614189536891.jpg\",\"contentUrl\":\"https:\/\/pro.dermalogica.ca\/wp-content\/uploads\/2021\/02\/Hero-Image-Angled-Smart-Response-Serum-scaled-e1614189536891.jpg\",\"width\":2079,\"height\":1143,\"caption\":\"Smart Response Serum\"},{\"@type\":\"BreadcrumbList\",\"@id\":\"https:\/\/pro.dermalogica.ca\/fr\/latest-innovation-retail-srs\/#breadcrumb\",\"itemListElement\":[{\"@type\":\"ListItem\",\"position\":1,\"name\":\"Home\",\"item\":\"https:\/\/pro.dermalogica.ca\/fr\/homepage-march-2026\/\"},{\"@type\":\"ListItem\",\"position\":2,\"name\":\"Latest innovation retail &#8211; srs\"}]},{\"@type\":\"WebSite\",\"@id\":\"https:\/\/pro.dermalogica.ca\/#website\",\"url\":\"https:\/\/pro.dermalogica.ca\/\",\"name\":\"Dermalogica Canada PRO\",\"description\":\"Expertise brand with professional-grade products and skin treatments rooted in education\",\"publisher\":{\"@id\":\"https:\/\/pro.dermalogica.ca\/#organization\"},\"potentialAction\":[{\"@type\":\"SearchAction\",\"target\":{\"@type\":\"EntryPoint\",\"urlTemplate\":\"https:\/\/pro.dermalogica.ca\/?s={search_term_string}\"},\"query-input\":{\"@type\":\"PropertyValueSpecification\",\"valueRequired\":true,\"valueName\":\"search_term_string\"}}],\"inLanguage\":\"fr-FR\"},{\"@type\":\"Organization\",\"@id\":\"https:\/\/pro.dermalogica.ca\/#organization\",\"name\":\"Dermalogica\",\"url\":\"https:\/\/pro.dermalogica.ca\/\",\"logo\":{\"@type\":\"ImageObject\",\"inLanguage\":\"fr-FR\",\"@id\":\"https:\/\/pro.dermalogica.ca\/#\/schema\/logo\/image\/\",\"url\":\"https:\/\/pro.dermalogica.ca\/wp-content\/uploads\/2021\/02\/dermalogica-logo_215x25.png\",\"contentUrl\":\"https:\/\/pro.dermalogica.ca\/wp-content\/uploads\/2021\/02\/dermalogica-logo_215x25.png\",\"width\":214,\"height\":25,\"caption\":\"Dermalogica\"},\"image\":{\"@id\":\"https:\/\/pro.dermalogica.ca\/#\/schema\/logo\/image\/\"}}]}<\/script>\n<!-- \/ Yoast SEO plugin. -->","yoast_head_json":{"title":"Dermalogica Canada PRO - S\u00e9rum Smart Response","description":"Le s\u00e9rum intelligent de nouvelle g\u00e9n\u00e9ration apporte \u00e0 votre peau ce dont elle a besoin, quand elle en a besoin. La technologie SmartResponse r\u00e9agit aux besoins de la peau pour l'hydrater, l'\u00e9claircir, l'apaiser et att\u00e9nuer les rides et ridules.Notre peau change constamment, non seulement selon les saisons mais aussi d'un jour \u00e0 l'autre - en r\u00e9ponse \u00e0 notre climat, notre alimentation, le stress et un certain nombre d'autres facteurs. En activant des ingr\u00e9dients cl\u00e9s sur diff\u00e9rentes zones du visage en r\u00e9ponse aux microchangements de la peau, le s\u00e9rum Smart Response est capable d'agir au moment, \u00e0 l'endroit et de la mani\u00e8re dont la peau en a besoin.","robots":{"index":"index","follow":"follow","max-snippet":"max-snippet:-1","max-image-preview":"max-image-preview:large","max-video-preview":"max-video-preview:-1"},"canonical":"https:\/\/pro.dermalogica.ca\/fr\/latest-innovation-retail-srs\/","og_locale":"fr_FR","og_type":"article","og_title":"S\u00e9rum Smart Response","og_description":"Le s\u00e9rum intelligent de nouvelle g\u00e9n\u00e9ration apporte \u00e0 votre peau ce dont elle a besoin, quand elle en a besoin. La technologie SmartResponse r\u00e9agit aux besoins de la peau pour l'hydrater, l'\u00e9claircir, l'apaiser et att\u00e9nuer les rides et ridules.Notre peau change constamment, non seulement selon les saisons mais aussi d'un jour \u00e0 l'autre - en r\u00e9ponse \u00e0 notre climat, notre alimentation, le stress et un certain nombre d'autres facteurs. En activant des ingr\u00e9dients cl\u00e9s sur diff\u00e9rentes zones du visage en r\u00e9ponse aux microchangements de la peau, le s\u00e9rum Smart Response est capable d'agir au moment, \u00e0 l'endroit et de la mani\u00e8re dont la peau en a besoin.","og_url":"https:\/\/pro.dermalogica.ca\/fr\/latest-innovation-retail-srs\/","og_site_name":"Dermalogica Canada PRO","article_modified_time":"2025-03-19T13:37:48+00:00","og_image":[{"url":"https:\/\/pro.dermalogica.ca\/wp-content\/uploads\/2021\/02\/Hero-Image-Angled-Smart-Response-Serum-scaled.jpg","type":"","width":"","height":""}],"twitter_card":"summary_large_image","twitter_title":"S\u00e9rum Smart Response","twitter_image":"https:\/\/pro.dermalogica.ca\/wp-content\/uploads\/2021\/02\/Hero-Image-Angled-Smart-Response-Serum-scaled.jpg","schema":{"@context":"https:\/\/schema.org","@graph":[{"@type":"WebPage","@id":"https:\/\/pro.dermalogica.ca\/fr\/latest-innovation-retail-srs\/","url":"https:\/\/pro.dermalogica.ca\/fr\/latest-innovation-retail-srs\/","name":"Dermalogica Canada PRO - S\u00e9rum Smart Response","isPartOf":{"@id":"https:\/\/pro.dermalogica.ca\/#website"},"primaryImageOfPage":{"@id":"https:\/\/pro.dermalogica.ca\/fr\/latest-innovation-retail-srs\/#primaryimage"},"image":{"@id":"https:\/\/pro.dermalogica.ca\/fr\/latest-innovation-retail-srs\/#primaryimage"},"thumbnailUrl":"https:\/\/pro.dermalogica.ca\/wp-content\/uploads\/2021\/02\/Hero-Image-Angled-Smart-Response-Serum-scaled-e1614189536891.jpg","datePublished":"2021-05-14T13:40:21+00:00","dateModified":"2025-03-19T13:37:48+00:00","description":"Le s\u00e9rum intelligent de nouvelle g\u00e9n\u00e9ration apporte \u00e0 votre peau ce dont elle a besoin, quand elle en a besoin. La technologie SmartResponse r\u00e9agit aux besoins de la peau pour l'hydrater, l'\u00e9claircir, l'apaiser et att\u00e9nuer les rides et ridules.Notre peau change constamment, non seulement selon les saisons mais aussi d'un jour \u00e0 l'autre - en r\u00e9ponse \u00e0 notre climat, notre alimentation, le stress et un certain nombre d'autres facteurs. En activant des ingr\u00e9dients cl\u00e9s sur diff\u00e9rentes zones du visage en r\u00e9ponse aux microchangements de la peau, le s\u00e9rum Smart Response est capable d'agir au moment, \u00e0 l'endroit et de la mani\u00e8re dont la peau en a besoin.","breadcrumb":{"@id":"https:\/\/pro.dermalogica.ca\/fr\/latest-innovation-retail-srs\/#breadcrumb"},"inLanguage":"fr-FR","potentialAction":[{"@type":"ReadAction","target":["https:\/\/pro.dermalogica.ca\/fr\/latest-innovation-retail-srs\/"]}]},{"@type":"ImageObject","inLanguage":"fr-FR","@id":"https:\/\/pro.dermalogica.ca\/fr\/latest-innovation-retail-srs\/#primaryimage","url":"https:\/\/pro.dermalogica.ca\/wp-content\/uploads\/2021\/02\/Hero-Image-Angled-Smart-Response-Serum-scaled-e1614189536891.jpg","contentUrl":"https:\/\/pro.dermalogica.ca\/wp-content\/uploads\/2021\/02\/Hero-Image-Angled-Smart-Response-Serum-scaled-e1614189536891.jpg","width":2079,"height":1143,"caption":"Smart Response Serum"},{"@type":"BreadcrumbList","@id":"https:\/\/pro.dermalogica.ca\/fr\/latest-innovation-retail-srs\/#breadcrumb","itemListElement":[{"@type":"ListItem","position":1,"name":"Home","item":"https:\/\/pro.dermalogica.ca\/fr\/homepage-march-2026\/"},{"@type":"ListItem","position":2,"name":"Latest innovation retail &#8211; srs"}]},{"@type":"WebSite","@id":"https:\/\/pro.dermalogica.ca\/#website","url":"https:\/\/pro.dermalogica.ca\/","name":"Dermalogica Canada PRO","description":"Expertise brand with professional-grade products and skin treatments rooted in education","publisher":{"@id":"https:\/\/pro.dermalogica.ca\/#organization"},"potentialAction":[{"@type":"SearchAction","target":{"@type":"EntryPoint","urlTemplate":"https:\/\/pro.dermalogica.ca\/?s={search_term_string}"},"query-input":{"@type":"PropertyValueSpecification","valueRequired":true,"valueName":"search_term_string"}}],"inLanguage":"fr-FR"},{"@type":"Organization","@id":"https:\/\/pro.dermalogica.ca\/#organization","name":"Dermalogica","url":"https:\/\/pro.dermalogica.ca\/","logo":{"@type":"ImageObject","inLanguage":"fr-FR","@id":"https:\/\/pro.dermalogica.ca\/#\/schema\/logo\/image\/","url":"https:\/\/pro.dermalogica.ca\/wp-content\/uploads\/2021\/02\/dermalogica-logo_215x25.png","contentUrl":"https:\/\/pro.dermalogica.ca\/wp-content\/uploads\/2021\/02\/dermalogica-logo_215x25.png","width":214,"height":25,"caption":"Dermalogica"},"image":{"@id":"https:\/\/pro.dermalogica.ca\/#\/schema\/logo\/image\/"}}]}},"_links":{"self":[{"href":"https:\/\/pro.dermalogica.ca\/fr\/wp-json\/wp\/v2\/pages\/39552","targetHints":{"allow":["GET"]}}],"collection":[{"href":"https:\/\/pro.dermalogica.ca\/fr\/wp-json\/wp\/v2\/pages"}],"about":[{"href":"https:\/\/pro.dermalogica.ca\/fr\/wp-json\/wp\/v2\/types\/page"}],"author":[{"embeddable":true,"href":"https:\/\/pro.dermalogica.ca\/fr\/wp-json\/wp\/v2\/users\/1"}],"replies":[{"embeddable":true,"href":"https:\/\/pro.dermalogica.ca\/fr\/wp-json\/wp\/v2\/comments?post=39552"}],"version-history":[{"count":0,"href":"https:\/\/pro.dermalogica.ca\/fr\/wp-json\/wp\/v2\/pages\/39552\/revisions"}],"wp:featuredmedia":[{"embeddable":true,"href":"https:\/\/pro.dermalogica.ca\/fr\/wp-json\/wp\/v2\/media\/38363"}],"wp:attachment":[{"href":"https:\/\/pro.dermalogica.ca\/fr\/wp-json\/wp\/v2\/media?parent=39552"}],"curies":[{"name":"wp","href":"https:\/\/api.w.org\/{rel}","templated":true}]}}