{"id":39555,"date":"2021-02-25T09:00:57","date_gmt":"2021-02-25T14:00:57","guid":{"rendered":"https:\/\/pro.dermalogica.ca\/latest-innovation-retail-powerbright-dark-spot-serum\/"},"modified":"2025-03-19T09:37:47","modified_gmt":"2025-03-19T13:37:47","slug":"latest-innovation-retail-powerbright-dark-spot-serum","status":"publish","type":"page","link":"https:\/\/pro.dermalogica.ca\/fr\/latest-innovation-retail-powerbright-dark-spot-serum\/","title":{"rendered":"Latest innovation retail &#8211; powerbright dark spot serum"},"content":{"rendered":"","protected":false},"excerpt":{"rendered":"","protected":false},"author":1,"featured_media":38362,"parent":0,"menu_order":23,"comment_status":"closed","ping_status":"closed","template":"flexible-content.php","meta":{"_acf_changed":false,"inline_featured_image":false,"footnotes":""},"class_list":["post-39555","page","type-page","status-publish","has-post-thumbnail","hentry"],"acf":[],"yoast_head":"<!-- This site is optimized with the Yoast SEO plugin v24.3 - https:\/\/yoast.com\/wordpress\/plugins\/seo\/ -->\n<title>Dermalogica Canada PRO - S\u00e9rum anti-taches PowerBright<\/title>\n<meta name=\"description\" content=\"Formul\u00e9 avec des ingr\u00e9dients de haute technologie qui commencent \u00e0 agir rapidement, le s\u00e9rum PowerBright Dark Spot Serum estompe visiblement les taches brunes en quelques jours seulement - et continue d&#039;agir au fil du temps pour offrir une peau lisse et plus uniforme. Ce s\u00e9rum avanc\u00e9 commence \u00e0 att\u00e9nuer rapidement l&#039;apparence de la pigmentation irr\u00e9guli\u00e8re et continue \u00e0 agir pour uniformiser le teint de la peau au fil du temps.\" \/>\n<meta name=\"robots\" content=\"index, follow, max-snippet:-1, max-image-preview:large, max-video-preview:-1\" \/>\n<link rel=\"canonical\" href=\"https:\/\/pro.dermalogica.ca\/fr\/latest-innovation-retail-powerbright-dark-spot-serum\/\" \/>\n<meta property=\"og:locale\" content=\"fr_FR\" \/>\n<meta property=\"og:type\" content=\"article\" \/>\n<meta property=\"og:title\" content=\"S\u00e9rum anti-taches PowerBright\" \/>\n<meta property=\"og:description\" content=\"Formul\u00e9 avec des ingr\u00e9dients de haute technologie qui commencent \u00e0 agir rapidement, le s\u00e9rum PowerBright Dark Spot Serum estompe visiblement les taches brunes en quelques jours seulement - et continue d&#039;agir au fil du temps pour offrir une peau lisse et plus uniforme. Ce s\u00e9rum avanc\u00e9 commence \u00e0 att\u00e9nuer rapidement l&#039;apparence de la pigmentation irr\u00e9guli\u00e8re et continue \u00e0 agir pour uniformiser le teint de la peau au fil du temps.\" \/>\n<meta property=\"og:url\" content=\"https:\/\/pro.dermalogica.ca\/fr\/latest-innovation-retail-powerbright-dark-spot-serum\/\" \/>\n<meta property=\"og:site_name\" content=\"Dermalogica Canada PRO\" \/>\n<meta property=\"article:modified_time\" content=\"2025-03-19T13:37:47+00:00\" \/>\n<meta property=\"og:image\" content=\"https:\/\/pro.dermalogica.ca\/wp-content\/uploads\/2021\/02\/Hero-Product-Image-PowerBright-Dark-Spot-Serum-scaled.jpg\" \/>\n<meta name=\"twitter:card\" content=\"summary_large_image\" \/>\n<meta name=\"twitter:title\" content=\"S\u00e9rum anti-taches PowerBright\" \/>\n<meta name=\"twitter:description\" content=\"Formul\u00e9 avec des ingr\u00e9dients de haute technologie qui commencent \u00e0 agir rapidement, le s\u00e9rum PowerBright Dark Spot Serum estompe visiblement les taches brunes en quelques jours seulement - et continue d&#039;agir au fil du temps pour offrir une peau lisse et plus uniforme. Ce s\u00e9rum avanc\u00e9 commence \u00e0 att\u00e9nuer rapidement l&#039;apparence de la pigmentation irr\u00e9guli\u00e8re et continue \u00e0 agir pour uniformiser le teint de la peau au fil du temps.\" \/>\n<meta name=\"twitter:image\" content=\"https:\/\/pro.dermalogica.ca\/wp-content\/uploads\/2021\/02\/Hero-Product-Image-PowerBright-Dark-Spot-Serum-scaled.jpg\" \/>\n<script type=\"application\/ld+json\" class=\"yoast-schema-graph\">{\"@context\":\"https:\/\/schema.org\",\"@graph\":[{\"@type\":\"WebPage\",\"@id\":\"https:\/\/pro.dermalogica.ca\/fr\/latest-innovation-retail-powerbright-dark-spot-serum\/\",\"url\":\"https:\/\/pro.dermalogica.ca\/fr\/latest-innovation-retail-powerbright-dark-spot-serum\/\",\"name\":\"Dermalogica Canada PRO - S\u00e9rum anti-taches PowerBright\",\"isPartOf\":{\"@id\":\"https:\/\/pro.dermalogica.ca\/#website\"},\"primaryImageOfPage\":{\"@id\":\"https:\/\/pro.dermalogica.ca\/fr\/latest-innovation-retail-powerbright-dark-spot-serum\/#primaryimage\"},\"image\":{\"@id\":\"https:\/\/pro.dermalogica.ca\/fr\/latest-innovation-retail-powerbright-dark-spot-serum\/#primaryimage\"},\"thumbnailUrl\":\"https:\/\/pro.dermalogica.ca\/wp-content\/uploads\/2021\/02\/Hero-Product-Image-PowerBright-Dark-Spot-Serum-scaled.jpg\",\"datePublished\":\"2021-02-25T14:00:57+00:00\",\"dateModified\":\"2025-03-19T13:37:47+00:00\",\"description\":\"Formul\u00e9 avec des ingr\u00e9dients de haute technologie qui commencent \u00e0 agir rapidement, le s\u00e9rum PowerBright Dark Spot Serum estompe visiblement les taches brunes en quelques jours seulement - et continue d'agir au fil du temps pour offrir une peau lisse et plus uniforme. Ce s\u00e9rum avanc\u00e9 commence \u00e0 att\u00e9nuer rapidement l'apparence de la pigmentation irr\u00e9guli\u00e8re et continue \u00e0 agir pour uniformiser le teint de la peau au fil du temps.\",\"breadcrumb\":{\"@id\":\"https:\/\/pro.dermalogica.ca\/fr\/latest-innovation-retail-powerbright-dark-spot-serum\/#breadcrumb\"},\"inLanguage\":\"fr-FR\",\"potentialAction\":[{\"@type\":\"ReadAction\",\"target\":[\"https:\/\/pro.dermalogica.ca\/fr\/latest-innovation-retail-powerbright-dark-spot-serum\/\"]}]},{\"@type\":\"ImageObject\",\"inLanguage\":\"fr-FR\",\"@id\":\"https:\/\/pro.dermalogica.ca\/fr\/latest-innovation-retail-powerbright-dark-spot-serum\/#primaryimage\",\"url\":\"https:\/\/pro.dermalogica.ca\/wp-content\/uploads\/2021\/02\/Hero-Product-Image-PowerBright-Dark-Spot-Serum-scaled.jpg\",\"contentUrl\":\"https:\/\/pro.dermalogica.ca\/wp-content\/uploads\/2021\/02\/Hero-Product-Image-PowerBright-Dark-Spot-Serum-scaled.jpg\",\"width\":2048,\"height\":2560,\"caption\":\"HyperFocal: 0\"},{\"@type\":\"BreadcrumbList\",\"@id\":\"https:\/\/pro.dermalogica.ca\/fr\/latest-innovation-retail-powerbright-dark-spot-serum\/#breadcrumb\",\"itemListElement\":[{\"@type\":\"ListItem\",\"position\":1,\"name\":\"Home\",\"item\":\"https:\/\/pro.dermalogica.ca\/fr\/homepage-march-2026\/\"},{\"@type\":\"ListItem\",\"position\":2,\"name\":\"Latest innovation retail &#8211; powerbright dark spot serum\"}]},{\"@type\":\"WebSite\",\"@id\":\"https:\/\/pro.dermalogica.ca\/#website\",\"url\":\"https:\/\/pro.dermalogica.ca\/\",\"name\":\"Dermalogica Canada PRO\",\"description\":\"Expertise brand with professional-grade products and skin treatments rooted in education\",\"publisher\":{\"@id\":\"https:\/\/pro.dermalogica.ca\/#organization\"},\"potentialAction\":[{\"@type\":\"SearchAction\",\"target\":{\"@type\":\"EntryPoint\",\"urlTemplate\":\"https:\/\/pro.dermalogica.ca\/?s={search_term_string}\"},\"query-input\":{\"@type\":\"PropertyValueSpecification\",\"valueRequired\":true,\"valueName\":\"search_term_string\"}}],\"inLanguage\":\"fr-FR\"},{\"@type\":\"Organization\",\"@id\":\"https:\/\/pro.dermalogica.ca\/#organization\",\"name\":\"Dermalogica\",\"url\":\"https:\/\/pro.dermalogica.ca\/\",\"logo\":{\"@type\":\"ImageObject\",\"inLanguage\":\"fr-FR\",\"@id\":\"https:\/\/pro.dermalogica.ca\/#\/schema\/logo\/image\/\",\"url\":\"https:\/\/pro.dermalogica.ca\/wp-content\/uploads\/2021\/02\/dermalogica-logo_215x25.png\",\"contentUrl\":\"https:\/\/pro.dermalogica.ca\/wp-content\/uploads\/2021\/02\/dermalogica-logo_215x25.png\",\"width\":214,\"height\":25,\"caption\":\"Dermalogica\"},\"image\":{\"@id\":\"https:\/\/pro.dermalogica.ca\/#\/schema\/logo\/image\/\"}}]}<\/script>\n<!-- \/ Yoast SEO plugin. -->","yoast_head_json":{"title":"Dermalogica Canada PRO - S\u00e9rum anti-taches PowerBright","description":"Formul\u00e9 avec des ingr\u00e9dients de haute technologie qui commencent \u00e0 agir rapidement, le s\u00e9rum PowerBright Dark Spot Serum estompe visiblement les taches brunes en quelques jours seulement - et continue d'agir au fil du temps pour offrir une peau lisse et plus uniforme. Ce s\u00e9rum avanc\u00e9 commence \u00e0 att\u00e9nuer rapidement l'apparence de la pigmentation irr\u00e9guli\u00e8re et continue \u00e0 agir pour uniformiser le teint de la peau au fil du temps.","robots":{"index":"index","follow":"follow","max-snippet":"max-snippet:-1","max-image-preview":"max-image-preview:large","max-video-preview":"max-video-preview:-1"},"canonical":"https:\/\/pro.dermalogica.ca\/fr\/latest-innovation-retail-powerbright-dark-spot-serum\/","og_locale":"fr_FR","og_type":"article","og_title":"S\u00e9rum anti-taches PowerBright","og_description":"Formul\u00e9 avec des ingr\u00e9dients de haute technologie qui commencent \u00e0 agir rapidement, le s\u00e9rum PowerBright Dark Spot Serum estompe visiblement les taches brunes en quelques jours seulement - et continue d'agir au fil du temps pour offrir une peau lisse et plus uniforme. Ce s\u00e9rum avanc\u00e9 commence \u00e0 att\u00e9nuer rapidement l'apparence de la pigmentation irr\u00e9guli\u00e8re et continue \u00e0 agir pour uniformiser le teint de la peau au fil du temps.","og_url":"https:\/\/pro.dermalogica.ca\/fr\/latest-innovation-retail-powerbright-dark-spot-serum\/","og_site_name":"Dermalogica Canada PRO","article_modified_time":"2025-03-19T13:37:47+00:00","og_image":[{"url":"https:\/\/pro.dermalogica.ca\/wp-content\/uploads\/2021\/02\/Hero-Product-Image-PowerBright-Dark-Spot-Serum-scaled.jpg","type":"","width":"","height":""}],"twitter_card":"summary_large_image","twitter_title":"S\u00e9rum anti-taches PowerBright","twitter_description":"Formul\u00e9 avec des ingr\u00e9dients de haute technologie qui commencent \u00e0 agir rapidement, le s\u00e9rum PowerBright Dark Spot Serum estompe visiblement les taches brunes en quelques jours seulement - et continue d'agir au fil du temps pour offrir une peau lisse et plus uniforme. Ce s\u00e9rum avanc\u00e9 commence \u00e0 att\u00e9nuer rapidement l'apparence de la pigmentation irr\u00e9guli\u00e8re et continue \u00e0 agir pour uniformiser le teint de la peau au fil du temps.","twitter_image":"https:\/\/pro.dermalogica.ca\/wp-content\/uploads\/2021\/02\/Hero-Product-Image-PowerBright-Dark-Spot-Serum-scaled.jpg","schema":{"@context":"https:\/\/schema.org","@graph":[{"@type":"WebPage","@id":"https:\/\/pro.dermalogica.ca\/fr\/latest-innovation-retail-powerbright-dark-spot-serum\/","url":"https:\/\/pro.dermalogica.ca\/fr\/latest-innovation-retail-powerbright-dark-spot-serum\/","name":"Dermalogica Canada PRO - S\u00e9rum anti-taches PowerBright","isPartOf":{"@id":"https:\/\/pro.dermalogica.ca\/#website"},"primaryImageOfPage":{"@id":"https:\/\/pro.dermalogica.ca\/fr\/latest-innovation-retail-powerbright-dark-spot-serum\/#primaryimage"},"image":{"@id":"https:\/\/pro.dermalogica.ca\/fr\/latest-innovation-retail-powerbright-dark-spot-serum\/#primaryimage"},"thumbnailUrl":"https:\/\/pro.dermalogica.ca\/wp-content\/uploads\/2021\/02\/Hero-Product-Image-PowerBright-Dark-Spot-Serum-scaled.jpg","datePublished":"2021-02-25T14:00:57+00:00","dateModified":"2025-03-19T13:37:47+00:00","description":"Formul\u00e9 avec des ingr\u00e9dients de haute technologie qui commencent \u00e0 agir rapidement, le s\u00e9rum PowerBright Dark Spot Serum estompe visiblement les taches brunes en quelques jours seulement - et continue d'agir au fil du temps pour offrir une peau lisse et plus uniforme. Ce s\u00e9rum avanc\u00e9 commence \u00e0 att\u00e9nuer rapidement l'apparence de la pigmentation irr\u00e9guli\u00e8re et continue \u00e0 agir pour uniformiser le teint de la peau au fil du temps.","breadcrumb":{"@id":"https:\/\/pro.dermalogica.ca\/fr\/latest-innovation-retail-powerbright-dark-spot-serum\/#breadcrumb"},"inLanguage":"fr-FR","potentialAction":[{"@type":"ReadAction","target":["https:\/\/pro.dermalogica.ca\/fr\/latest-innovation-retail-powerbright-dark-spot-serum\/"]}]},{"@type":"ImageObject","inLanguage":"fr-FR","@id":"https:\/\/pro.dermalogica.ca\/fr\/latest-innovation-retail-powerbright-dark-spot-serum\/#primaryimage","url":"https:\/\/pro.dermalogica.ca\/wp-content\/uploads\/2021\/02\/Hero-Product-Image-PowerBright-Dark-Spot-Serum-scaled.jpg","contentUrl":"https:\/\/pro.dermalogica.ca\/wp-content\/uploads\/2021\/02\/Hero-Product-Image-PowerBright-Dark-Spot-Serum-scaled.jpg","width":2048,"height":2560,"caption":"HyperFocal: 0"},{"@type":"BreadcrumbList","@id":"https:\/\/pro.dermalogica.ca\/fr\/latest-innovation-retail-powerbright-dark-spot-serum\/#breadcrumb","itemListElement":[{"@type":"ListItem","position":1,"name":"Home","item":"https:\/\/pro.dermalogica.ca\/fr\/homepage-march-2026\/"},{"@type":"ListItem","position":2,"name":"Latest innovation retail &#8211; powerbright dark spot serum"}]},{"@type":"WebSite","@id":"https:\/\/pro.dermalogica.ca\/#website","url":"https:\/\/pro.dermalogica.ca\/","name":"Dermalogica Canada PRO","description":"Expertise brand with professional-grade products and skin treatments rooted in education","publisher":{"@id":"https:\/\/pro.dermalogica.ca\/#organization"},"potentialAction":[{"@type":"SearchAction","target":{"@type":"EntryPoint","urlTemplate":"https:\/\/pro.dermalogica.ca\/?s={search_term_string}"},"query-input":{"@type":"PropertyValueSpecification","valueRequired":true,"valueName":"search_term_string"}}],"inLanguage":"fr-FR"},{"@type":"Organization","@id":"https:\/\/pro.dermalogica.ca\/#organization","name":"Dermalogica","url":"https:\/\/pro.dermalogica.ca\/","logo":{"@type":"ImageObject","inLanguage":"fr-FR","@id":"https:\/\/pro.dermalogica.ca\/#\/schema\/logo\/image\/","url":"https:\/\/pro.dermalogica.ca\/wp-content\/uploads\/2021\/02\/dermalogica-logo_215x25.png","contentUrl":"https:\/\/pro.dermalogica.ca\/wp-content\/uploads\/2021\/02\/dermalogica-logo_215x25.png","width":214,"height":25,"caption":"Dermalogica"},"image":{"@id":"https:\/\/pro.dermalogica.ca\/#\/schema\/logo\/image\/"}}]}},"_links":{"self":[{"href":"https:\/\/pro.dermalogica.ca\/fr\/wp-json\/wp\/v2\/pages\/39555","targetHints":{"allow":["GET"]}}],"collection":[{"href":"https:\/\/pro.dermalogica.ca\/fr\/wp-json\/wp\/v2\/pages"}],"about":[{"href":"https:\/\/pro.dermalogica.ca\/fr\/wp-json\/wp\/v2\/types\/page"}],"author":[{"embeddable":true,"href":"https:\/\/pro.dermalogica.ca\/fr\/wp-json\/wp\/v2\/users\/1"}],"replies":[{"embeddable":true,"href":"https:\/\/pro.dermalogica.ca\/fr\/wp-json\/wp\/v2\/comments?post=39555"}],"version-history":[{"count":0,"href":"https:\/\/pro.dermalogica.ca\/fr\/wp-json\/wp\/v2\/pages\/39555\/revisions"}],"wp:featuredmedia":[{"embeddable":true,"href":"https:\/\/pro.dermalogica.ca\/fr\/wp-json\/wp\/v2\/media\/38362"}],"wp:attachment":[{"href":"https:\/\/pro.dermalogica.ca\/fr\/wp-json\/wp\/v2\/media?parent=39555"}],"curies":[{"name":"wp","href":"https:\/\/api.w.org\/{rel}","templated":true}]}}