{"id":39556,"date":"2020-12-09T16:21:50","date_gmt":"2020-12-09T21:21:50","guid":{"rendered":"https:\/\/pro.dermalogica.ca\/the-book\/"},"modified":"2025-02-20T14:15:26","modified_gmt":"2025-02-20T19:15:26","slug":"the-book","status":"publish","type":"page","link":"https:\/\/pro.dermalogica.ca\/fr\/the-book\/","title":{"rendered":"the book"},"content":{"rendered":"","protected":false},"excerpt":{"rendered":"","protected":false},"author":1,"featured_media":0,"parent":0,"menu_order":47,"comment_status":"closed","ping_status":"closed","template":"flexible-content.php","meta":{"_acf_changed":false,"inline_featured_image":false,"footnotes":""},"class_list":["post-39556","page","type-page","status-publish","hentry"],"acf":[],"yoast_head":"<!-- This site is optimized with the Yoast SEO plugin v24.3 - https:\/\/yoast.com\/wordpress\/plugins\/seo\/ -->\n<title>the book - Dermalogica Canada PRO<\/title>\n<meta name=\"description\" content=\"Le livre est le guide ultime des th\u00e9rapeutes professionnels de la peau pour r\u00e9ussir chez Dermalogica. Acc\u00e9dez rapidement aux informations sur les produits, les ingr\u00e9dients et les produits de traitement dans cette ressource num\u00e9rique.\" \/>\n<meta name=\"robots\" content=\"index, follow, max-snippet:-1, max-image-preview:large, max-video-preview:-1\" \/>\n<link rel=\"canonical\" href=\"https:\/\/pro.dermalogica.ca\/fr\/the-book\/\" \/>\n<meta property=\"og:locale\" content=\"fr_FR\" \/>\n<meta property=\"og:type\" content=\"article\" \/>\n<meta property=\"og:title\" content=\"the book - Dermalogica Canada PRO\" \/>\n<meta property=\"og:description\" content=\"Le livre est le guide ultime des th\u00e9rapeutes professionnels de la peau pour r\u00e9ussir chez Dermalogica. Acc\u00e9dez rapidement aux informations sur les produits, les ingr\u00e9dients et les produits de traitement dans cette ressource num\u00e9rique.\" \/>\n<meta property=\"og:url\" content=\"https:\/\/pro.dermalogica.ca\/fr\/the-book\/\" \/>\n<meta property=\"og:site_name\" content=\"Dermalogica Canada PRO\" \/>\n<meta property=\"article:modified_time\" content=\"2025-02-20T19:15:26+00:00\" \/>\n<meta name=\"twitter:card\" content=\"summary_large_image\" \/>\n<script type=\"application\/ld+json\" class=\"yoast-schema-graph\">{\"@context\":\"https:\/\/schema.org\",\"@graph\":[{\"@type\":\"WebPage\",\"@id\":\"https:\/\/pro.dermalogica.ca\/fr\/the-book\/\",\"url\":\"https:\/\/pro.dermalogica.ca\/fr\/the-book\/\",\"name\":\"the book - Dermalogica Canada PRO\",\"isPartOf\":{\"@id\":\"https:\/\/pro.dermalogica.ca\/#website\"},\"datePublished\":\"2020-12-09T21:21:50+00:00\",\"dateModified\":\"2025-02-20T19:15:26+00:00\",\"description\":\"Le livre est le guide ultime des th\u00e9rapeutes professionnels de la peau pour r\u00e9ussir chez Dermalogica. Acc\u00e9dez rapidement aux informations sur les produits, les ingr\u00e9dients et les produits de traitement dans cette ressource num\u00e9rique.\",\"breadcrumb\":{\"@id\":\"https:\/\/pro.dermalogica.ca\/fr\/the-book\/#breadcrumb\"},\"inLanguage\":\"fr-FR\",\"potentialAction\":[{\"@type\":\"ReadAction\",\"target\":[\"https:\/\/pro.dermalogica.ca\/fr\/the-book\/\"]}]},{\"@type\":\"BreadcrumbList\",\"@id\":\"https:\/\/pro.dermalogica.ca\/fr\/the-book\/#breadcrumb\",\"itemListElement\":[{\"@type\":\"ListItem\",\"position\":1,\"name\":\"Home\",\"item\":\"https:\/\/pro.dermalogica.ca\/fr\/homepage-march-2026\/\"},{\"@type\":\"ListItem\",\"position\":2,\"name\":\"the book\"}]},{\"@type\":\"WebSite\",\"@id\":\"https:\/\/pro.dermalogica.ca\/#website\",\"url\":\"https:\/\/pro.dermalogica.ca\/\",\"name\":\"Dermalogica Canada PRO\",\"description\":\"Expertise brand with professional-grade products and skin treatments rooted in education\",\"publisher\":{\"@id\":\"https:\/\/pro.dermalogica.ca\/#organization\"},\"potentialAction\":[{\"@type\":\"SearchAction\",\"target\":{\"@type\":\"EntryPoint\",\"urlTemplate\":\"https:\/\/pro.dermalogica.ca\/?s={search_term_string}\"},\"query-input\":{\"@type\":\"PropertyValueSpecification\",\"valueRequired\":true,\"valueName\":\"search_term_string\"}}],\"inLanguage\":\"fr-FR\"},{\"@type\":\"Organization\",\"@id\":\"https:\/\/pro.dermalogica.ca\/#organization\",\"name\":\"Dermalogica\",\"url\":\"https:\/\/pro.dermalogica.ca\/\",\"logo\":{\"@type\":\"ImageObject\",\"inLanguage\":\"fr-FR\",\"@id\":\"https:\/\/pro.dermalogica.ca\/#\/schema\/logo\/image\/\",\"url\":\"https:\/\/pro.dermalogica.ca\/wp-content\/uploads\/2021\/02\/dermalogica-logo_215x25.png\",\"contentUrl\":\"https:\/\/pro.dermalogica.ca\/wp-content\/uploads\/2021\/02\/dermalogica-logo_215x25.png\",\"width\":214,\"height\":25,\"caption\":\"Dermalogica\"},\"image\":{\"@id\":\"https:\/\/pro.dermalogica.ca\/#\/schema\/logo\/image\/\"}}]}<\/script>\n<!-- \/ Yoast SEO plugin. -->","yoast_head_json":{"title":"the book - Dermalogica Canada PRO","description":"Le livre est le guide ultime des th\u00e9rapeutes professionnels de la peau pour r\u00e9ussir chez Dermalogica. Acc\u00e9dez rapidement aux informations sur les produits, les ingr\u00e9dients et les produits de traitement dans cette ressource num\u00e9rique.","robots":{"index":"index","follow":"follow","max-snippet":"max-snippet:-1","max-image-preview":"max-image-preview:large","max-video-preview":"max-video-preview:-1"},"canonical":"https:\/\/pro.dermalogica.ca\/fr\/the-book\/","og_locale":"fr_FR","og_type":"article","og_title":"the book - Dermalogica Canada PRO","og_description":"Le livre est le guide ultime des th\u00e9rapeutes professionnels de la peau pour r\u00e9ussir chez Dermalogica. Acc\u00e9dez rapidement aux informations sur les produits, les ingr\u00e9dients et les produits de traitement dans cette ressource num\u00e9rique.","og_url":"https:\/\/pro.dermalogica.ca\/fr\/the-book\/","og_site_name":"Dermalogica Canada PRO","article_modified_time":"2025-02-20T19:15:26+00:00","twitter_card":"summary_large_image","schema":{"@context":"https:\/\/schema.org","@graph":[{"@type":"WebPage","@id":"https:\/\/pro.dermalogica.ca\/fr\/the-book\/","url":"https:\/\/pro.dermalogica.ca\/fr\/the-book\/","name":"the book - Dermalogica Canada PRO","isPartOf":{"@id":"https:\/\/pro.dermalogica.ca\/#website"},"datePublished":"2020-12-09T21:21:50+00:00","dateModified":"2025-02-20T19:15:26+00:00","description":"Le livre est le guide ultime des th\u00e9rapeutes professionnels de la peau pour r\u00e9ussir chez Dermalogica. Acc\u00e9dez rapidement aux informations sur les produits, les ingr\u00e9dients et les produits de traitement dans cette ressource num\u00e9rique.","breadcrumb":{"@id":"https:\/\/pro.dermalogica.ca\/fr\/the-book\/#breadcrumb"},"inLanguage":"fr-FR","potentialAction":[{"@type":"ReadAction","target":["https:\/\/pro.dermalogica.ca\/fr\/the-book\/"]}]},{"@type":"BreadcrumbList","@id":"https:\/\/pro.dermalogica.ca\/fr\/the-book\/#breadcrumb","itemListElement":[{"@type":"ListItem","position":1,"name":"Home","item":"https:\/\/pro.dermalogica.ca\/fr\/homepage-march-2026\/"},{"@type":"ListItem","position":2,"name":"the book"}]},{"@type":"WebSite","@id":"https:\/\/pro.dermalogica.ca\/#website","url":"https:\/\/pro.dermalogica.ca\/","name":"Dermalogica Canada PRO","description":"Expertise brand with professional-grade products and skin treatments rooted in education","publisher":{"@id":"https:\/\/pro.dermalogica.ca\/#organization"},"potentialAction":[{"@type":"SearchAction","target":{"@type":"EntryPoint","urlTemplate":"https:\/\/pro.dermalogica.ca\/?s={search_term_string}"},"query-input":{"@type":"PropertyValueSpecification","valueRequired":true,"valueName":"search_term_string"}}],"inLanguage":"fr-FR"},{"@type":"Organization","@id":"https:\/\/pro.dermalogica.ca\/#organization","name":"Dermalogica","url":"https:\/\/pro.dermalogica.ca\/","logo":{"@type":"ImageObject","inLanguage":"fr-FR","@id":"https:\/\/pro.dermalogica.ca\/#\/schema\/logo\/image\/","url":"https:\/\/pro.dermalogica.ca\/wp-content\/uploads\/2021\/02\/dermalogica-logo_215x25.png","contentUrl":"https:\/\/pro.dermalogica.ca\/wp-content\/uploads\/2021\/02\/dermalogica-logo_215x25.png","width":214,"height":25,"caption":"Dermalogica"},"image":{"@id":"https:\/\/pro.dermalogica.ca\/#\/schema\/logo\/image\/"}}]}},"_links":{"self":[{"href":"https:\/\/pro.dermalogica.ca\/fr\/wp-json\/wp\/v2\/pages\/39556","targetHints":{"allow":["GET"]}}],"collection":[{"href":"https:\/\/pro.dermalogica.ca\/fr\/wp-json\/wp\/v2\/pages"}],"about":[{"href":"https:\/\/pro.dermalogica.ca\/fr\/wp-json\/wp\/v2\/types\/page"}],"author":[{"embeddable":true,"href":"https:\/\/pro.dermalogica.ca\/fr\/wp-json\/wp\/v2\/users\/1"}],"replies":[{"embeddable":true,"href":"https:\/\/pro.dermalogica.ca\/fr\/wp-json\/wp\/v2\/comments?post=39556"}],"version-history":[{"count":0,"href":"https:\/\/pro.dermalogica.ca\/fr\/wp-json\/wp\/v2\/pages\/39556\/revisions"}],"wp:attachment":[{"href":"https:\/\/pro.dermalogica.ca\/fr\/wp-json\/wp\/v2\/media?parent=39556"}],"curies":[{"name":"wp","href":"https:\/\/api.w.org\/{rel}","templated":true}]}}