{"id":39560,"date":"2020-11-19T13:55:25","date_gmt":"2020-11-19T18:55:25","guid":{"rendered":"https:\/\/pro.dermalogica.ca\/pro-innovation-neck-fit-refining-masque\/"},"modified":"2025-02-20T14:15:27","modified_gmt":"2025-02-20T19:15:27","slug":"pro-innovation-neck-fit-refining-masque","status":"publish","type":"page","link":"https:\/\/pro.dermalogica.ca\/fr\/pro-innovation-neck-fit-refining-masque\/","title":{"rendered":"pro innovation &#8211; neck fit refining masque"},"content":{"rendered":"","protected":false},"excerpt":{"rendered":"","protected":false},"author":1,"featured_media":0,"parent":0,"menu_order":49,"comment_status":"closed","ping_status":"closed","template":"flexible-content.php","meta":{"_acf_changed":false,"inline_featured_image":false,"footnotes":""},"class_list":["post-39560","page","type-page","status-publish","hentry"],"acf":[],"yoast_head":"<!-- This site is optimized with the Yoast SEO plugin v24.3 - https:\/\/yoast.com\/wordpress\/plugins\/seo\/ -->\n<title>Dermalogica Canada PRO - Masque affinant pour le cou<\/title>\n<meta name=\"description\" content=\"Un masque affinant pour le cou et le d\u00e9collet\u00e9 qui stimule les r\u00e9sultats du traitement et active l&#039;exp\u00e9rience du traitement pour aider \u00e0 combattre la n\u00e9gligence du cou. Sp\u00e9cialement con\u00e7ue pour r\u00e9pondre aux besoins du cou et de la poitrine, cette formule p\u00e9tillante unique s&#039;active d\u00e8s l&#039;application, permettant une meilleure p\u00e9n\u00e9tration du produit pour affiner et renouveler cette zone souvent n\u00e9glig\u00e9e.\" \/>\n<meta name=\"robots\" content=\"index, follow, max-snippet:-1, max-image-preview:large, max-video-preview:-1\" \/>\n<link rel=\"canonical\" href=\"https:\/\/pro.dermalogica.ca\/fr\/pro-innovation-neck-fit-refining-masque\/\" \/>\n<meta property=\"og:locale\" content=\"fr_FR\" \/>\n<meta property=\"og:type\" content=\"article\" \/>\n<meta property=\"og:title\" content=\"Dermalogica Canada PRO - Masque affinant pour le cou\" \/>\n<meta property=\"og:description\" content=\"Un masque affinant pour le cou et le d\u00e9collet\u00e9 qui stimule les r\u00e9sultats du traitement et active l&#039;exp\u00e9rience du traitement pour aider \u00e0 combattre la n\u00e9gligence du cou. Sp\u00e9cialement con\u00e7ue pour r\u00e9pondre aux besoins du cou et de la poitrine, cette formule p\u00e9tillante unique s&#039;active d\u00e8s l&#039;application, permettant une meilleure p\u00e9n\u00e9tration du produit pour affiner et renouveler cette zone souvent n\u00e9glig\u00e9e.\" \/>\n<meta property=\"og:url\" content=\"https:\/\/pro.dermalogica.ca\/fr\/pro-innovation-neck-fit-refining-masque\/\" \/>\n<meta property=\"og:site_name\" content=\"Dermalogica Canada PRO\" \/>\n<meta property=\"article:modified_time\" content=\"2025-02-20T19:15:27+00:00\" \/>\n<meta name=\"twitter:card\" content=\"summary_large_image\" \/>\n<script type=\"application\/ld+json\" class=\"yoast-schema-graph\">{\"@context\":\"https:\/\/schema.org\",\"@graph\":[{\"@type\":\"WebPage\",\"@id\":\"https:\/\/pro.dermalogica.ca\/fr\/pro-innovation-neck-fit-refining-masque\/\",\"url\":\"https:\/\/pro.dermalogica.ca\/fr\/pro-innovation-neck-fit-refining-masque\/\",\"name\":\"Dermalogica Canada PRO - Masque affinant pour le cou\",\"isPartOf\":{\"@id\":\"https:\/\/pro.dermalogica.ca\/#website\"},\"datePublished\":\"2020-11-19T18:55:25+00:00\",\"dateModified\":\"2025-02-20T19:15:27+00:00\",\"description\":\"Un masque affinant pour le cou et le d\u00e9collet\u00e9 qui stimule les r\u00e9sultats du traitement et active l'exp\u00e9rience du traitement pour aider \u00e0 combattre la n\u00e9gligence du cou. Sp\u00e9cialement con\u00e7ue pour r\u00e9pondre aux besoins du cou et de la poitrine, cette formule p\u00e9tillante unique s'active d\u00e8s l'application, permettant une meilleure p\u00e9n\u00e9tration du produit pour affiner et renouveler cette zone souvent n\u00e9glig\u00e9e.\",\"breadcrumb\":{\"@id\":\"https:\/\/pro.dermalogica.ca\/fr\/pro-innovation-neck-fit-refining-masque\/#breadcrumb\"},\"inLanguage\":\"fr-FR\",\"potentialAction\":[{\"@type\":\"ReadAction\",\"target\":[\"https:\/\/pro.dermalogica.ca\/fr\/pro-innovation-neck-fit-refining-masque\/\"]}]},{\"@type\":\"BreadcrumbList\",\"@id\":\"https:\/\/pro.dermalogica.ca\/fr\/pro-innovation-neck-fit-refining-masque\/#breadcrumb\",\"itemListElement\":[{\"@type\":\"ListItem\",\"position\":1,\"name\":\"Home\",\"item\":\"https:\/\/pro.dermalogica.ca\/fr\/homepage-march-2026\/\"},{\"@type\":\"ListItem\",\"position\":2,\"name\":\"pro innovation &#8211; neck fit refining masque\"}]},{\"@type\":\"WebSite\",\"@id\":\"https:\/\/pro.dermalogica.ca\/#website\",\"url\":\"https:\/\/pro.dermalogica.ca\/\",\"name\":\"Dermalogica Canada PRO\",\"description\":\"Expertise brand with professional-grade products and skin treatments rooted in education\",\"publisher\":{\"@id\":\"https:\/\/pro.dermalogica.ca\/#organization\"},\"potentialAction\":[{\"@type\":\"SearchAction\",\"target\":{\"@type\":\"EntryPoint\",\"urlTemplate\":\"https:\/\/pro.dermalogica.ca\/?s={search_term_string}\"},\"query-input\":{\"@type\":\"PropertyValueSpecification\",\"valueRequired\":true,\"valueName\":\"search_term_string\"}}],\"inLanguage\":\"fr-FR\"},{\"@type\":\"Organization\",\"@id\":\"https:\/\/pro.dermalogica.ca\/#organization\",\"name\":\"Dermalogica\",\"url\":\"https:\/\/pro.dermalogica.ca\/\",\"logo\":{\"@type\":\"ImageObject\",\"inLanguage\":\"fr-FR\",\"@id\":\"https:\/\/pro.dermalogica.ca\/#\/schema\/logo\/image\/\",\"url\":\"https:\/\/pro.dermalogica.ca\/wp-content\/uploads\/2021\/02\/dermalogica-logo_215x25.png\",\"contentUrl\":\"https:\/\/pro.dermalogica.ca\/wp-content\/uploads\/2021\/02\/dermalogica-logo_215x25.png\",\"width\":214,\"height\":25,\"caption\":\"Dermalogica\"},\"image\":{\"@id\":\"https:\/\/pro.dermalogica.ca\/#\/schema\/logo\/image\/\"}}]}<\/script>\n<!-- \/ Yoast SEO plugin. -->","yoast_head_json":{"title":"Dermalogica Canada PRO - Masque affinant pour le cou","description":"Un masque affinant pour le cou et le d\u00e9collet\u00e9 qui stimule les r\u00e9sultats du traitement et active l'exp\u00e9rience du traitement pour aider \u00e0 combattre la n\u00e9gligence du cou. Sp\u00e9cialement con\u00e7ue pour r\u00e9pondre aux besoins du cou et de la poitrine, cette formule p\u00e9tillante unique s'active d\u00e8s l'application, permettant une meilleure p\u00e9n\u00e9tration du produit pour affiner et renouveler cette zone souvent n\u00e9glig\u00e9e.","robots":{"index":"index","follow":"follow","max-snippet":"max-snippet:-1","max-image-preview":"max-image-preview:large","max-video-preview":"max-video-preview:-1"},"canonical":"https:\/\/pro.dermalogica.ca\/fr\/pro-innovation-neck-fit-refining-masque\/","og_locale":"fr_FR","og_type":"article","og_title":"Dermalogica Canada PRO - Masque affinant pour le cou","og_description":"Un masque affinant pour le cou et le d\u00e9collet\u00e9 qui stimule les r\u00e9sultats du traitement et active l'exp\u00e9rience du traitement pour aider \u00e0 combattre la n\u00e9gligence du cou. Sp\u00e9cialement con\u00e7ue pour r\u00e9pondre aux besoins du cou et de la poitrine, cette formule p\u00e9tillante unique s'active d\u00e8s l'application, permettant une meilleure p\u00e9n\u00e9tration du produit pour affiner et renouveler cette zone souvent n\u00e9glig\u00e9e.","og_url":"https:\/\/pro.dermalogica.ca\/fr\/pro-innovation-neck-fit-refining-masque\/","og_site_name":"Dermalogica Canada PRO","article_modified_time":"2025-02-20T19:15:27+00:00","twitter_card":"summary_large_image","schema":{"@context":"https:\/\/schema.org","@graph":[{"@type":"WebPage","@id":"https:\/\/pro.dermalogica.ca\/fr\/pro-innovation-neck-fit-refining-masque\/","url":"https:\/\/pro.dermalogica.ca\/fr\/pro-innovation-neck-fit-refining-masque\/","name":"Dermalogica Canada PRO - Masque affinant pour le cou","isPartOf":{"@id":"https:\/\/pro.dermalogica.ca\/#website"},"datePublished":"2020-11-19T18:55:25+00:00","dateModified":"2025-02-20T19:15:27+00:00","description":"Un masque affinant pour le cou et le d\u00e9collet\u00e9 qui stimule les r\u00e9sultats du traitement et active l'exp\u00e9rience du traitement pour aider \u00e0 combattre la n\u00e9gligence du cou. Sp\u00e9cialement con\u00e7ue pour r\u00e9pondre aux besoins du cou et de la poitrine, cette formule p\u00e9tillante unique s'active d\u00e8s l'application, permettant une meilleure p\u00e9n\u00e9tration du produit pour affiner et renouveler cette zone souvent n\u00e9glig\u00e9e.","breadcrumb":{"@id":"https:\/\/pro.dermalogica.ca\/fr\/pro-innovation-neck-fit-refining-masque\/#breadcrumb"},"inLanguage":"fr-FR","potentialAction":[{"@type":"ReadAction","target":["https:\/\/pro.dermalogica.ca\/fr\/pro-innovation-neck-fit-refining-masque\/"]}]},{"@type":"BreadcrumbList","@id":"https:\/\/pro.dermalogica.ca\/fr\/pro-innovation-neck-fit-refining-masque\/#breadcrumb","itemListElement":[{"@type":"ListItem","position":1,"name":"Home","item":"https:\/\/pro.dermalogica.ca\/fr\/homepage-march-2026\/"},{"@type":"ListItem","position":2,"name":"pro innovation &#8211; neck fit refining masque"}]},{"@type":"WebSite","@id":"https:\/\/pro.dermalogica.ca\/#website","url":"https:\/\/pro.dermalogica.ca\/","name":"Dermalogica Canada PRO","description":"Expertise brand with professional-grade products and skin treatments rooted in education","publisher":{"@id":"https:\/\/pro.dermalogica.ca\/#organization"},"potentialAction":[{"@type":"SearchAction","target":{"@type":"EntryPoint","urlTemplate":"https:\/\/pro.dermalogica.ca\/?s={search_term_string}"},"query-input":{"@type":"PropertyValueSpecification","valueRequired":true,"valueName":"search_term_string"}}],"inLanguage":"fr-FR"},{"@type":"Organization","@id":"https:\/\/pro.dermalogica.ca\/#organization","name":"Dermalogica","url":"https:\/\/pro.dermalogica.ca\/","logo":{"@type":"ImageObject","inLanguage":"fr-FR","@id":"https:\/\/pro.dermalogica.ca\/#\/schema\/logo\/image\/","url":"https:\/\/pro.dermalogica.ca\/wp-content\/uploads\/2021\/02\/dermalogica-logo_215x25.png","contentUrl":"https:\/\/pro.dermalogica.ca\/wp-content\/uploads\/2021\/02\/dermalogica-logo_215x25.png","width":214,"height":25,"caption":"Dermalogica"},"image":{"@id":"https:\/\/pro.dermalogica.ca\/#\/schema\/logo\/image\/"}}]}},"_links":{"self":[{"href":"https:\/\/pro.dermalogica.ca\/fr\/wp-json\/wp\/v2\/pages\/39560","targetHints":{"allow":["GET"]}}],"collection":[{"href":"https:\/\/pro.dermalogica.ca\/fr\/wp-json\/wp\/v2\/pages"}],"about":[{"href":"https:\/\/pro.dermalogica.ca\/fr\/wp-json\/wp\/v2\/types\/page"}],"author":[{"embeddable":true,"href":"https:\/\/pro.dermalogica.ca\/fr\/wp-json\/wp\/v2\/users\/1"}],"replies":[{"embeddable":true,"href":"https:\/\/pro.dermalogica.ca\/fr\/wp-json\/wp\/v2\/comments?post=39560"}],"version-history":[{"count":0,"href":"https:\/\/pro.dermalogica.ca\/fr\/wp-json\/wp\/v2\/pages\/39560\/revisions"}],"wp:attachment":[{"href":"https:\/\/pro.dermalogica.ca\/fr\/wp-json\/wp\/v2\/media?parent=39560"}],"curies":[{"name":"wp","href":"https:\/\/api.w.org\/{rel}","templated":true}]}}