{"id":39563,"date":"2021-02-17T13:10:19","date_gmt":"2021-02-17T18:10:19","guid":{"rendered":"https:\/\/pro.dermalogica.ca\/latest-innovation-retail-melting-moisture-masque\/"},"modified":"2025-03-19T09:37:47","modified_gmt":"2025-03-19T13:37:47","slug":"latest-innovation-retail-melting-moisture-masque","status":"publish","type":"page","link":"https:\/\/pro.dermalogica.ca\/fr\/latest-innovation-retail-melting-moisture-masque\/","title":{"rendered":"Latest innovation retail &#8211; melting moisture masque"},"content":{"rendered":"","protected":false},"excerpt":{"rendered":"","protected":false},"author":1,"featured_media":38354,"parent":0,"menu_order":40,"comment_status":"closed","ping_status":"closed","template":"flexible-content.php","meta":{"_acf_changed":false,"inline_featured_image":false,"footnotes":""},"class_list":["post-39563","page","type-page","status-publish","has-post-thumbnail","hentry"],"acf":[],"yoast_head":"<!-- This site is optimized with the Yoast SEO plugin v24.3 - https:\/\/yoast.com\/wordpress\/plugins\/seo\/ -->\n<title>Dermalogica Canada PRO - Masque hydratant fondant<\/title>\n<meta name=\"description\" content=\"NOUVEAU Melting Moisture Masque, un masque extr\u00eamement hydratant qui se transforme \u00e9l\u00e9gamment de baume en huile pour aider \u00e0 restaurer et nourrir la peau s\u00e8che. Melting Moisture Masque est un masque sans rin\u00e7age qui procure une sensation de fusion profond\u00e9ment satisfaisante, aide \u00e0 prot\u00e9ger contre les facteurs environnementaux dommageables pour une peau d&#039;apparence plus saine et aide \u00e0 restaurer la barri\u00e8re lipidique de la peau s\u00e8che.\" \/>\n<meta name=\"robots\" content=\"index, follow, max-snippet:-1, max-image-preview:large, max-video-preview:-1\" \/>\n<link rel=\"canonical\" href=\"https:\/\/pro.dermalogica.ca\/fr\/latest-innovation-retail-melting-moisture-masque\/\" \/>\n<meta property=\"og:locale\" content=\"fr_FR\" \/>\n<meta property=\"og:type\" content=\"article\" \/>\n<meta property=\"og:title\" content=\"Masque hydratant fondant\" \/>\n<meta property=\"og:description\" content=\"NOUVEAU Melting Moisture Masque, un masque extr\u00eamement hydratant qui se transforme \u00e9l\u00e9gamment de baume en huile pour aider \u00e0 restaurer et nourrir la peau s\u00e8che. Melting Moisture Masque est un masque sans rin\u00e7age qui procure une sensation de fusion profond\u00e9ment satisfaisante, aide \u00e0 prot\u00e9ger contre les facteurs environnementaux dommageables pour une peau d&#039;apparence plus saine et aide \u00e0 restaurer la barri\u00e8re lipidique de la peau s\u00e8che.\" \/>\n<meta property=\"og:url\" content=\"https:\/\/pro.dermalogica.ca\/fr\/latest-innovation-retail-melting-moisture-masque\/\" \/>\n<meta property=\"og:site_name\" content=\"Dermalogica Canada PRO\" \/>\n<meta property=\"article:modified_time\" content=\"2025-03-19T13:37:47+00:00\" \/>\n<meta property=\"og:image\" content=\"https:\/\/pro.dermalogica.ca\/wp-content\/uploads\/2021\/02\/635369290-INNOVATION-PAGES_pro-dermalogica_MMMHeader.jpg\" \/>\n<meta name=\"twitter:card\" content=\"summary_large_image\" \/>\n<meta name=\"twitter:image\" content=\"https:\/\/pro.dermalogica.ca\/wp-content\/uploads\/2021\/02\/635369290-INNOVATION-PAGES_pro-dermalogica_MMMHeader.jpg\" \/>\n<script type=\"application\/ld+json\" class=\"yoast-schema-graph\">{\"@context\":\"https:\/\/schema.org\",\"@graph\":[{\"@type\":\"WebPage\",\"@id\":\"https:\/\/pro.dermalogica.ca\/fr\/latest-innovation-retail-melting-moisture-masque\/\",\"url\":\"https:\/\/pro.dermalogica.ca\/fr\/latest-innovation-retail-melting-moisture-masque\/\",\"name\":\"Dermalogica Canada PRO - Masque hydratant fondant\",\"isPartOf\":{\"@id\":\"https:\/\/pro.dermalogica.ca\/#website\"},\"primaryImageOfPage\":{\"@id\":\"https:\/\/pro.dermalogica.ca\/fr\/latest-innovation-retail-melting-moisture-masque\/#primaryimage\"},\"image\":{\"@id\":\"https:\/\/pro.dermalogica.ca\/fr\/latest-innovation-retail-melting-moisture-masque\/#primaryimage\"},\"thumbnailUrl\":\"https:\/\/pro.dermalogica.ca\/wp-content\/uploads\/2021\/02\/635369290-INNOVATION-PAGES_pro-dermalogica_MMMHeader.jpg\",\"datePublished\":\"2021-02-17T18:10:19+00:00\",\"dateModified\":\"2025-03-19T13:37:47+00:00\",\"description\":\"NOUVEAU Melting Moisture Masque, un masque extr\u00eamement hydratant qui se transforme \u00e9l\u00e9gamment de baume en huile pour aider \u00e0 restaurer et nourrir la peau s\u00e8che. Melting Moisture Masque est un masque sans rin\u00e7age qui procure une sensation de fusion profond\u00e9ment satisfaisante, aide \u00e0 prot\u00e9ger contre les facteurs environnementaux dommageables pour une peau d'apparence plus saine et aide \u00e0 restaurer la barri\u00e8re lipidique de la peau s\u00e8che.\",\"breadcrumb\":{\"@id\":\"https:\/\/pro.dermalogica.ca\/fr\/latest-innovation-retail-melting-moisture-masque\/#breadcrumb\"},\"inLanguage\":\"fr-FR\",\"potentialAction\":[{\"@type\":\"ReadAction\",\"target\":[\"https:\/\/pro.dermalogica.ca\/fr\/latest-innovation-retail-melting-moisture-masque\/\"]}]},{\"@type\":\"ImageObject\",\"inLanguage\":\"fr-FR\",\"@id\":\"https:\/\/pro.dermalogica.ca\/fr\/latest-innovation-retail-melting-moisture-masque\/#primaryimage\",\"url\":\"https:\/\/pro.dermalogica.ca\/wp-content\/uploads\/2021\/02\/635369290-INNOVATION-PAGES_pro-dermalogica_MMMHeader.jpg\",\"contentUrl\":\"https:\/\/pro.dermalogica.ca\/wp-content\/uploads\/2021\/02\/635369290-INNOVATION-PAGES_pro-dermalogica_MMMHeader.jpg\",\"width\":1706,\"height\":645},{\"@type\":\"BreadcrumbList\",\"@id\":\"https:\/\/pro.dermalogica.ca\/fr\/latest-innovation-retail-melting-moisture-masque\/#breadcrumb\",\"itemListElement\":[{\"@type\":\"ListItem\",\"position\":1,\"name\":\"Home\",\"item\":\"https:\/\/pro.dermalogica.ca\/fr\/homepage-march-2026\/\"},{\"@type\":\"ListItem\",\"position\":2,\"name\":\"Latest innovation retail &#8211; melting moisture masque\"}]},{\"@type\":\"WebSite\",\"@id\":\"https:\/\/pro.dermalogica.ca\/#website\",\"url\":\"https:\/\/pro.dermalogica.ca\/\",\"name\":\"Dermalogica Canada PRO\",\"description\":\"Expertise brand with professional-grade products and skin treatments rooted in education\",\"publisher\":{\"@id\":\"https:\/\/pro.dermalogica.ca\/#organization\"},\"potentialAction\":[{\"@type\":\"SearchAction\",\"target\":{\"@type\":\"EntryPoint\",\"urlTemplate\":\"https:\/\/pro.dermalogica.ca\/?s={search_term_string}\"},\"query-input\":{\"@type\":\"PropertyValueSpecification\",\"valueRequired\":true,\"valueName\":\"search_term_string\"}}],\"inLanguage\":\"fr-FR\"},{\"@type\":\"Organization\",\"@id\":\"https:\/\/pro.dermalogica.ca\/#organization\",\"name\":\"Dermalogica\",\"url\":\"https:\/\/pro.dermalogica.ca\/\",\"logo\":{\"@type\":\"ImageObject\",\"inLanguage\":\"fr-FR\",\"@id\":\"https:\/\/pro.dermalogica.ca\/#\/schema\/logo\/image\/\",\"url\":\"https:\/\/pro.dermalogica.ca\/wp-content\/uploads\/2021\/02\/dermalogica-logo_215x25.png\",\"contentUrl\":\"https:\/\/pro.dermalogica.ca\/wp-content\/uploads\/2021\/02\/dermalogica-logo_215x25.png\",\"width\":214,\"height\":25,\"caption\":\"Dermalogica\"},\"image\":{\"@id\":\"https:\/\/pro.dermalogica.ca\/#\/schema\/logo\/image\/\"}}]}<\/script>\n<!-- \/ Yoast SEO plugin. -->","yoast_head_json":{"title":"Dermalogica Canada PRO - Masque hydratant fondant","description":"NOUVEAU Melting Moisture Masque, un masque extr\u00eamement hydratant qui se transforme \u00e9l\u00e9gamment de baume en huile pour aider \u00e0 restaurer et nourrir la peau s\u00e8che. Melting Moisture Masque est un masque sans rin\u00e7age qui procure une sensation de fusion profond\u00e9ment satisfaisante, aide \u00e0 prot\u00e9ger contre les facteurs environnementaux dommageables pour une peau d'apparence plus saine et aide \u00e0 restaurer la barri\u00e8re lipidique de la peau s\u00e8che.","robots":{"index":"index","follow":"follow","max-snippet":"max-snippet:-1","max-image-preview":"max-image-preview:large","max-video-preview":"max-video-preview:-1"},"canonical":"https:\/\/pro.dermalogica.ca\/fr\/latest-innovation-retail-melting-moisture-masque\/","og_locale":"fr_FR","og_type":"article","og_title":"Masque hydratant fondant","og_description":"NOUVEAU Melting Moisture Masque, un masque extr\u00eamement hydratant qui se transforme \u00e9l\u00e9gamment de baume en huile pour aider \u00e0 restaurer et nourrir la peau s\u00e8che. Melting Moisture Masque est un masque sans rin\u00e7age qui procure une sensation de fusion profond\u00e9ment satisfaisante, aide \u00e0 prot\u00e9ger contre les facteurs environnementaux dommageables pour une peau d'apparence plus saine et aide \u00e0 restaurer la barri\u00e8re lipidique de la peau s\u00e8che.","og_url":"https:\/\/pro.dermalogica.ca\/fr\/latest-innovation-retail-melting-moisture-masque\/","og_site_name":"Dermalogica Canada PRO","article_modified_time":"2025-03-19T13:37:47+00:00","og_image":[{"url":"https:\/\/pro.dermalogica.ca\/wp-content\/uploads\/2021\/02\/635369290-INNOVATION-PAGES_pro-dermalogica_MMMHeader.jpg","type":"","width":"","height":""}],"twitter_card":"summary_large_image","twitter_image":"https:\/\/pro.dermalogica.ca\/wp-content\/uploads\/2021\/02\/635369290-INNOVATION-PAGES_pro-dermalogica_MMMHeader.jpg","schema":{"@context":"https:\/\/schema.org","@graph":[{"@type":"WebPage","@id":"https:\/\/pro.dermalogica.ca\/fr\/latest-innovation-retail-melting-moisture-masque\/","url":"https:\/\/pro.dermalogica.ca\/fr\/latest-innovation-retail-melting-moisture-masque\/","name":"Dermalogica Canada PRO - Masque hydratant fondant","isPartOf":{"@id":"https:\/\/pro.dermalogica.ca\/#website"},"primaryImageOfPage":{"@id":"https:\/\/pro.dermalogica.ca\/fr\/latest-innovation-retail-melting-moisture-masque\/#primaryimage"},"image":{"@id":"https:\/\/pro.dermalogica.ca\/fr\/latest-innovation-retail-melting-moisture-masque\/#primaryimage"},"thumbnailUrl":"https:\/\/pro.dermalogica.ca\/wp-content\/uploads\/2021\/02\/635369290-INNOVATION-PAGES_pro-dermalogica_MMMHeader.jpg","datePublished":"2021-02-17T18:10:19+00:00","dateModified":"2025-03-19T13:37:47+00:00","description":"NOUVEAU Melting Moisture Masque, un masque extr\u00eamement hydratant qui se transforme \u00e9l\u00e9gamment de baume en huile pour aider \u00e0 restaurer et nourrir la peau s\u00e8che. Melting Moisture Masque est un masque sans rin\u00e7age qui procure une sensation de fusion profond\u00e9ment satisfaisante, aide \u00e0 prot\u00e9ger contre les facteurs environnementaux dommageables pour une peau d'apparence plus saine et aide \u00e0 restaurer la barri\u00e8re lipidique de la peau s\u00e8che.","breadcrumb":{"@id":"https:\/\/pro.dermalogica.ca\/fr\/latest-innovation-retail-melting-moisture-masque\/#breadcrumb"},"inLanguage":"fr-FR","potentialAction":[{"@type":"ReadAction","target":["https:\/\/pro.dermalogica.ca\/fr\/latest-innovation-retail-melting-moisture-masque\/"]}]},{"@type":"ImageObject","inLanguage":"fr-FR","@id":"https:\/\/pro.dermalogica.ca\/fr\/latest-innovation-retail-melting-moisture-masque\/#primaryimage","url":"https:\/\/pro.dermalogica.ca\/wp-content\/uploads\/2021\/02\/635369290-INNOVATION-PAGES_pro-dermalogica_MMMHeader.jpg","contentUrl":"https:\/\/pro.dermalogica.ca\/wp-content\/uploads\/2021\/02\/635369290-INNOVATION-PAGES_pro-dermalogica_MMMHeader.jpg","width":1706,"height":645},{"@type":"BreadcrumbList","@id":"https:\/\/pro.dermalogica.ca\/fr\/latest-innovation-retail-melting-moisture-masque\/#breadcrumb","itemListElement":[{"@type":"ListItem","position":1,"name":"Home","item":"https:\/\/pro.dermalogica.ca\/fr\/homepage-march-2026\/"},{"@type":"ListItem","position":2,"name":"Latest innovation retail &#8211; melting moisture masque"}]},{"@type":"WebSite","@id":"https:\/\/pro.dermalogica.ca\/#website","url":"https:\/\/pro.dermalogica.ca\/","name":"Dermalogica Canada PRO","description":"Expertise brand with professional-grade products and skin treatments rooted in education","publisher":{"@id":"https:\/\/pro.dermalogica.ca\/#organization"},"potentialAction":[{"@type":"SearchAction","target":{"@type":"EntryPoint","urlTemplate":"https:\/\/pro.dermalogica.ca\/?s={search_term_string}"},"query-input":{"@type":"PropertyValueSpecification","valueRequired":true,"valueName":"search_term_string"}}],"inLanguage":"fr-FR"},{"@type":"Organization","@id":"https:\/\/pro.dermalogica.ca\/#organization","name":"Dermalogica","url":"https:\/\/pro.dermalogica.ca\/","logo":{"@type":"ImageObject","inLanguage":"fr-FR","@id":"https:\/\/pro.dermalogica.ca\/#\/schema\/logo\/image\/","url":"https:\/\/pro.dermalogica.ca\/wp-content\/uploads\/2021\/02\/dermalogica-logo_215x25.png","contentUrl":"https:\/\/pro.dermalogica.ca\/wp-content\/uploads\/2021\/02\/dermalogica-logo_215x25.png","width":214,"height":25,"caption":"Dermalogica"},"image":{"@id":"https:\/\/pro.dermalogica.ca\/#\/schema\/logo\/image\/"}}]}},"_links":{"self":[{"href":"https:\/\/pro.dermalogica.ca\/fr\/wp-json\/wp\/v2\/pages\/39563","targetHints":{"allow":["GET"]}}],"collection":[{"href":"https:\/\/pro.dermalogica.ca\/fr\/wp-json\/wp\/v2\/pages"}],"about":[{"href":"https:\/\/pro.dermalogica.ca\/fr\/wp-json\/wp\/v2\/types\/page"}],"author":[{"embeddable":true,"href":"https:\/\/pro.dermalogica.ca\/fr\/wp-json\/wp\/v2\/users\/1"}],"replies":[{"embeddable":true,"href":"https:\/\/pro.dermalogica.ca\/fr\/wp-json\/wp\/v2\/comments?post=39563"}],"version-history":[{"count":0,"href":"https:\/\/pro.dermalogica.ca\/fr\/wp-json\/wp\/v2\/pages\/39563\/revisions"}],"wp:featuredmedia":[{"embeddable":true,"href":"https:\/\/pro.dermalogica.ca\/fr\/wp-json\/wp\/v2\/media\/38354"}],"wp:attachment":[{"href":"https:\/\/pro.dermalogica.ca\/fr\/wp-json\/wp\/v2\/media?parent=39563"}],"curies":[{"name":"wp","href":"https:\/\/api.w.org\/{rel}","templated":true}]}}