{"id":39600,"date":"2025-02-04T15:37:25","date_gmt":"2025-02-04T20:37:25","guid":{"rendered":"https:\/\/pro.dermalogica.ca\/exo-booster-2\/"},"modified":"2025-02-20T14:09:38","modified_gmt":"2025-02-20T19:09:38","slug":"exo-booster-2","status":"publish","type":"page","link":"https:\/\/pro.dermalogica.ca\/fr\/exo-booster-2\/","title":{"rendered":"exo booster"},"content":{"rendered":"","protected":false},"excerpt":{"rendered":"","protected":false},"author":74389,"featured_media":0,"parent":0,"menu_order":13,"comment_status":"closed","ping_status":"closed","template":"flexible-content.php","meta":{"_acf_changed":false,"inline_featured_image":false,"footnotes":""},"class_list":["post-39600","page","type-page","status-publish","hentry"],"acf":[],"yoast_head":"<!-- This site is optimized with the Yoast SEO plugin v24.3 - https:\/\/yoast.com\/wordpress\/plugins\/seo\/ -->\n<title>exo booster<\/title>\n<meta name=\"description\" content=\"Exo Booster est une innovation en mati\u00e8re de soins de la peau qui exploite la puissance de 10 milliards d&#039;exosomes de Lactobacillus pour rajeunir la peau, am\u00e9liorer la r\u00e9cup\u00e9ration et amplifier les r\u00e9sultats du traitement.\" \/>\n<meta name=\"robots\" content=\"index, follow, max-snippet:-1, max-image-preview:large, max-video-preview:-1\" \/>\n<link rel=\"canonical\" href=\"https:\/\/pro.dermalogica.ca\/fr\/exo-booster-2\/\" \/>\n<meta property=\"og:locale\" content=\"fr_FR\" \/>\n<meta property=\"og:type\" content=\"article\" \/>\n<meta property=\"og:title\" content=\"exo booster\" \/>\n<meta property=\"og:description\" content=\"Exo Booster est une innovation en mati\u00e8re de soins de la peau qui exploite la puissance de 10 milliards d&#039;exosomes de Lactobacillus pour rajeunir la peau, am\u00e9liorer la r\u00e9cup\u00e9ration et amplifier les r\u00e9sultats du traitement.\" \/>\n<meta property=\"og:url\" content=\"https:\/\/pro.dermalogica.ca\/fr\/exo-booster-2\/\" \/>\n<meta property=\"og:site_name\" content=\"Dermalogica Canada PRO\" \/>\n<meta property=\"article:modified_time\" content=\"2025-02-20T19:09:38+00:00\" \/>\n<meta name=\"twitter:card\" content=\"summary_large_image\" \/>\n<meta name=\"twitter:title\" content=\"Pro Power Eye Peel\" \/>\n<meta name=\"twitter:description\" content=\"Sp\u00e9cialement con\u00e7u pour traiter le contour des yeux et les pattes d&#039;oie, notre nouveau Pro Power Eye Peel est un patch concentr\u00e9 pour les yeux qui exfolie et hydrate en une seule \u00e9tape.\" \/>\n<script type=\"application\/ld+json\" class=\"yoast-schema-graph\">{\"@context\":\"https:\/\/schema.org\",\"@graph\":[{\"@type\":\"WebPage\",\"@id\":\"https:\/\/pro.dermalogica.ca\/fr\/exo-booster-2\/\",\"url\":\"https:\/\/pro.dermalogica.ca\/fr\/exo-booster-2\/\",\"name\":\"exo booster\",\"isPartOf\":{\"@id\":\"https:\/\/pro.dermalogica.ca\/#website\"},\"datePublished\":\"2025-02-04T20:37:25+00:00\",\"dateModified\":\"2025-02-20T19:09:38+00:00\",\"description\":\"Exo Booster est une innovation en mati\u00e8re de soins de la peau qui exploite la puissance de 10 milliards d'exosomes de Lactobacillus pour rajeunir la peau, am\u00e9liorer la r\u00e9cup\u00e9ration et amplifier les r\u00e9sultats du traitement.\",\"breadcrumb\":{\"@id\":\"https:\/\/pro.dermalogica.ca\/fr\/exo-booster-2\/#breadcrumb\"},\"inLanguage\":\"fr-FR\",\"potentialAction\":[{\"@type\":\"ReadAction\",\"target\":[\"https:\/\/pro.dermalogica.ca\/fr\/exo-booster-2\/\"]}]},{\"@type\":\"BreadcrumbList\",\"@id\":\"https:\/\/pro.dermalogica.ca\/fr\/exo-booster-2\/#breadcrumb\",\"itemListElement\":[{\"@type\":\"ListItem\",\"position\":1,\"name\":\"Home\",\"item\":\"https:\/\/pro.dermalogica.ca\/fr\/homepage-march-2026\/\"},{\"@type\":\"ListItem\",\"position\":2,\"name\":\"exo booster\"}]},{\"@type\":\"WebSite\",\"@id\":\"https:\/\/pro.dermalogica.ca\/#website\",\"url\":\"https:\/\/pro.dermalogica.ca\/\",\"name\":\"Dermalogica Canada PRO\",\"description\":\"Expertise brand with professional-grade products and skin treatments rooted in education\",\"publisher\":{\"@id\":\"https:\/\/pro.dermalogica.ca\/#organization\"},\"potentialAction\":[{\"@type\":\"SearchAction\",\"target\":{\"@type\":\"EntryPoint\",\"urlTemplate\":\"https:\/\/pro.dermalogica.ca\/?s={search_term_string}\"},\"query-input\":{\"@type\":\"PropertyValueSpecification\",\"valueRequired\":true,\"valueName\":\"search_term_string\"}}],\"inLanguage\":\"fr-FR\"},{\"@type\":\"Organization\",\"@id\":\"https:\/\/pro.dermalogica.ca\/#organization\",\"name\":\"Dermalogica\",\"url\":\"https:\/\/pro.dermalogica.ca\/\",\"logo\":{\"@type\":\"ImageObject\",\"inLanguage\":\"fr-FR\",\"@id\":\"https:\/\/pro.dermalogica.ca\/#\/schema\/logo\/image\/\",\"url\":\"https:\/\/pro.dermalogica.ca\/wp-content\/uploads\/2021\/02\/dermalogica-logo_215x25.png\",\"contentUrl\":\"https:\/\/pro.dermalogica.ca\/wp-content\/uploads\/2021\/02\/dermalogica-logo_215x25.png\",\"width\":214,\"height\":25,\"caption\":\"Dermalogica\"},\"image\":{\"@id\":\"https:\/\/pro.dermalogica.ca\/#\/schema\/logo\/image\/\"}}]}<\/script>\n<!-- \/ Yoast SEO plugin. -->","yoast_head_json":{"title":"exo booster","description":"Exo Booster est une innovation en mati\u00e8re de soins de la peau qui exploite la puissance de 10 milliards d'exosomes de Lactobacillus pour rajeunir la peau, am\u00e9liorer la r\u00e9cup\u00e9ration et amplifier les r\u00e9sultats du traitement.","robots":{"index":"index","follow":"follow","max-snippet":"max-snippet:-1","max-image-preview":"max-image-preview:large","max-video-preview":"max-video-preview:-1"},"canonical":"https:\/\/pro.dermalogica.ca\/fr\/exo-booster-2\/","og_locale":"fr_FR","og_type":"article","og_title":"exo booster","og_description":"Exo Booster est une innovation en mati\u00e8re de soins de la peau qui exploite la puissance de 10 milliards d'exosomes de Lactobacillus pour rajeunir la peau, am\u00e9liorer la r\u00e9cup\u00e9ration et amplifier les r\u00e9sultats du traitement.","og_url":"https:\/\/pro.dermalogica.ca\/fr\/exo-booster-2\/","og_site_name":"Dermalogica Canada PRO","article_modified_time":"2025-02-20T19:09:38+00:00","twitter_card":"summary_large_image","twitter_title":"Pro Power Eye Peel","twitter_description":"Sp\u00e9cialement con\u00e7u pour traiter le contour des yeux et les pattes d'oie, notre nouveau Pro Power Eye Peel est un patch concentr\u00e9 pour les yeux qui exfolie et hydrate en une seule \u00e9tape.","schema":{"@context":"https:\/\/schema.org","@graph":[{"@type":"WebPage","@id":"https:\/\/pro.dermalogica.ca\/fr\/exo-booster-2\/","url":"https:\/\/pro.dermalogica.ca\/fr\/exo-booster-2\/","name":"exo booster","isPartOf":{"@id":"https:\/\/pro.dermalogica.ca\/#website"},"datePublished":"2025-02-04T20:37:25+00:00","dateModified":"2025-02-20T19:09:38+00:00","description":"Exo Booster est une innovation en mati\u00e8re de soins de la peau qui exploite la puissance de 10 milliards d'exosomes de Lactobacillus pour rajeunir la peau, am\u00e9liorer la r\u00e9cup\u00e9ration et amplifier les r\u00e9sultats du traitement.","breadcrumb":{"@id":"https:\/\/pro.dermalogica.ca\/fr\/exo-booster-2\/#breadcrumb"},"inLanguage":"fr-FR","potentialAction":[{"@type":"ReadAction","target":["https:\/\/pro.dermalogica.ca\/fr\/exo-booster-2\/"]}]},{"@type":"BreadcrumbList","@id":"https:\/\/pro.dermalogica.ca\/fr\/exo-booster-2\/#breadcrumb","itemListElement":[{"@type":"ListItem","position":1,"name":"Home","item":"https:\/\/pro.dermalogica.ca\/fr\/homepage-march-2026\/"},{"@type":"ListItem","position":2,"name":"exo booster"}]},{"@type":"WebSite","@id":"https:\/\/pro.dermalogica.ca\/#website","url":"https:\/\/pro.dermalogica.ca\/","name":"Dermalogica Canada PRO","description":"Expertise brand with professional-grade products and skin treatments rooted in education","publisher":{"@id":"https:\/\/pro.dermalogica.ca\/#organization"},"potentialAction":[{"@type":"SearchAction","target":{"@type":"EntryPoint","urlTemplate":"https:\/\/pro.dermalogica.ca\/?s={search_term_string}"},"query-input":{"@type":"PropertyValueSpecification","valueRequired":true,"valueName":"search_term_string"}}],"inLanguage":"fr-FR"},{"@type":"Organization","@id":"https:\/\/pro.dermalogica.ca\/#organization","name":"Dermalogica","url":"https:\/\/pro.dermalogica.ca\/","logo":{"@type":"ImageObject","inLanguage":"fr-FR","@id":"https:\/\/pro.dermalogica.ca\/#\/schema\/logo\/image\/","url":"https:\/\/pro.dermalogica.ca\/wp-content\/uploads\/2021\/02\/dermalogica-logo_215x25.png","contentUrl":"https:\/\/pro.dermalogica.ca\/wp-content\/uploads\/2021\/02\/dermalogica-logo_215x25.png","width":214,"height":25,"caption":"Dermalogica"},"image":{"@id":"https:\/\/pro.dermalogica.ca\/#\/schema\/logo\/image\/"}}]}},"_links":{"self":[{"href":"https:\/\/pro.dermalogica.ca\/fr\/wp-json\/wp\/v2\/pages\/39600","targetHints":{"allow":["GET"]}}],"collection":[{"href":"https:\/\/pro.dermalogica.ca\/fr\/wp-json\/wp\/v2\/pages"}],"about":[{"href":"https:\/\/pro.dermalogica.ca\/fr\/wp-json\/wp\/v2\/types\/page"}],"author":[{"embeddable":true,"href":"https:\/\/pro.dermalogica.ca\/fr\/wp-json\/wp\/v2\/users\/74389"}],"replies":[{"embeddable":true,"href":"https:\/\/pro.dermalogica.ca\/fr\/wp-json\/wp\/v2\/comments?post=39600"}],"version-history":[{"count":0,"href":"https:\/\/pro.dermalogica.ca\/fr\/wp-json\/wp\/v2\/pages\/39600\/revisions"}],"wp:attachment":[{"href":"https:\/\/pro.dermalogica.ca\/fr\/wp-json\/wp\/v2\/media?parent=39600"}],"curies":[{"name":"wp","href":"https:\/\/api.w.org\/{rel}","templated":true}]}}