{"id":39618,"date":"2023-12-22T15:24:49","date_gmt":"2023-12-22T20:24:49","guid":{"rendered":"https:\/\/pro.dermalogica.ca\/latest-innovation-retail-pro-collagen-banking-serum\/"},"modified":"2025-03-19T09:38:09","modified_gmt":"2025-03-19T13:38:09","slug":"latest-innovation-retail-pro-collagen-banking-serum","status":"publish","type":"page","link":"https:\/\/pro.dermalogica.ca\/fr\/latest-innovation-retail-pro-collagen-banking-serum\/","title":{"rendered":"Latest innovation retail \u2013 Pro-Collagen Banking Serum"},"content":{"rendered":"","protected":false},"excerpt":{"rendered":"","protected":false},"author":73980,"featured_media":39100,"parent":0,"menu_order":7,"comment_status":"closed","ping_status":"closed","template":"flexible-content.php","meta":{"_acf_changed":false,"inline_featured_image":false,"footnotes":""},"class_list":["post-39618","page","type-page","status-publish","has-post-thumbnail","hentry"],"acf":[],"yoast_head":"<!-- This site is optimized with the Yoast SEO plugin v24.3 - https:\/\/yoast.com\/wordpress\/plugins\/seo\/ -->\n<title>S\u00e9rum bancaire pro-collag\u00e8ne<\/title>\n<meta name=\"description\" content=\"Le s\u00e9rum bancaire Pro-Collagen est un s\u00e9rum puissant qui aide \u00e0 promouvoir, prot\u00e9ger et pr\u00e9server le collag\u00e8ne de la peau aujourd&#039;hui, afin que vous en ayez plus pour demain. Il favorise une peau visiblement plus pulpeuse et plus lumineuse et hydrate pour aider \u00e0 r\u00e9duire l&#039;apparence des ridules \u00e0 l&#039;avenir.\" \/>\n<meta name=\"robots\" content=\"index, follow, max-snippet:-1, max-image-preview:large, max-video-preview:-1\" \/>\n<link rel=\"canonical\" href=\"https:\/\/pro.dermalogica.ca\/fr\/latest-innovation-retail-pro-collagen-banking-serum\/\" \/>\n<meta property=\"og:locale\" content=\"fr_FR\" \/>\n<meta property=\"og:type\" content=\"article\" \/>\n<meta property=\"og:title\" content=\"S\u00e9rum d&#039;hydratation circulaire\" \/>\n<meta property=\"og:description\" content=\"Le s\u00e9rum bancaire Pro-Collagen est un s\u00e9rum puissant qui aide \u00e0 promouvoir, prot\u00e9ger et pr\u00e9server le collag\u00e8ne de la peau aujourd&#039;hui, afin que vous en ayez plus pour demain. Il favorise une peau visiblement plus pulpeuse et plus lumineuse et hydrate pour aider \u00e0 r\u00e9duire l&#039;apparence des ridules \u00e0 l&#039;avenir.\" \/>\n<meta property=\"og:url\" content=\"https:\/\/pro.dermalogica.ca\/fr\/latest-innovation-retail-pro-collagen-banking-serum\/\" \/>\n<meta property=\"og:site_name\" content=\"Dermalogica Canada PRO\" \/>\n<meta property=\"article:modified_time\" content=\"2025-03-19T13:38:09+00:00\" \/>\n<meta property=\"og:image\" content=\"https:\/\/pro.dermalogica.ca\/wp-content\/uploads\/2023\/12\/PDP-Tiles-Pro-Collagen-Banking-Serum-FinalArtboard-8-1-300x300.png\" \/>\n<meta name=\"twitter:card\" content=\"summary_large_image\" \/>\n<meta name=\"twitter:title\" content=\"S\u00e9rum d&#039;hydratation circulaire\" \/>\n<meta name=\"twitter:image\" content=\"https:\/\/pro.dermalogica.ca\/wp-content\/uploads\/2023\/12\/PDP-Tiles-Pro-Collagen-Banking-Serum-FinalArtboard-8-2-1024x1024.png\" \/>\n<script type=\"application\/ld+json\" class=\"yoast-schema-graph\">{\"@context\":\"https:\/\/schema.org\",\"@graph\":[{\"@type\":\"WebPage\",\"@id\":\"https:\/\/pro.dermalogica.ca\/fr\/latest-innovation-retail-pro-collagen-banking-serum\/\",\"url\":\"https:\/\/pro.dermalogica.ca\/fr\/latest-innovation-retail-pro-collagen-banking-serum\/\",\"name\":\"S\u00e9rum bancaire pro-collag\u00e8ne\",\"isPartOf\":{\"@id\":\"https:\/\/pro.dermalogica.ca\/#website\"},\"primaryImageOfPage\":{\"@id\":\"https:\/\/pro.dermalogica.ca\/fr\/latest-innovation-retail-pro-collagen-banking-serum\/#primaryimage\"},\"image\":{\"@id\":\"https:\/\/pro.dermalogica.ca\/fr\/latest-innovation-retail-pro-collagen-banking-serum\/#primaryimage\"},\"thumbnailUrl\":\"https:\/\/pro.dermalogica.ca\/wp-content\/uploads\/2023\/12\/4x5-procollagen-bankingserum-product-5.png\",\"datePublished\":\"2023-12-22T20:24:49+00:00\",\"dateModified\":\"2025-03-19T13:38:09+00:00\",\"description\":\"Le s\u00e9rum bancaire Pro-Collagen est un s\u00e9rum puissant qui aide \u00e0 promouvoir, prot\u00e9ger et pr\u00e9server le collag\u00e8ne de la peau aujourd'hui, afin que vous en ayez plus pour demain. Il favorise une peau visiblement plus pulpeuse et plus lumineuse et hydrate pour aider \u00e0 r\u00e9duire l'apparence des ridules \u00e0 l'avenir.\",\"breadcrumb\":{\"@id\":\"https:\/\/pro.dermalogica.ca\/fr\/latest-innovation-retail-pro-collagen-banking-serum\/#breadcrumb\"},\"inLanguage\":\"fr-FR\",\"potentialAction\":[{\"@type\":\"ReadAction\",\"target\":[\"https:\/\/pro.dermalogica.ca\/fr\/latest-innovation-retail-pro-collagen-banking-serum\/\"]}]},{\"@type\":\"ImageObject\",\"inLanguage\":\"fr-FR\",\"@id\":\"https:\/\/pro.dermalogica.ca\/fr\/latest-innovation-retail-pro-collagen-banking-serum\/#primaryimage\",\"url\":\"https:\/\/pro.dermalogica.ca\/wp-content\/uploads\/2023\/12\/4x5-procollagen-bankingserum-product-5.png\",\"contentUrl\":\"https:\/\/pro.dermalogica.ca\/wp-content\/uploads\/2023\/12\/4x5-procollagen-bankingserum-product-5.png\",\"width\":640,\"height\":800},{\"@type\":\"BreadcrumbList\",\"@id\":\"https:\/\/pro.dermalogica.ca\/fr\/latest-innovation-retail-pro-collagen-banking-serum\/#breadcrumb\",\"itemListElement\":[{\"@type\":\"ListItem\",\"position\":1,\"name\":\"Home\",\"item\":\"https:\/\/pro.dermalogica.ca\/fr\/homepage-march-2026\/\"},{\"@type\":\"ListItem\",\"position\":2,\"name\":\"Latest innovation retail \u2013 Pro-Collagen Banking Serum\"}]},{\"@type\":\"WebSite\",\"@id\":\"https:\/\/pro.dermalogica.ca\/#website\",\"url\":\"https:\/\/pro.dermalogica.ca\/\",\"name\":\"Dermalogica Canada PRO\",\"description\":\"Expertise brand with professional-grade products and skin treatments rooted in education\",\"publisher\":{\"@id\":\"https:\/\/pro.dermalogica.ca\/#organization\"},\"potentialAction\":[{\"@type\":\"SearchAction\",\"target\":{\"@type\":\"EntryPoint\",\"urlTemplate\":\"https:\/\/pro.dermalogica.ca\/?s={search_term_string}\"},\"query-input\":{\"@type\":\"PropertyValueSpecification\",\"valueRequired\":true,\"valueName\":\"search_term_string\"}}],\"inLanguage\":\"fr-FR\"},{\"@type\":\"Organization\",\"@id\":\"https:\/\/pro.dermalogica.ca\/#organization\",\"name\":\"Dermalogica\",\"url\":\"https:\/\/pro.dermalogica.ca\/\",\"logo\":{\"@type\":\"ImageObject\",\"inLanguage\":\"fr-FR\",\"@id\":\"https:\/\/pro.dermalogica.ca\/#\/schema\/logo\/image\/\",\"url\":\"https:\/\/pro.dermalogica.ca\/wp-content\/uploads\/2021\/02\/dermalogica-logo_215x25.png\",\"contentUrl\":\"https:\/\/pro.dermalogica.ca\/wp-content\/uploads\/2021\/02\/dermalogica-logo_215x25.png\",\"width\":214,\"height\":25,\"caption\":\"Dermalogica\"},\"image\":{\"@id\":\"https:\/\/pro.dermalogica.ca\/#\/schema\/logo\/image\/\"}}]}<\/script>\n<!-- \/ Yoast SEO plugin. -->","yoast_head_json":{"title":"S\u00e9rum bancaire pro-collag\u00e8ne","description":"Le s\u00e9rum bancaire Pro-Collagen est un s\u00e9rum puissant qui aide \u00e0 promouvoir, prot\u00e9ger et pr\u00e9server le collag\u00e8ne de la peau aujourd'hui, afin que vous en ayez plus pour demain. Il favorise une peau visiblement plus pulpeuse et plus lumineuse et hydrate pour aider \u00e0 r\u00e9duire l'apparence des ridules \u00e0 l'avenir.","robots":{"index":"index","follow":"follow","max-snippet":"max-snippet:-1","max-image-preview":"max-image-preview:large","max-video-preview":"max-video-preview:-1"},"canonical":"https:\/\/pro.dermalogica.ca\/fr\/latest-innovation-retail-pro-collagen-banking-serum\/","og_locale":"fr_FR","og_type":"article","og_title":"S\u00e9rum d'hydratation circulaire","og_description":"Le s\u00e9rum bancaire Pro-Collagen est un s\u00e9rum puissant qui aide \u00e0 promouvoir, prot\u00e9ger et pr\u00e9server le collag\u00e8ne de la peau aujourd'hui, afin que vous en ayez plus pour demain. Il favorise une peau visiblement plus pulpeuse et plus lumineuse et hydrate pour aider \u00e0 r\u00e9duire l'apparence des ridules \u00e0 l'avenir.","og_url":"https:\/\/pro.dermalogica.ca\/fr\/latest-innovation-retail-pro-collagen-banking-serum\/","og_site_name":"Dermalogica Canada PRO","article_modified_time":"2025-03-19T13:38:09+00:00","og_image":[{"url":"https:\/\/pro.dermalogica.ca\/wp-content\/uploads\/2023\/12\/PDP-Tiles-Pro-Collagen-Banking-Serum-FinalArtboard-8-1-300x300.png","type":"","width":"","height":""}],"twitter_card":"summary_large_image","twitter_title":"S\u00e9rum d'hydratation circulaire","twitter_image":"https:\/\/pro.dermalogica.ca\/wp-content\/uploads\/2023\/12\/PDP-Tiles-Pro-Collagen-Banking-Serum-FinalArtboard-8-2-1024x1024.png","schema":{"@context":"https:\/\/schema.org","@graph":[{"@type":"WebPage","@id":"https:\/\/pro.dermalogica.ca\/fr\/latest-innovation-retail-pro-collagen-banking-serum\/","url":"https:\/\/pro.dermalogica.ca\/fr\/latest-innovation-retail-pro-collagen-banking-serum\/","name":"S\u00e9rum bancaire pro-collag\u00e8ne","isPartOf":{"@id":"https:\/\/pro.dermalogica.ca\/#website"},"primaryImageOfPage":{"@id":"https:\/\/pro.dermalogica.ca\/fr\/latest-innovation-retail-pro-collagen-banking-serum\/#primaryimage"},"image":{"@id":"https:\/\/pro.dermalogica.ca\/fr\/latest-innovation-retail-pro-collagen-banking-serum\/#primaryimage"},"thumbnailUrl":"https:\/\/pro.dermalogica.ca\/wp-content\/uploads\/2023\/12\/4x5-procollagen-bankingserum-product-5.png","datePublished":"2023-12-22T20:24:49+00:00","dateModified":"2025-03-19T13:38:09+00:00","description":"Le s\u00e9rum bancaire Pro-Collagen est un s\u00e9rum puissant qui aide \u00e0 promouvoir, prot\u00e9ger et pr\u00e9server le collag\u00e8ne de la peau aujourd'hui, afin que vous en ayez plus pour demain. Il favorise une peau visiblement plus pulpeuse et plus lumineuse et hydrate pour aider \u00e0 r\u00e9duire l'apparence des ridules \u00e0 l'avenir.","breadcrumb":{"@id":"https:\/\/pro.dermalogica.ca\/fr\/latest-innovation-retail-pro-collagen-banking-serum\/#breadcrumb"},"inLanguage":"fr-FR","potentialAction":[{"@type":"ReadAction","target":["https:\/\/pro.dermalogica.ca\/fr\/latest-innovation-retail-pro-collagen-banking-serum\/"]}]},{"@type":"ImageObject","inLanguage":"fr-FR","@id":"https:\/\/pro.dermalogica.ca\/fr\/latest-innovation-retail-pro-collagen-banking-serum\/#primaryimage","url":"https:\/\/pro.dermalogica.ca\/wp-content\/uploads\/2023\/12\/4x5-procollagen-bankingserum-product-5.png","contentUrl":"https:\/\/pro.dermalogica.ca\/wp-content\/uploads\/2023\/12\/4x5-procollagen-bankingserum-product-5.png","width":640,"height":800},{"@type":"BreadcrumbList","@id":"https:\/\/pro.dermalogica.ca\/fr\/latest-innovation-retail-pro-collagen-banking-serum\/#breadcrumb","itemListElement":[{"@type":"ListItem","position":1,"name":"Home","item":"https:\/\/pro.dermalogica.ca\/fr\/homepage-march-2026\/"},{"@type":"ListItem","position":2,"name":"Latest innovation retail \u2013 Pro-Collagen Banking Serum"}]},{"@type":"WebSite","@id":"https:\/\/pro.dermalogica.ca\/#website","url":"https:\/\/pro.dermalogica.ca\/","name":"Dermalogica Canada PRO","description":"Expertise brand with professional-grade products and skin treatments rooted in education","publisher":{"@id":"https:\/\/pro.dermalogica.ca\/#organization"},"potentialAction":[{"@type":"SearchAction","target":{"@type":"EntryPoint","urlTemplate":"https:\/\/pro.dermalogica.ca\/?s={search_term_string}"},"query-input":{"@type":"PropertyValueSpecification","valueRequired":true,"valueName":"search_term_string"}}],"inLanguage":"fr-FR"},{"@type":"Organization","@id":"https:\/\/pro.dermalogica.ca\/#organization","name":"Dermalogica","url":"https:\/\/pro.dermalogica.ca\/","logo":{"@type":"ImageObject","inLanguage":"fr-FR","@id":"https:\/\/pro.dermalogica.ca\/#\/schema\/logo\/image\/","url":"https:\/\/pro.dermalogica.ca\/wp-content\/uploads\/2021\/02\/dermalogica-logo_215x25.png","contentUrl":"https:\/\/pro.dermalogica.ca\/wp-content\/uploads\/2021\/02\/dermalogica-logo_215x25.png","width":214,"height":25,"caption":"Dermalogica"},"image":{"@id":"https:\/\/pro.dermalogica.ca\/#\/schema\/logo\/image\/"}}]}},"_links":{"self":[{"href":"https:\/\/pro.dermalogica.ca\/fr\/wp-json\/wp\/v2\/pages\/39618","targetHints":{"allow":["GET"]}}],"collection":[{"href":"https:\/\/pro.dermalogica.ca\/fr\/wp-json\/wp\/v2\/pages"}],"about":[{"href":"https:\/\/pro.dermalogica.ca\/fr\/wp-json\/wp\/v2\/types\/page"}],"author":[{"embeddable":true,"href":"https:\/\/pro.dermalogica.ca\/fr\/wp-json\/wp\/v2\/users\/73980"}],"replies":[{"embeddable":true,"href":"https:\/\/pro.dermalogica.ca\/fr\/wp-json\/wp\/v2\/comments?post=39618"}],"version-history":[{"count":0,"href":"https:\/\/pro.dermalogica.ca\/fr\/wp-json\/wp\/v2\/pages\/39618\/revisions"}],"wp:featuredmedia":[{"embeddable":true,"href":"https:\/\/pro.dermalogica.ca\/fr\/wp-json\/wp\/v2\/media\/39100"}],"wp:attachment":[{"href":"https:\/\/pro.dermalogica.ca\/fr\/wp-json\/wp\/v2\/media?parent=39618"}],"curies":[{"name":"wp","href":"https:\/\/api.w.org\/{rel}","templated":true}]}}