{"id":39620,"date":"2024-07-12T14:14:33","date_gmt":"2024-07-12T18:14:33","guid":{"rendered":"https:\/\/pro.dermalogica.ca\/cooling-biocellulose-masque\/"},"modified":"2025-03-19T09:38:13","modified_gmt":"2025-03-19T13:38:13","slug":"cooling-biocellulose-masque","status":"publish","type":"page","link":"https:\/\/pro.dermalogica.ca\/fr\/cooling-biocellulose-masque\/","title":{"rendered":"cooling biocellulose masque"},"content":{"rendered":"","protected":false},"excerpt":{"rendered":"","protected":false},"author":73980,"featured_media":39278,"parent":0,"menu_order":13,"comment_status":"closed","ping_status":"closed","template":"flexible-content.php","meta":{"_acf_changed":false,"inline_featured_image":false,"footnotes":""},"class_list":["post-39620","page","type-page","status-publish","has-post-thumbnail","hentry"],"acf":[],"yoast_head":"<!-- This site is optimized with the Yoast SEO plugin v24.3 - https:\/\/yoast.com\/wordpress\/plugins\/seo\/ -->\n<title>masque rafra\u00eechissant en biocellulose<\/title>\n<meta name=\"description\" content=\"masque rafra\u00eechissant en biocellulose\" \/>\n<meta name=\"robots\" content=\"index, follow, max-snippet:-1, max-image-preview:large, max-video-preview:-1\" \/>\n<link rel=\"canonical\" href=\"https:\/\/pro.dermalogica.ca\/fr\/cooling-biocellulose-masque\/\" \/>\n<meta property=\"og:locale\" content=\"fr_FR\" \/>\n<meta property=\"og:type\" content=\"article\" \/>\n<meta property=\"og:title\" content=\"Pro Power Eye Peel\" \/>\n<meta property=\"og:description\" content=\"Sp\u00e9cialement con\u00e7u pour traiter le contour des yeux et les pattes d&#039;oie, notre nouveau Pro Power Eye Peel est un patch concentr\u00e9 pour les yeux qui exfolie et hydrate en une seule \u00e9tape.\" \/>\n<meta property=\"og:url\" content=\"https:\/\/pro.dermalogica.ca\/fr\/cooling-biocellulose-masque\/\" \/>\n<meta property=\"og:site_name\" content=\"Dermalogica Canada PRO\" \/>\n<meta property=\"article:modified_time\" content=\"2025-03-19T13:38:13+00:00\" \/>\n<meta property=\"og:image\" content=\"https:\/\/pro.dermalogica.ca\/wp-content\/uploads\/2021\/02\/eye-scaled.jpg\" \/>\n<meta name=\"twitter:card\" content=\"summary_large_image\" \/>\n<meta name=\"twitter:title\" content=\"Pro Power Eye Peel\" \/>\n<meta name=\"twitter:description\" content=\"Sp\u00e9cialement con\u00e7u pour traiter le contour des yeux et les pattes d&#039;oie, notre nouveau Pro Power Eye Peel est un patch concentr\u00e9 pour les yeux qui exfolie et hydrate en une seule \u00e9tape.\" \/>\n<meta name=\"twitter:image\" content=\"https:\/\/pro.dermalogica.ca\/wp-content\/uploads\/2021\/02\/eye-scaled.jpg\" \/>\n<script type=\"application\/ld+json\" class=\"yoast-schema-graph\">{\"@context\":\"https:\/\/schema.org\",\"@graph\":[{\"@type\":\"WebPage\",\"@id\":\"https:\/\/pro.dermalogica.ca\/fr\/cooling-biocellulose-masque\/\",\"url\":\"https:\/\/pro.dermalogica.ca\/fr\/cooling-biocellulose-masque\/\",\"name\":\"masque rafra\u00eechissant en biocellulose\",\"isPartOf\":{\"@id\":\"https:\/\/pro.dermalogica.ca\/#website\"},\"primaryImageOfPage\":{\"@id\":\"https:\/\/pro.dermalogica.ca\/fr\/cooling-biocellulose-masque\/#primaryimage\"},\"image\":{\"@id\":\"https:\/\/pro.dermalogica.ca\/fr\/cooling-biocellulose-masque\/#primaryimage\"},\"thumbnailUrl\":\"https:\/\/pro.dermalogica.ca\/wp-content\/uploads\/2024\/06\/cooling-masque-icebox.jpg\",\"datePublished\":\"2024-07-12T18:14:33+00:00\",\"dateModified\":\"2025-03-19T13:38:13+00:00\",\"description\":\"masque rafra\u00eechissant en biocellulose\",\"breadcrumb\":{\"@id\":\"https:\/\/pro.dermalogica.ca\/fr\/cooling-biocellulose-masque\/#breadcrumb\"},\"inLanguage\":\"fr-FR\",\"potentialAction\":[{\"@type\":\"ReadAction\",\"target\":[\"https:\/\/pro.dermalogica.ca\/fr\/cooling-biocellulose-masque\/\"]}]},{\"@type\":\"ImageObject\",\"inLanguage\":\"fr-FR\",\"@id\":\"https:\/\/pro.dermalogica.ca\/fr\/cooling-biocellulose-masque\/#primaryimage\",\"url\":\"https:\/\/pro.dermalogica.ca\/wp-content\/uploads\/2024\/06\/cooling-masque-icebox.jpg\",\"contentUrl\":\"https:\/\/pro.dermalogica.ca\/wp-content\/uploads\/2024\/06\/cooling-masque-icebox.jpg\",\"width\":622,\"height\":780},{\"@type\":\"BreadcrumbList\",\"@id\":\"https:\/\/pro.dermalogica.ca\/fr\/cooling-biocellulose-masque\/#breadcrumb\",\"itemListElement\":[{\"@type\":\"ListItem\",\"position\":1,\"name\":\"Home\",\"item\":\"https:\/\/pro.dermalogica.ca\/fr\/homepage-march-2026\/\"},{\"@type\":\"ListItem\",\"position\":2,\"name\":\"cooling biocellulose masque\"}]},{\"@type\":\"WebSite\",\"@id\":\"https:\/\/pro.dermalogica.ca\/#website\",\"url\":\"https:\/\/pro.dermalogica.ca\/\",\"name\":\"Dermalogica Canada PRO\",\"description\":\"Expertise brand with professional-grade products and skin treatments rooted in education\",\"publisher\":{\"@id\":\"https:\/\/pro.dermalogica.ca\/#organization\"},\"potentialAction\":[{\"@type\":\"SearchAction\",\"target\":{\"@type\":\"EntryPoint\",\"urlTemplate\":\"https:\/\/pro.dermalogica.ca\/?s={search_term_string}\"},\"query-input\":{\"@type\":\"PropertyValueSpecification\",\"valueRequired\":true,\"valueName\":\"search_term_string\"}}],\"inLanguage\":\"fr-FR\"},{\"@type\":\"Organization\",\"@id\":\"https:\/\/pro.dermalogica.ca\/#organization\",\"name\":\"Dermalogica\",\"url\":\"https:\/\/pro.dermalogica.ca\/\",\"logo\":{\"@type\":\"ImageObject\",\"inLanguage\":\"fr-FR\",\"@id\":\"https:\/\/pro.dermalogica.ca\/#\/schema\/logo\/image\/\",\"url\":\"https:\/\/pro.dermalogica.ca\/wp-content\/uploads\/2021\/02\/dermalogica-logo_215x25.png\",\"contentUrl\":\"https:\/\/pro.dermalogica.ca\/wp-content\/uploads\/2021\/02\/dermalogica-logo_215x25.png\",\"width\":214,\"height\":25,\"caption\":\"Dermalogica\"},\"image\":{\"@id\":\"https:\/\/pro.dermalogica.ca\/#\/schema\/logo\/image\/\"}}]}<\/script>\n<!-- \/ Yoast SEO plugin. -->","yoast_head_json":{"title":"masque rafra\u00eechissant en biocellulose","description":"masque rafra\u00eechissant en biocellulose","robots":{"index":"index","follow":"follow","max-snippet":"max-snippet:-1","max-image-preview":"max-image-preview:large","max-video-preview":"max-video-preview:-1"},"canonical":"https:\/\/pro.dermalogica.ca\/fr\/cooling-biocellulose-masque\/","og_locale":"fr_FR","og_type":"article","og_title":"Pro Power Eye Peel","og_description":"Sp\u00e9cialement con\u00e7u pour traiter le contour des yeux et les pattes d'oie, notre nouveau Pro Power Eye Peel est un patch concentr\u00e9 pour les yeux qui exfolie et hydrate en une seule \u00e9tape.","og_url":"https:\/\/pro.dermalogica.ca\/fr\/cooling-biocellulose-masque\/","og_site_name":"Dermalogica Canada PRO","article_modified_time":"2025-03-19T13:38:13+00:00","og_image":[{"url":"https:\/\/pro.dermalogica.ca\/wp-content\/uploads\/2021\/02\/eye-scaled.jpg","type":"","width":"","height":""}],"twitter_card":"summary_large_image","twitter_title":"Pro Power Eye Peel","twitter_description":"Sp\u00e9cialement con\u00e7u pour traiter le contour des yeux et les pattes d'oie, notre nouveau Pro Power Eye Peel est un patch concentr\u00e9 pour les yeux qui exfolie et hydrate en une seule \u00e9tape.","twitter_image":"https:\/\/pro.dermalogica.ca\/wp-content\/uploads\/2021\/02\/eye-scaled.jpg","schema":{"@context":"https:\/\/schema.org","@graph":[{"@type":"WebPage","@id":"https:\/\/pro.dermalogica.ca\/fr\/cooling-biocellulose-masque\/","url":"https:\/\/pro.dermalogica.ca\/fr\/cooling-biocellulose-masque\/","name":"masque rafra\u00eechissant en biocellulose","isPartOf":{"@id":"https:\/\/pro.dermalogica.ca\/#website"},"primaryImageOfPage":{"@id":"https:\/\/pro.dermalogica.ca\/fr\/cooling-biocellulose-masque\/#primaryimage"},"image":{"@id":"https:\/\/pro.dermalogica.ca\/fr\/cooling-biocellulose-masque\/#primaryimage"},"thumbnailUrl":"https:\/\/pro.dermalogica.ca\/wp-content\/uploads\/2024\/06\/cooling-masque-icebox.jpg","datePublished":"2024-07-12T18:14:33+00:00","dateModified":"2025-03-19T13:38:13+00:00","description":"masque rafra\u00eechissant en biocellulose","breadcrumb":{"@id":"https:\/\/pro.dermalogica.ca\/fr\/cooling-biocellulose-masque\/#breadcrumb"},"inLanguage":"fr-FR","potentialAction":[{"@type":"ReadAction","target":["https:\/\/pro.dermalogica.ca\/fr\/cooling-biocellulose-masque\/"]}]},{"@type":"ImageObject","inLanguage":"fr-FR","@id":"https:\/\/pro.dermalogica.ca\/fr\/cooling-biocellulose-masque\/#primaryimage","url":"https:\/\/pro.dermalogica.ca\/wp-content\/uploads\/2024\/06\/cooling-masque-icebox.jpg","contentUrl":"https:\/\/pro.dermalogica.ca\/wp-content\/uploads\/2024\/06\/cooling-masque-icebox.jpg","width":622,"height":780},{"@type":"BreadcrumbList","@id":"https:\/\/pro.dermalogica.ca\/fr\/cooling-biocellulose-masque\/#breadcrumb","itemListElement":[{"@type":"ListItem","position":1,"name":"Home","item":"https:\/\/pro.dermalogica.ca\/fr\/homepage-march-2026\/"},{"@type":"ListItem","position":2,"name":"cooling biocellulose masque"}]},{"@type":"WebSite","@id":"https:\/\/pro.dermalogica.ca\/#website","url":"https:\/\/pro.dermalogica.ca\/","name":"Dermalogica Canada PRO","description":"Expertise brand with professional-grade products and skin treatments rooted in education","publisher":{"@id":"https:\/\/pro.dermalogica.ca\/#organization"},"potentialAction":[{"@type":"SearchAction","target":{"@type":"EntryPoint","urlTemplate":"https:\/\/pro.dermalogica.ca\/?s={search_term_string}"},"query-input":{"@type":"PropertyValueSpecification","valueRequired":true,"valueName":"search_term_string"}}],"inLanguage":"fr-FR"},{"@type":"Organization","@id":"https:\/\/pro.dermalogica.ca\/#organization","name":"Dermalogica","url":"https:\/\/pro.dermalogica.ca\/","logo":{"@type":"ImageObject","inLanguage":"fr-FR","@id":"https:\/\/pro.dermalogica.ca\/#\/schema\/logo\/image\/","url":"https:\/\/pro.dermalogica.ca\/wp-content\/uploads\/2021\/02\/dermalogica-logo_215x25.png","contentUrl":"https:\/\/pro.dermalogica.ca\/wp-content\/uploads\/2021\/02\/dermalogica-logo_215x25.png","width":214,"height":25,"caption":"Dermalogica"},"image":{"@id":"https:\/\/pro.dermalogica.ca\/#\/schema\/logo\/image\/"}}]}},"_links":{"self":[{"href":"https:\/\/pro.dermalogica.ca\/fr\/wp-json\/wp\/v2\/pages\/39620","targetHints":{"allow":["GET"]}}],"collection":[{"href":"https:\/\/pro.dermalogica.ca\/fr\/wp-json\/wp\/v2\/pages"}],"about":[{"href":"https:\/\/pro.dermalogica.ca\/fr\/wp-json\/wp\/v2\/types\/page"}],"author":[{"embeddable":true,"href":"https:\/\/pro.dermalogica.ca\/fr\/wp-json\/wp\/v2\/users\/73980"}],"replies":[{"embeddable":true,"href":"https:\/\/pro.dermalogica.ca\/fr\/wp-json\/wp\/v2\/comments?post=39620"}],"version-history":[{"count":0,"href":"https:\/\/pro.dermalogica.ca\/fr\/wp-json\/wp\/v2\/pages\/39620\/revisions"}],"wp:featuredmedia":[{"embeddable":true,"href":"https:\/\/pro.dermalogica.ca\/fr\/wp-json\/wp\/v2\/media\/39278"}],"wp:attachment":[{"href":"https:\/\/pro.dermalogica.ca\/fr\/wp-json\/wp\/v2\/media?parent=39620"}],"curies":[{"name":"wp","href":"https:\/\/api.w.org\/{rel}","templated":true}]}}