{"id":40008,"date":"2025-02-28T11:00:46","date_gmt":"2025-02-28T16:00:46","guid":{"rendered":"https:\/\/pro.dermalogica.ca\/?page_id=40008"},"modified":"2025-03-09T10:05:00","modified_gmt":"2025-03-09T14:05:00","slug":"multivitamin-power-recovery-cream-2","status":"publish","type":"page","link":"https:\/\/pro.dermalogica.ca\/fr\/multivitamin-power-recovery-cream-2\/","title":{"rendered":"dynamic skin strengthening serum"},"content":{"rendered":"","protected":false},"excerpt":{"rendered":"","protected":false},"author":73980,"featured_media":0,"parent":0,"menu_order":13,"comment_status":"closed","ping_status":"closed","template":"flexible-content.php","meta":{"_acf_changed":false,"inline_featured_image":false,"footnotes":""},"class_list":["post-40008","page","type-page","status-publish","hentry"],"acf":[],"yoast_head":"<!-- This site is optimized with the Yoast SEO plugin v24.3 - https:\/\/yoast.com\/wordpress\/plugins\/seo\/ -->\n<title>s\u00e9rum dynamique de renforcement de la peau<\/title>\n<meta name=\"description\" content=\"Un s\u00e9rum multi-d\u00e9fense nourrissant qui renforce la r\u00e9sistance de la barri\u00e8re cutan\u00e9e afin d&#039;am\u00e9liorer l&#039;endurance contre les facteurs d\u00e9clenchant le vieillissement de la peau.\" \/>\n<meta name=\"robots\" content=\"index, follow, max-snippet:-1, max-image-preview:large, max-video-preview:-1\" \/>\n<link rel=\"canonical\" href=\"https:\/\/pro.dermalogica.ca\/fr\/multivitamin-power-recovery-cream-2\/\" \/>\n<meta property=\"og:locale\" content=\"fr_FR\" \/>\n<meta property=\"og:type\" content=\"article\" \/>\n<meta property=\"og:title\" content=\"s\u00e9rum dynamique de renforcement de la peau\" \/>\n<meta property=\"og:description\" content=\"Un s\u00e9rum multi-d\u00e9fense nourrissant qui renforce la r\u00e9sistance de la barri\u00e8re cutan\u00e9e afin d&#039;am\u00e9liorer l&#039;endurance contre les facteurs d\u00e9clenchant le vieillissement de la peau.\" \/>\n<meta property=\"og:url\" content=\"https:\/\/pro.dermalogica.ca\/fr\/multivitamin-power-recovery-cream-2\/\" \/>\n<meta property=\"og:site_name\" content=\"Dermalogica Canada PRO\" \/>\n<meta property=\"article:modified_time\" content=\"2025-03-09T14:05:00+00:00\" \/>\n<meta name=\"twitter:card\" content=\"summary_large_image\" \/>\n<meta name=\"twitter:title\" content=\"Pro Power Eye Peel\" \/>\n<meta name=\"twitter:description\" content=\"Sp\u00e9cialement con\u00e7u pour traiter le contour des yeux et les pattes d&#039;oie, notre nouveau Pro Power Eye Peel est un patch concentr\u00e9 pour les yeux qui exfolie et hydrate en une seule \u00e9tape.\" \/>\n<script type=\"application\/ld+json\" class=\"yoast-schema-graph\">{\"@context\":\"https:\/\/schema.org\",\"@graph\":[{\"@type\":\"WebPage\",\"@id\":\"https:\/\/pro.dermalogica.ca\/fr\/multivitamin-power-recovery-cream-2\/\",\"url\":\"https:\/\/pro.dermalogica.ca\/fr\/multivitamin-power-recovery-cream-2\/\",\"name\":\"s\u00e9rum dynamique de renforcement de la peau\",\"isPartOf\":{\"@id\":\"https:\/\/pro.dermalogica.ca\/#website\"},\"datePublished\":\"2025-02-28T16:00:46+00:00\",\"dateModified\":\"2025-03-09T14:05:00+00:00\",\"description\":\"Un s\u00e9rum multi-d\u00e9fense nourrissant qui renforce la r\u00e9sistance de la barri\u00e8re cutan\u00e9e afin d'am\u00e9liorer l'endurance contre les facteurs d\u00e9clenchant le vieillissement de la peau.\",\"breadcrumb\":{\"@id\":\"https:\/\/pro.dermalogica.ca\/fr\/multivitamin-power-recovery-cream-2\/#breadcrumb\"},\"inLanguage\":\"fr-FR\",\"potentialAction\":[{\"@type\":\"ReadAction\",\"target\":[\"https:\/\/pro.dermalogica.ca\/fr\/multivitamin-power-recovery-cream-2\/\"]}]},{\"@type\":\"BreadcrumbList\",\"@id\":\"https:\/\/pro.dermalogica.ca\/fr\/multivitamin-power-recovery-cream-2\/#breadcrumb\",\"itemListElement\":[{\"@type\":\"ListItem\",\"position\":1,\"name\":\"Home\",\"item\":\"https:\/\/pro.dermalogica.ca\/fr\/homepage-march-2026\/\"},{\"@type\":\"ListItem\",\"position\":2,\"name\":\"dynamic skin strengthening serum\"}]},{\"@type\":\"WebSite\",\"@id\":\"https:\/\/pro.dermalogica.ca\/#website\",\"url\":\"https:\/\/pro.dermalogica.ca\/\",\"name\":\"Dermalogica Canada PRO\",\"description\":\"Expertise brand with professional-grade products and skin treatments rooted in education\",\"publisher\":{\"@id\":\"https:\/\/pro.dermalogica.ca\/#organization\"},\"potentialAction\":[{\"@type\":\"SearchAction\",\"target\":{\"@type\":\"EntryPoint\",\"urlTemplate\":\"https:\/\/pro.dermalogica.ca\/?s={search_term_string}\"},\"query-input\":{\"@type\":\"PropertyValueSpecification\",\"valueRequired\":true,\"valueName\":\"search_term_string\"}}],\"inLanguage\":\"fr-FR\"},{\"@type\":\"Organization\",\"@id\":\"https:\/\/pro.dermalogica.ca\/#organization\",\"name\":\"Dermalogica\",\"url\":\"https:\/\/pro.dermalogica.ca\/\",\"logo\":{\"@type\":\"ImageObject\",\"inLanguage\":\"fr-FR\",\"@id\":\"https:\/\/pro.dermalogica.ca\/#\/schema\/logo\/image\/\",\"url\":\"https:\/\/pro.dermalogica.ca\/wp-content\/uploads\/2021\/02\/dermalogica-logo_215x25.png\",\"contentUrl\":\"https:\/\/pro.dermalogica.ca\/wp-content\/uploads\/2021\/02\/dermalogica-logo_215x25.png\",\"width\":214,\"height\":25,\"caption\":\"Dermalogica\"},\"image\":{\"@id\":\"https:\/\/pro.dermalogica.ca\/#\/schema\/logo\/image\/\"}}]}<\/script>\n<!-- \/ Yoast SEO plugin. -->","yoast_head_json":{"title":"s\u00e9rum dynamique de renforcement de la peau","description":"Un s\u00e9rum multi-d\u00e9fense nourrissant qui renforce la r\u00e9sistance de la barri\u00e8re cutan\u00e9e afin d'am\u00e9liorer l'endurance contre les facteurs d\u00e9clenchant le vieillissement de la peau.","robots":{"index":"index","follow":"follow","max-snippet":"max-snippet:-1","max-image-preview":"max-image-preview:large","max-video-preview":"max-video-preview:-1"},"canonical":"https:\/\/pro.dermalogica.ca\/fr\/multivitamin-power-recovery-cream-2\/","og_locale":"fr_FR","og_type":"article","og_title":"s\u00e9rum dynamique de renforcement de la peau","og_description":"Un s\u00e9rum multi-d\u00e9fense nourrissant qui renforce la r\u00e9sistance de la barri\u00e8re cutan\u00e9e afin d'am\u00e9liorer l'endurance contre les facteurs d\u00e9clenchant le vieillissement de la peau.","og_url":"https:\/\/pro.dermalogica.ca\/fr\/multivitamin-power-recovery-cream-2\/","og_site_name":"Dermalogica Canada PRO","article_modified_time":"2025-03-09T14:05:00+00:00","twitter_card":"summary_large_image","twitter_title":"Pro Power Eye Peel","twitter_description":"Sp\u00e9cialement con\u00e7u pour traiter le contour des yeux et les pattes d'oie, notre nouveau Pro Power Eye Peel est un patch concentr\u00e9 pour les yeux qui exfolie et hydrate en une seule \u00e9tape.","schema":{"@context":"https:\/\/schema.org","@graph":[{"@type":"WebPage","@id":"https:\/\/pro.dermalogica.ca\/fr\/multivitamin-power-recovery-cream-2\/","url":"https:\/\/pro.dermalogica.ca\/fr\/multivitamin-power-recovery-cream-2\/","name":"s\u00e9rum dynamique de renforcement de la peau","isPartOf":{"@id":"https:\/\/pro.dermalogica.ca\/#website"},"datePublished":"2025-02-28T16:00:46+00:00","dateModified":"2025-03-09T14:05:00+00:00","description":"Un s\u00e9rum multi-d\u00e9fense nourrissant qui renforce la r\u00e9sistance de la barri\u00e8re cutan\u00e9e afin d'am\u00e9liorer l'endurance contre les facteurs d\u00e9clenchant le vieillissement de la peau.","breadcrumb":{"@id":"https:\/\/pro.dermalogica.ca\/fr\/multivitamin-power-recovery-cream-2\/#breadcrumb"},"inLanguage":"fr-FR","potentialAction":[{"@type":"ReadAction","target":["https:\/\/pro.dermalogica.ca\/fr\/multivitamin-power-recovery-cream-2\/"]}]},{"@type":"BreadcrumbList","@id":"https:\/\/pro.dermalogica.ca\/fr\/multivitamin-power-recovery-cream-2\/#breadcrumb","itemListElement":[{"@type":"ListItem","position":1,"name":"Home","item":"https:\/\/pro.dermalogica.ca\/fr\/homepage-march-2026\/"},{"@type":"ListItem","position":2,"name":"dynamic skin strengthening serum"}]},{"@type":"WebSite","@id":"https:\/\/pro.dermalogica.ca\/#website","url":"https:\/\/pro.dermalogica.ca\/","name":"Dermalogica Canada PRO","description":"Expertise brand with professional-grade products and skin treatments rooted in education","publisher":{"@id":"https:\/\/pro.dermalogica.ca\/#organization"},"potentialAction":[{"@type":"SearchAction","target":{"@type":"EntryPoint","urlTemplate":"https:\/\/pro.dermalogica.ca\/?s={search_term_string}"},"query-input":{"@type":"PropertyValueSpecification","valueRequired":true,"valueName":"search_term_string"}}],"inLanguage":"fr-FR"},{"@type":"Organization","@id":"https:\/\/pro.dermalogica.ca\/#organization","name":"Dermalogica","url":"https:\/\/pro.dermalogica.ca\/","logo":{"@type":"ImageObject","inLanguage":"fr-FR","@id":"https:\/\/pro.dermalogica.ca\/#\/schema\/logo\/image\/","url":"https:\/\/pro.dermalogica.ca\/wp-content\/uploads\/2021\/02\/dermalogica-logo_215x25.png","contentUrl":"https:\/\/pro.dermalogica.ca\/wp-content\/uploads\/2021\/02\/dermalogica-logo_215x25.png","width":214,"height":25,"caption":"Dermalogica"},"image":{"@id":"https:\/\/pro.dermalogica.ca\/#\/schema\/logo\/image\/"}}]}},"_links":{"self":[{"href":"https:\/\/pro.dermalogica.ca\/fr\/wp-json\/wp\/v2\/pages\/40008","targetHints":{"allow":["GET"]}}],"collection":[{"href":"https:\/\/pro.dermalogica.ca\/fr\/wp-json\/wp\/v2\/pages"}],"about":[{"href":"https:\/\/pro.dermalogica.ca\/fr\/wp-json\/wp\/v2\/types\/page"}],"author":[{"embeddable":true,"href":"https:\/\/pro.dermalogica.ca\/fr\/wp-json\/wp\/v2\/users\/73980"}],"replies":[{"embeddable":true,"href":"https:\/\/pro.dermalogica.ca\/fr\/wp-json\/wp\/v2\/comments?post=40008"}],"version-history":[{"count":0,"href":"https:\/\/pro.dermalogica.ca\/fr\/wp-json\/wp\/v2\/pages\/40008\/revisions"}],"wp:attachment":[{"href":"https:\/\/pro.dermalogica.ca\/fr\/wp-json\/wp\/v2\/media?parent=40008"}],"curies":[{"name":"wp","href":"https:\/\/api.w.org\/{rel}","templated":true}]}}