{"id":40010,"date":"2025-02-27T21:02:10","date_gmt":"2025-02-28T02:02:10","guid":{"rendered":"https:\/\/pro.dermalogica.ca\/?page_id=40010"},"modified":"2025-03-09T10:11:26","modified_gmt":"2025-03-09T14:11:26","slug":"homepage-february-2025-2","status":"publish","type":"page","link":"https:\/\/pro.dermalogica.ca\/fr\/homepage-february-2025-2\/","title":{"rendered":"Homepage March 2025"},"content":{"rendered":"","protected":false},"excerpt":{"rendered":"","protected":false},"author":73980,"featured_media":37998,"parent":0,"menu_order":68,"comment_status":"closed","ping_status":"open","template":"flexible-content.php","meta":{"_acf_changed":false,"inline_featured_image":false,"footnotes":""},"class_list":["post-40010","page","type-page","status-publish","has-post-thumbnail","hentry"],"acf":[],"yoast_head":"<!-- This site is optimized with the Yoast SEO plugin v24.3 - https:\/\/yoast.com\/wordpress\/plugins\/seo\/ -->\n<title>Le site web du th\u00e9rapeute professionnel de la peau Dermalogica<\/title>\n<meta name=\"description\" content=\"Le site web du th\u00e9rapeute professionnel de la peau Dermalogica propose des traitements de la peau bas\u00e9s sur l&#039;\u00e9ducation et des produits de qualit\u00e9 professionnelle.\" \/>\n<meta name=\"robots\" content=\"index, follow, max-snippet:-1, max-image-preview:large, max-video-preview:-1\" \/>\n<link rel=\"canonical\" href=\"https:\/\/pro.dermalogica.ca\/fr\/homepage-february-2025-2\/\" \/>\n<meta property=\"og:locale\" content=\"fr_FR\" \/>\n<meta property=\"og:type\" content=\"article\" \/>\n<meta property=\"og:title\" content=\"Le site web du th\u00e9rapeute professionnel de la peau Dermalogica\" \/>\n<meta property=\"og:description\" content=\"Le site web du th\u00e9rapeute professionnel de la peau Dermalogica propose des traitements de la peau bas\u00e9s sur l&#039;\u00e9ducation et des produits de qualit\u00e9 professionnelle.\" \/>\n<meta property=\"og:url\" content=\"https:\/\/pro.dermalogica.ca\/fr\/homepage-february-2025-2\/\" \/>\n<meta property=\"og:site_name\" content=\"Dermalogica Canada PRO\" \/>\n<meta property=\"article:modified_time\" content=\"2025-03-09T14:11:26+00:00\" \/>\n<meta property=\"og:image\" content=\"https:\/\/pro.dermalogica.ca\/wp-content\/uploads\/2020\/11\/for-professionals-banner.png\" \/>\n\t<meta property=\"og:image:width\" content=\"1706\" \/>\n\t<meta property=\"og:image:height\" content=\"645\" \/>\n\t<meta property=\"og:image:type\" content=\"image\/png\" \/>\n<meta name=\"twitter:card\" content=\"summary_large_image\" \/>\n<script type=\"application\/ld+json\" class=\"yoast-schema-graph\">{\"@context\":\"https:\/\/schema.org\",\"@graph\":[{\"@type\":\"WebPage\",\"@id\":\"https:\/\/pro.dermalogica.ca\/fr\/homepage-february-2025-2\/\",\"url\":\"https:\/\/pro.dermalogica.ca\/fr\/homepage-february-2025-2\/\",\"name\":\"Le site web du th\u00e9rapeute professionnel de la peau Dermalogica\",\"isPartOf\":{\"@id\":\"https:\/\/pro.dermalogica.ca\/#website\"},\"primaryImageOfPage\":{\"@id\":\"https:\/\/pro.dermalogica.ca\/fr\/homepage-february-2025-2\/#primaryimage\"},\"image\":{\"@id\":\"https:\/\/pro.dermalogica.ca\/fr\/homepage-february-2025-2\/#primaryimage\"},\"thumbnailUrl\":\"https:\/\/pro.dermalogica.ca\/wp-content\/uploads\/2020\/11\/for-professionals-banner.png\",\"datePublished\":\"2025-02-28T02:02:10+00:00\",\"dateModified\":\"2025-03-09T14:11:26+00:00\",\"description\":\"Le site web du th\u00e9rapeute professionnel de la peau Dermalogica propose des traitements de la peau bas\u00e9s sur l'\u00e9ducation et des produits de qualit\u00e9 professionnelle.\",\"breadcrumb\":{\"@id\":\"https:\/\/pro.dermalogica.ca\/fr\/homepage-february-2025-2\/#breadcrumb\"},\"inLanguage\":\"fr-FR\",\"potentialAction\":[{\"@type\":\"ReadAction\",\"target\":[\"https:\/\/pro.dermalogica.ca\/fr\/homepage-february-2025-2\/\"]}]},{\"@type\":\"ImageObject\",\"inLanguage\":\"fr-FR\",\"@id\":\"https:\/\/pro.dermalogica.ca\/fr\/homepage-february-2025-2\/#primaryimage\",\"url\":\"https:\/\/pro.dermalogica.ca\/wp-content\/uploads\/2020\/11\/for-professionals-banner.png\",\"contentUrl\":\"https:\/\/pro.dermalogica.ca\/wp-content\/uploads\/2020\/11\/for-professionals-banner.png\",\"width\":1706,\"height\":645},{\"@type\":\"BreadcrumbList\",\"@id\":\"https:\/\/pro.dermalogica.ca\/fr\/homepage-february-2025-2\/#breadcrumb\",\"itemListElement\":[{\"@type\":\"ListItem\",\"position\":1,\"name\":\"Home\",\"item\":\"https:\/\/pro.dermalogica.ca\/fr\/homepage-march-2026\/\"},{\"@type\":\"ListItem\",\"position\":2,\"name\":\"Homepage March 2025\"}]},{\"@type\":\"WebSite\",\"@id\":\"https:\/\/pro.dermalogica.ca\/#website\",\"url\":\"https:\/\/pro.dermalogica.ca\/\",\"name\":\"Dermalogica Canada PRO\",\"description\":\"Expertise brand with professional-grade products and skin treatments rooted in education\",\"publisher\":{\"@id\":\"https:\/\/pro.dermalogica.ca\/#organization\"},\"potentialAction\":[{\"@type\":\"SearchAction\",\"target\":{\"@type\":\"EntryPoint\",\"urlTemplate\":\"https:\/\/pro.dermalogica.ca\/?s={search_term_string}\"},\"query-input\":{\"@type\":\"PropertyValueSpecification\",\"valueRequired\":true,\"valueName\":\"search_term_string\"}}],\"inLanguage\":\"fr-FR\"},{\"@type\":\"Organization\",\"@id\":\"https:\/\/pro.dermalogica.ca\/#organization\",\"name\":\"Dermalogica\",\"url\":\"https:\/\/pro.dermalogica.ca\/\",\"logo\":{\"@type\":\"ImageObject\",\"inLanguage\":\"fr-FR\",\"@id\":\"https:\/\/pro.dermalogica.ca\/#\/schema\/logo\/image\/\",\"url\":\"https:\/\/pro.dermalogica.ca\/wp-content\/uploads\/2021\/02\/dermalogica-logo_215x25.png\",\"contentUrl\":\"https:\/\/pro.dermalogica.ca\/wp-content\/uploads\/2021\/02\/dermalogica-logo_215x25.png\",\"width\":214,\"height\":25,\"caption\":\"Dermalogica\"},\"image\":{\"@id\":\"https:\/\/pro.dermalogica.ca\/#\/schema\/logo\/image\/\"}}]}<\/script>\n<!-- \/ Yoast SEO plugin. -->","yoast_head_json":{"title":"Le site web du th\u00e9rapeute professionnel de la peau Dermalogica","description":"Le site web du th\u00e9rapeute professionnel de la peau Dermalogica propose des traitements de la peau bas\u00e9s sur l'\u00e9ducation et des produits de qualit\u00e9 professionnelle.","robots":{"index":"index","follow":"follow","max-snippet":"max-snippet:-1","max-image-preview":"max-image-preview:large","max-video-preview":"max-video-preview:-1"},"canonical":"https:\/\/pro.dermalogica.ca\/fr\/homepage-february-2025-2\/","og_locale":"fr_FR","og_type":"article","og_title":"Le site web du th\u00e9rapeute professionnel de la peau Dermalogica","og_description":"Le site web du th\u00e9rapeute professionnel de la peau Dermalogica propose des traitements de la peau bas\u00e9s sur l'\u00e9ducation et des produits de qualit\u00e9 professionnelle.","og_url":"https:\/\/pro.dermalogica.ca\/fr\/homepage-february-2025-2\/","og_site_name":"Dermalogica Canada PRO","article_modified_time":"2025-03-09T14:11:26+00:00","og_image":[{"width":1706,"height":645,"url":"https:\/\/pro.dermalogica.ca\/wp-content\/uploads\/2020\/11\/for-professionals-banner.png","type":"image\/png"}],"twitter_card":"summary_large_image","schema":{"@context":"https:\/\/schema.org","@graph":[{"@type":"WebPage","@id":"https:\/\/pro.dermalogica.ca\/fr\/homepage-february-2025-2\/","url":"https:\/\/pro.dermalogica.ca\/fr\/homepage-february-2025-2\/","name":"Le site web du th\u00e9rapeute professionnel de la peau Dermalogica","isPartOf":{"@id":"https:\/\/pro.dermalogica.ca\/#website"},"primaryImageOfPage":{"@id":"https:\/\/pro.dermalogica.ca\/fr\/homepage-february-2025-2\/#primaryimage"},"image":{"@id":"https:\/\/pro.dermalogica.ca\/fr\/homepage-february-2025-2\/#primaryimage"},"thumbnailUrl":"https:\/\/pro.dermalogica.ca\/wp-content\/uploads\/2020\/11\/for-professionals-banner.png","datePublished":"2025-02-28T02:02:10+00:00","dateModified":"2025-03-09T14:11:26+00:00","description":"Le site web du th\u00e9rapeute professionnel de la peau Dermalogica propose des traitements de la peau bas\u00e9s sur l'\u00e9ducation et des produits de qualit\u00e9 professionnelle.","breadcrumb":{"@id":"https:\/\/pro.dermalogica.ca\/fr\/homepage-february-2025-2\/#breadcrumb"},"inLanguage":"fr-FR","potentialAction":[{"@type":"ReadAction","target":["https:\/\/pro.dermalogica.ca\/fr\/homepage-february-2025-2\/"]}]},{"@type":"ImageObject","inLanguage":"fr-FR","@id":"https:\/\/pro.dermalogica.ca\/fr\/homepage-february-2025-2\/#primaryimage","url":"https:\/\/pro.dermalogica.ca\/wp-content\/uploads\/2020\/11\/for-professionals-banner.png","contentUrl":"https:\/\/pro.dermalogica.ca\/wp-content\/uploads\/2020\/11\/for-professionals-banner.png","width":1706,"height":645},{"@type":"BreadcrumbList","@id":"https:\/\/pro.dermalogica.ca\/fr\/homepage-february-2025-2\/#breadcrumb","itemListElement":[{"@type":"ListItem","position":1,"name":"Home","item":"https:\/\/pro.dermalogica.ca\/fr\/homepage-march-2026\/"},{"@type":"ListItem","position":2,"name":"Homepage March 2025"}]},{"@type":"WebSite","@id":"https:\/\/pro.dermalogica.ca\/#website","url":"https:\/\/pro.dermalogica.ca\/","name":"Dermalogica Canada PRO","description":"Expertise brand with professional-grade products and skin treatments rooted in education","publisher":{"@id":"https:\/\/pro.dermalogica.ca\/#organization"},"potentialAction":[{"@type":"SearchAction","target":{"@type":"EntryPoint","urlTemplate":"https:\/\/pro.dermalogica.ca\/?s={search_term_string}"},"query-input":{"@type":"PropertyValueSpecification","valueRequired":true,"valueName":"search_term_string"}}],"inLanguage":"fr-FR"},{"@type":"Organization","@id":"https:\/\/pro.dermalogica.ca\/#organization","name":"Dermalogica","url":"https:\/\/pro.dermalogica.ca\/","logo":{"@type":"ImageObject","inLanguage":"fr-FR","@id":"https:\/\/pro.dermalogica.ca\/#\/schema\/logo\/image\/","url":"https:\/\/pro.dermalogica.ca\/wp-content\/uploads\/2021\/02\/dermalogica-logo_215x25.png","contentUrl":"https:\/\/pro.dermalogica.ca\/wp-content\/uploads\/2021\/02\/dermalogica-logo_215x25.png","width":214,"height":25,"caption":"Dermalogica"},"image":{"@id":"https:\/\/pro.dermalogica.ca\/#\/schema\/logo\/image\/"}}]}},"_links":{"self":[{"href":"https:\/\/pro.dermalogica.ca\/fr\/wp-json\/wp\/v2\/pages\/40010","targetHints":{"allow":["GET"]}}],"collection":[{"href":"https:\/\/pro.dermalogica.ca\/fr\/wp-json\/wp\/v2\/pages"}],"about":[{"href":"https:\/\/pro.dermalogica.ca\/fr\/wp-json\/wp\/v2\/types\/page"}],"author":[{"embeddable":true,"href":"https:\/\/pro.dermalogica.ca\/fr\/wp-json\/wp\/v2\/users\/73980"}],"replies":[{"embeddable":true,"href":"https:\/\/pro.dermalogica.ca\/fr\/wp-json\/wp\/v2\/comments?post=40010"}],"version-history":[{"count":0,"href":"https:\/\/pro.dermalogica.ca\/fr\/wp-json\/wp\/v2\/pages\/40010\/revisions"}],"wp:featuredmedia":[{"embeddable":true,"href":"https:\/\/pro.dermalogica.ca\/fr\/wp-json\/wp\/v2\/media\/37998"}],"wp:attachment":[{"href":"https:\/\/pro.dermalogica.ca\/fr\/wp-json\/wp\/v2\/media?parent=40010"}],"curies":[{"name":"wp","href":"https:\/\/api.w.org\/{rel}","templated":true}]}}