{"id":40423,"date":"2025-10-16T13:43:57","date_gmt":"2025-10-16T17:43:57","guid":{"rendered":"https:\/\/pro.dermalogica.ca\/?page_id=40423"},"modified":"2025-11-03T09:59:28","modified_gmt":"2025-11-03T14:59:28","slug":"luminfusion","status":"publish","type":"page","link":"https:\/\/pro.dermalogica.ca\/fr\/luminfusion\/","title":{"rendered":"plump peel"},"content":{"rendered":"","protected":false},"excerpt":{"rendered":"","protected":false},"author":73980,"featured_media":40201,"parent":0,"menu_order":13,"comment_status":"closed","ping_status":"closed","template":"flexible-content.php","meta":{"_acf_changed":false,"inline_featured_image":false,"footnotes":""},"class_list":["post-40423","page","type-page","status-publish","has-post-thumbnail","hentry"],"acf":[],"yoast_head":"<!-- This site is optimized with the Yoast SEO plugin v24.3 - https:\/\/yoast.com\/wordpress\/plugins\/seo\/ -->\n<title>Plump Peel - Peeling chimique sans gel<\/title>\n<meta name=\"description\" content=\"Une nouvelle g\u00e9n\u00e9ration de peeling qui \u00e9nergise et hydrate la peau sans provoquer de desquamation visible.\" \/>\n<meta name=\"robots\" content=\"index, follow, max-snippet:-1, max-image-preview:large, max-video-preview:-1\" \/>\n<link rel=\"canonical\" href=\"https:\/\/pro.dermalogica.ca\/fr\/luminfusion\/\" \/>\n<meta property=\"og:locale\" content=\"fr_FR\" \/>\n<meta property=\"og:type\" content=\"article\" \/>\n<meta property=\"og:title\" content=\"Pro Power Eye Peel\" \/>\n<meta property=\"og:description\" content=\"Sp\u00e9cialement con\u00e7u pour traiter le contour des yeux et les pattes d&#039;oie, notre nouveau Pro Power Eye Peel est un patch concentr\u00e9 pour les yeux qui exfolie et hydrate en une seule \u00e9tape.\" \/>\n<meta property=\"og:url\" content=\"https:\/\/pro.dermalogica.ca\/fr\/luminfusion\/\" \/>\n<meta property=\"og:site_name\" content=\"Dermalogica Canada PRO\" \/>\n<meta property=\"article:modified_time\" content=\"2025-11-03T14:59:28+00:00\" \/>\n<meta property=\"og:image\" content=\"https:\/\/pro.dermalogica.ca\/wp-content\/uploads\/2021\/02\/eye-scaled.jpg\" \/>\n<meta name=\"twitter:card\" content=\"summary_large_image\" \/>\n<meta name=\"twitter:title\" content=\"Pro Power Eye Peel\" \/>\n<meta name=\"twitter:description\" content=\"Sp\u00e9cialement con\u00e7u pour traiter le contour des yeux et les pattes d&#039;oie, notre nouveau Pro Power Eye Peel est un patch concentr\u00e9 pour les yeux qui exfolie et hydrate en une seule \u00e9tape.\" \/>\n<meta name=\"twitter:image\" content=\"https:\/\/pro.dermalogica.ca\/wp-content\/uploads\/2021\/02\/eye-scaled.jpg\" \/>\n<script type=\"application\/ld+json\" class=\"yoast-schema-graph\">{\"@context\":\"https:\/\/schema.org\",\"@graph\":[{\"@type\":\"WebPage\",\"@id\":\"https:\/\/pro.dermalogica.ca\/fr\/luminfusion\/\",\"url\":\"https:\/\/pro.dermalogica.ca\/fr\/luminfusion\/\",\"name\":\"Plump Peel - Peeling chimique sans gel\",\"isPartOf\":{\"@id\":\"https:\/\/pro.dermalogica.ca\/#website\"},\"primaryImageOfPage\":{\"@id\":\"https:\/\/pro.dermalogica.ca\/fr\/luminfusion\/#primaryimage\"},\"image\":{\"@id\":\"https:\/\/pro.dermalogica.ca\/fr\/luminfusion\/#primaryimage\"},\"thumbnailUrl\":\"https:\/\/pro.dermalogica.ca\/wp-content\/uploads\/2025\/03\/Luminfusion_Banner.jpg\",\"datePublished\":\"2025-10-16T17:43:57+00:00\",\"dateModified\":\"2025-11-03T14:59:28+00:00\",\"description\":\"Une nouvelle g\u00e9n\u00e9ration de peeling qui \u00e9nergise et hydrate la peau sans provoquer de desquamation visible.\",\"breadcrumb\":{\"@id\":\"https:\/\/pro.dermalogica.ca\/fr\/luminfusion\/#breadcrumb\"},\"inLanguage\":\"fr-FR\",\"potentialAction\":[{\"@type\":\"ReadAction\",\"target\":[\"https:\/\/pro.dermalogica.ca\/fr\/luminfusion\/\"]}]},{\"@type\":\"ImageObject\",\"inLanguage\":\"fr-FR\",\"@id\":\"https:\/\/pro.dermalogica.ca\/fr\/luminfusion\/#primaryimage\",\"url\":\"https:\/\/pro.dermalogica.ca\/wp-content\/uploads\/2025\/03\/Luminfusion_Banner.jpg\",\"contentUrl\":\"https:\/\/pro.dermalogica.ca\/wp-content\/uploads\/2025\/03\/Luminfusion_Banner.jpg\",\"width\":1706,\"height\":645},{\"@type\":\"BreadcrumbList\",\"@id\":\"https:\/\/pro.dermalogica.ca\/fr\/luminfusion\/#breadcrumb\",\"itemListElement\":[{\"@type\":\"ListItem\",\"position\":1,\"name\":\"Home\",\"item\":\"https:\/\/pro.dermalogica.ca\/fr\/homepage-march-2026\/\"},{\"@type\":\"ListItem\",\"position\":2,\"name\":\"plump peel\"}]},{\"@type\":\"WebSite\",\"@id\":\"https:\/\/pro.dermalogica.ca\/#website\",\"url\":\"https:\/\/pro.dermalogica.ca\/\",\"name\":\"Dermalogica Canada PRO\",\"description\":\"Expertise brand with professional-grade products and skin treatments rooted in education\",\"publisher\":{\"@id\":\"https:\/\/pro.dermalogica.ca\/#organization\"},\"potentialAction\":[{\"@type\":\"SearchAction\",\"target\":{\"@type\":\"EntryPoint\",\"urlTemplate\":\"https:\/\/pro.dermalogica.ca\/?s={search_term_string}\"},\"query-input\":{\"@type\":\"PropertyValueSpecification\",\"valueRequired\":true,\"valueName\":\"search_term_string\"}}],\"inLanguage\":\"fr-FR\"},{\"@type\":\"Organization\",\"@id\":\"https:\/\/pro.dermalogica.ca\/#organization\",\"name\":\"Dermalogica\",\"url\":\"https:\/\/pro.dermalogica.ca\/\",\"logo\":{\"@type\":\"ImageObject\",\"inLanguage\":\"fr-FR\",\"@id\":\"https:\/\/pro.dermalogica.ca\/#\/schema\/logo\/image\/\",\"url\":\"https:\/\/pro.dermalogica.ca\/wp-content\/uploads\/2021\/02\/dermalogica-logo_215x25.png\",\"contentUrl\":\"https:\/\/pro.dermalogica.ca\/wp-content\/uploads\/2021\/02\/dermalogica-logo_215x25.png\",\"width\":214,\"height\":25,\"caption\":\"Dermalogica\"},\"image\":{\"@id\":\"https:\/\/pro.dermalogica.ca\/#\/schema\/logo\/image\/\"}}]}<\/script>\n<!-- \/ Yoast SEO plugin. -->","yoast_head_json":{"title":"Plump Peel - Peeling chimique sans gel","description":"Une nouvelle g\u00e9n\u00e9ration de peeling qui \u00e9nergise et hydrate la peau sans provoquer de desquamation visible.","robots":{"index":"index","follow":"follow","max-snippet":"max-snippet:-1","max-image-preview":"max-image-preview:large","max-video-preview":"max-video-preview:-1"},"canonical":"https:\/\/pro.dermalogica.ca\/fr\/luminfusion\/","og_locale":"fr_FR","og_type":"article","og_title":"Pro Power Eye Peel","og_description":"Sp\u00e9cialement con\u00e7u pour traiter le contour des yeux et les pattes d'oie, notre nouveau Pro Power Eye Peel est un patch concentr\u00e9 pour les yeux qui exfolie et hydrate en une seule \u00e9tape.","og_url":"https:\/\/pro.dermalogica.ca\/fr\/luminfusion\/","og_site_name":"Dermalogica Canada PRO","article_modified_time":"2025-11-03T14:59:28+00:00","og_image":[{"url":"https:\/\/pro.dermalogica.ca\/wp-content\/uploads\/2021\/02\/eye-scaled.jpg","type":"","width":"","height":""}],"twitter_card":"summary_large_image","twitter_title":"Pro Power Eye Peel","twitter_description":"Sp\u00e9cialement con\u00e7u pour traiter le contour des yeux et les pattes d'oie, notre nouveau Pro Power Eye Peel est un patch concentr\u00e9 pour les yeux qui exfolie et hydrate en une seule \u00e9tape.","twitter_image":"https:\/\/pro.dermalogica.ca\/wp-content\/uploads\/2021\/02\/eye-scaled.jpg","schema":{"@context":"https:\/\/schema.org","@graph":[{"@type":"WebPage","@id":"https:\/\/pro.dermalogica.ca\/fr\/luminfusion\/","url":"https:\/\/pro.dermalogica.ca\/fr\/luminfusion\/","name":"Plump Peel - Peeling chimique sans gel","isPartOf":{"@id":"https:\/\/pro.dermalogica.ca\/#website"},"primaryImageOfPage":{"@id":"https:\/\/pro.dermalogica.ca\/fr\/luminfusion\/#primaryimage"},"image":{"@id":"https:\/\/pro.dermalogica.ca\/fr\/luminfusion\/#primaryimage"},"thumbnailUrl":"https:\/\/pro.dermalogica.ca\/wp-content\/uploads\/2025\/03\/Luminfusion_Banner.jpg","datePublished":"2025-10-16T17:43:57+00:00","dateModified":"2025-11-03T14:59:28+00:00","description":"Une nouvelle g\u00e9n\u00e9ration de peeling qui \u00e9nergise et hydrate la peau sans provoquer de desquamation visible.","breadcrumb":{"@id":"https:\/\/pro.dermalogica.ca\/fr\/luminfusion\/#breadcrumb"},"inLanguage":"fr-FR","potentialAction":[{"@type":"ReadAction","target":["https:\/\/pro.dermalogica.ca\/fr\/luminfusion\/"]}]},{"@type":"ImageObject","inLanguage":"fr-FR","@id":"https:\/\/pro.dermalogica.ca\/fr\/luminfusion\/#primaryimage","url":"https:\/\/pro.dermalogica.ca\/wp-content\/uploads\/2025\/03\/Luminfusion_Banner.jpg","contentUrl":"https:\/\/pro.dermalogica.ca\/wp-content\/uploads\/2025\/03\/Luminfusion_Banner.jpg","width":1706,"height":645},{"@type":"BreadcrumbList","@id":"https:\/\/pro.dermalogica.ca\/fr\/luminfusion\/#breadcrumb","itemListElement":[{"@type":"ListItem","position":1,"name":"Home","item":"https:\/\/pro.dermalogica.ca\/fr\/homepage-march-2026\/"},{"@type":"ListItem","position":2,"name":"plump peel"}]},{"@type":"WebSite","@id":"https:\/\/pro.dermalogica.ca\/#website","url":"https:\/\/pro.dermalogica.ca\/","name":"Dermalogica Canada PRO","description":"Expertise brand with professional-grade products and skin treatments rooted in education","publisher":{"@id":"https:\/\/pro.dermalogica.ca\/#organization"},"potentialAction":[{"@type":"SearchAction","target":{"@type":"EntryPoint","urlTemplate":"https:\/\/pro.dermalogica.ca\/?s={search_term_string}"},"query-input":{"@type":"PropertyValueSpecification","valueRequired":true,"valueName":"search_term_string"}}],"inLanguage":"fr-FR"},{"@type":"Organization","@id":"https:\/\/pro.dermalogica.ca\/#organization","name":"Dermalogica","url":"https:\/\/pro.dermalogica.ca\/","logo":{"@type":"ImageObject","inLanguage":"fr-FR","@id":"https:\/\/pro.dermalogica.ca\/#\/schema\/logo\/image\/","url":"https:\/\/pro.dermalogica.ca\/wp-content\/uploads\/2021\/02\/dermalogica-logo_215x25.png","contentUrl":"https:\/\/pro.dermalogica.ca\/wp-content\/uploads\/2021\/02\/dermalogica-logo_215x25.png","width":214,"height":25,"caption":"Dermalogica"},"image":{"@id":"https:\/\/pro.dermalogica.ca\/#\/schema\/logo\/image\/"}}]}},"_links":{"self":[{"href":"https:\/\/pro.dermalogica.ca\/fr\/wp-json\/wp\/v2\/pages\/40423","targetHints":{"allow":["GET"]}}],"collection":[{"href":"https:\/\/pro.dermalogica.ca\/fr\/wp-json\/wp\/v2\/pages"}],"about":[{"href":"https:\/\/pro.dermalogica.ca\/fr\/wp-json\/wp\/v2\/types\/page"}],"author":[{"embeddable":true,"href":"https:\/\/pro.dermalogica.ca\/fr\/wp-json\/wp\/v2\/users\/73980"}],"replies":[{"embeddable":true,"href":"https:\/\/pro.dermalogica.ca\/fr\/wp-json\/wp\/v2\/comments?post=40423"}],"version-history":[{"count":0,"href":"https:\/\/pro.dermalogica.ca\/fr\/wp-json\/wp\/v2\/pages\/40423\/revisions"}],"wp:featuredmedia":[{"embeddable":true,"href":"https:\/\/pro.dermalogica.ca\/fr\/wp-json\/wp\/v2\/media\/40201"}],"wp:attachment":[{"href":"https:\/\/pro.dermalogica.ca\/fr\/wp-json\/wp\/v2\/media?parent=40423"}],"curies":[{"name":"wp","href":"https:\/\/api.w.org\/{rel}","templated":true}]}}