{"id":40750,"date":"2026-03-06T10:30:13","date_gmt":"2026-03-06T15:30:13","guid":{"rendered":"https:\/\/pro.dermalogica.ca\/pro-collagen-banking-water-cream\/"},"modified":"2026-03-06T19:18:15","modified_gmt":"2026-03-07T00:18:15","slug":"pro-collagen-banking-water-cream","status":"publish","type":"page","link":"https:\/\/pro.dermalogica.ca\/fr\/pro-collagen-banking-water-cream\/","title":{"rendered":"pro-collagen banking water cream"},"content":{"rendered":"","protected":false},"excerpt":{"rendered":"","protected":false},"author":74760,"featured_media":0,"parent":0,"menu_order":13,"comment_status":"closed","ping_status":"closed","template":"flexible-content.php","meta":{"_acf_changed":false,"inline_featured_image":false,"footnotes":""},"class_list":["post-40750","page","type-page","status-publish","hentry"],"acf":[],"yoast_head":"<!-- This site is optimized with the Yoast SEO plugin v24.3 - https:\/\/yoast.com\/wordpress\/plugins\/seo\/ -->\n<title>cr\u00e8me d&#039;eau bancaire pro-collag\u00e8ne<\/title>\n<meta name=\"description\" content=\"La cr\u00e8me d&#039;eau bancaire pro-collag\u00e8ne est un hydratant con\u00e7u pour aider \u00e0 pr\u00e9server le collag\u00e8ne et l&#039;\u00e9lastine tout en favorisant une fermet\u00e9 visible.\" \/>\n<meta name=\"robots\" content=\"index, follow, max-snippet:-1, max-image-preview:large, max-video-preview:-1\" \/>\n<link rel=\"canonical\" href=\"https:\/\/pro.dermalogica.ca\/fr\/pro-collagen-banking-water-cream\/\" \/>\n<meta property=\"og:locale\" content=\"fr_FR\" \/>\n<meta property=\"og:type\" content=\"article\" \/>\n<meta property=\"og:title\" content=\"cr\u00e8me d&#039;eau bancaire pro-collag\u00e8ne\" \/>\n<meta property=\"og:description\" content=\"La cr\u00e8me d&#039;eau bancaire pro-collag\u00e8ne est un hydratant con\u00e7u pour aider \u00e0 pr\u00e9server le collag\u00e8ne et l&#039;\u00e9lastine tout en favorisant une fermet\u00e9 visible.\" \/>\n<meta property=\"og:url\" content=\"https:\/\/pro.dermalogica.ca\/fr\/pro-collagen-banking-water-cream\/\" \/>\n<meta property=\"og:site_name\" content=\"Dermalogica Canada PRO\" \/>\n<meta property=\"article:modified_time\" content=\"2026-03-07T00:18:15+00:00\" \/>\n<meta name=\"twitter:card\" content=\"summary_large_image\" \/>\n<meta name=\"twitter:title\" content=\"Pro Power Eye Peel\" \/>\n<meta name=\"twitter:description\" content=\"Sp\u00e9cialement con\u00e7u pour traiter le contour des yeux et les pattes d&#039;oie, notre nouveau Pro Power Eye Peel est un patch concentr\u00e9 pour les yeux qui exfolie et hydrate en une seule \u00e9tape.\" \/>\n<meta name=\"twitter:image\" content=\"https:\/\/pro.dermalogica.ca\/wp-content\/uploads\/2021\/02\/eye-scaled.jpg\" \/>\n<script type=\"application\/ld+json\" class=\"yoast-schema-graph\">{\"@context\":\"https:\/\/schema.org\",\"@graph\":[{\"@type\":\"WebPage\",\"@id\":\"https:\/\/pro.dermalogica.ca\/fr\/pro-collagen-banking-water-cream\/\",\"url\":\"https:\/\/pro.dermalogica.ca\/fr\/pro-collagen-banking-water-cream\/\",\"name\":\"cr\u00e8me d'eau bancaire pro-collag\u00e8ne\",\"isPartOf\":{\"@id\":\"https:\/\/pro.dermalogica.ca\/#website\"},\"datePublished\":\"2026-03-06T15:30:13+00:00\",\"dateModified\":\"2026-03-07T00:18:15+00:00\",\"description\":\"La cr\u00e8me d'eau bancaire pro-collag\u00e8ne est un hydratant con\u00e7u pour aider \u00e0 pr\u00e9server le collag\u00e8ne et l'\u00e9lastine tout en favorisant une fermet\u00e9 visible.\",\"breadcrumb\":{\"@id\":\"https:\/\/pro.dermalogica.ca\/fr\/pro-collagen-banking-water-cream\/#breadcrumb\"},\"inLanguage\":\"fr-FR\",\"potentialAction\":[{\"@type\":\"ReadAction\",\"target\":[\"https:\/\/pro.dermalogica.ca\/fr\/pro-collagen-banking-water-cream\/\"]}]},{\"@type\":\"BreadcrumbList\",\"@id\":\"https:\/\/pro.dermalogica.ca\/fr\/pro-collagen-banking-water-cream\/#breadcrumb\",\"itemListElement\":[{\"@type\":\"ListItem\",\"position\":1,\"name\":\"Home\",\"item\":\"https:\/\/pro.dermalogica.ca\/fr\/homepage-march-2026\/\"},{\"@type\":\"ListItem\",\"position\":2,\"name\":\"pro-collagen banking water cream\"}]},{\"@type\":\"WebSite\",\"@id\":\"https:\/\/pro.dermalogica.ca\/#website\",\"url\":\"https:\/\/pro.dermalogica.ca\/\",\"name\":\"Dermalogica Canada PRO\",\"description\":\"Expertise brand with professional-grade products and skin treatments rooted in education\",\"publisher\":{\"@id\":\"https:\/\/pro.dermalogica.ca\/#organization\"},\"potentialAction\":[{\"@type\":\"SearchAction\",\"target\":{\"@type\":\"EntryPoint\",\"urlTemplate\":\"https:\/\/pro.dermalogica.ca\/?s={search_term_string}\"},\"query-input\":{\"@type\":\"PropertyValueSpecification\",\"valueRequired\":true,\"valueName\":\"search_term_string\"}}],\"inLanguage\":\"fr-FR\"},{\"@type\":\"Organization\",\"@id\":\"https:\/\/pro.dermalogica.ca\/#organization\",\"name\":\"Dermalogica\",\"url\":\"https:\/\/pro.dermalogica.ca\/\",\"logo\":{\"@type\":\"ImageObject\",\"inLanguage\":\"fr-FR\",\"@id\":\"https:\/\/pro.dermalogica.ca\/#\/schema\/logo\/image\/\",\"url\":\"https:\/\/pro.dermalogica.ca\/wp-content\/uploads\/2021\/02\/dermalogica-logo_215x25.png\",\"contentUrl\":\"https:\/\/pro.dermalogica.ca\/wp-content\/uploads\/2021\/02\/dermalogica-logo_215x25.png\",\"width\":214,\"height\":25,\"caption\":\"Dermalogica\"},\"image\":{\"@id\":\"https:\/\/pro.dermalogica.ca\/#\/schema\/logo\/image\/\"}}]}<\/script>\n<!-- \/ Yoast SEO plugin. -->","yoast_head_json":{"title":"cr\u00e8me d'eau bancaire pro-collag\u00e8ne","description":"La cr\u00e8me d'eau bancaire pro-collag\u00e8ne est un hydratant con\u00e7u pour aider \u00e0 pr\u00e9server le collag\u00e8ne et l'\u00e9lastine tout en favorisant une fermet\u00e9 visible.","robots":{"index":"index","follow":"follow","max-snippet":"max-snippet:-1","max-image-preview":"max-image-preview:large","max-video-preview":"max-video-preview:-1"},"canonical":"https:\/\/pro.dermalogica.ca\/fr\/pro-collagen-banking-water-cream\/","og_locale":"fr_FR","og_type":"article","og_title":"cr\u00e8me d'eau bancaire pro-collag\u00e8ne","og_description":"La cr\u00e8me d'eau bancaire pro-collag\u00e8ne est un hydratant con\u00e7u pour aider \u00e0 pr\u00e9server le collag\u00e8ne et l'\u00e9lastine tout en favorisant une fermet\u00e9 visible.","og_url":"https:\/\/pro.dermalogica.ca\/fr\/pro-collagen-banking-water-cream\/","og_site_name":"Dermalogica Canada PRO","article_modified_time":"2026-03-07T00:18:15+00:00","twitter_card":"summary_large_image","twitter_title":"Pro Power Eye Peel","twitter_description":"Sp\u00e9cialement con\u00e7u pour traiter le contour des yeux et les pattes d'oie, notre nouveau Pro Power Eye Peel est un patch concentr\u00e9 pour les yeux qui exfolie et hydrate en une seule \u00e9tape.","twitter_image":"https:\/\/pro.dermalogica.ca\/wp-content\/uploads\/2021\/02\/eye-scaled.jpg","schema":{"@context":"https:\/\/schema.org","@graph":[{"@type":"WebPage","@id":"https:\/\/pro.dermalogica.ca\/fr\/pro-collagen-banking-water-cream\/","url":"https:\/\/pro.dermalogica.ca\/fr\/pro-collagen-banking-water-cream\/","name":"cr\u00e8me d'eau bancaire pro-collag\u00e8ne","isPartOf":{"@id":"https:\/\/pro.dermalogica.ca\/#website"},"datePublished":"2026-03-06T15:30:13+00:00","dateModified":"2026-03-07T00:18:15+00:00","description":"La cr\u00e8me d'eau bancaire pro-collag\u00e8ne est un hydratant con\u00e7u pour aider \u00e0 pr\u00e9server le collag\u00e8ne et l'\u00e9lastine tout en favorisant une fermet\u00e9 visible.","breadcrumb":{"@id":"https:\/\/pro.dermalogica.ca\/fr\/pro-collagen-banking-water-cream\/#breadcrumb"},"inLanguage":"fr-FR","potentialAction":[{"@type":"ReadAction","target":["https:\/\/pro.dermalogica.ca\/fr\/pro-collagen-banking-water-cream\/"]}]},{"@type":"BreadcrumbList","@id":"https:\/\/pro.dermalogica.ca\/fr\/pro-collagen-banking-water-cream\/#breadcrumb","itemListElement":[{"@type":"ListItem","position":1,"name":"Home","item":"https:\/\/pro.dermalogica.ca\/fr\/homepage-march-2026\/"},{"@type":"ListItem","position":2,"name":"pro-collagen banking water cream"}]},{"@type":"WebSite","@id":"https:\/\/pro.dermalogica.ca\/#website","url":"https:\/\/pro.dermalogica.ca\/","name":"Dermalogica Canada PRO","description":"Expertise brand with professional-grade products and skin treatments rooted in education","publisher":{"@id":"https:\/\/pro.dermalogica.ca\/#organization"},"potentialAction":[{"@type":"SearchAction","target":{"@type":"EntryPoint","urlTemplate":"https:\/\/pro.dermalogica.ca\/?s={search_term_string}"},"query-input":{"@type":"PropertyValueSpecification","valueRequired":true,"valueName":"search_term_string"}}],"inLanguage":"fr-FR"},{"@type":"Organization","@id":"https:\/\/pro.dermalogica.ca\/#organization","name":"Dermalogica","url":"https:\/\/pro.dermalogica.ca\/","logo":{"@type":"ImageObject","inLanguage":"fr-FR","@id":"https:\/\/pro.dermalogica.ca\/#\/schema\/logo\/image\/","url":"https:\/\/pro.dermalogica.ca\/wp-content\/uploads\/2021\/02\/dermalogica-logo_215x25.png","contentUrl":"https:\/\/pro.dermalogica.ca\/wp-content\/uploads\/2021\/02\/dermalogica-logo_215x25.png","width":214,"height":25,"caption":"Dermalogica"},"image":{"@id":"https:\/\/pro.dermalogica.ca\/#\/schema\/logo\/image\/"}}]}},"_links":{"self":[{"href":"https:\/\/pro.dermalogica.ca\/fr\/wp-json\/wp\/v2\/pages\/40750","targetHints":{"allow":["GET"]}}],"collection":[{"href":"https:\/\/pro.dermalogica.ca\/fr\/wp-json\/wp\/v2\/pages"}],"about":[{"href":"https:\/\/pro.dermalogica.ca\/fr\/wp-json\/wp\/v2\/types\/page"}],"author":[{"embeddable":true,"href":"https:\/\/pro.dermalogica.ca\/fr\/wp-json\/wp\/v2\/users\/74760"}],"replies":[{"embeddable":true,"href":"https:\/\/pro.dermalogica.ca\/fr\/wp-json\/wp\/v2\/comments?post=40750"}],"version-history":[{"count":0,"href":"https:\/\/pro.dermalogica.ca\/fr\/wp-json\/wp\/v2\/pages\/40750\/revisions"}],"wp:attachment":[{"href":"https:\/\/pro.dermalogica.ca\/fr\/wp-json\/wp\/v2\/media?parent=40750"}],"curies":[{"name":"wp","href":"https:\/\/api.w.org\/{rel}","templated":true}]}}